{"id":27128,"date":"2025-06-24T08:16:42","date_gmt":"2025-06-24T12:16:42","guid":{"rendered":"http:\/\/www.multicasa.com.br\/cuiaba\/?page_id=27128"},"modified":"2025-07-13T20:03:06","modified_gmt":"2025-07-14T00:03:06","slug":"carrinho-2","status":"publish","type":"page","link":"https:\/\/www.multicasa.com.br\/cuiaba\/carrinho-2\/","title":{"rendered":"Carrinho"},"content":{"rendered":"\t\t<div data-elementor-type=\"wp-page\" data-elementor-id=\"27128\" class=\"elementor elementor-27128\" data-elementor-post-type=\"page\">\n\t\t\t\t<div class=\"elementor-element elementor-element-79ce413 e-flex e-con-boxed e-con e-parent\" data-id=\"79ce413\" data-element_type=\"container\">\n\t\t\t\t\t<div class=\"e-con-inner\">\n\t\t\t\t\t<\/div>\n\t\t\t\t<\/div>\n\t\t\t\t<\/div>\n\t\t","protected":false},"excerpt":{"rendered":"<p>Remover item Imagem de miniatura Produto Pre\u00e7o Quantidade Subtotal &times; A\u00e7ucareiro de A\u00e7o Inox com Colher Uny Home &#82;&#36;&nbsp;49,90 A\u00e7ucareiro de A\u00e7o Inox com Colher Uny Home quantidade &#82;&#36;&nbsp;99,80 &times; \u00d3leo Lubrificante Multiuso Singer 100g &#82;&#36;&nbsp;11,90 \u00d3leo Lubrificante Multiuso Singer 100g quantidade &#82;&#36;&nbsp;35,70 &times; Abra\u00e7adeira de Pl\u00e1stico para Varal de Teto Secalux 4 Unidades &#82;&#36;&nbsp;7,90 [&hellip;]<\/p>\n","protected":false},"author":1,"featured_media":0,"parent":0,"menu_order":0,"comment_status":"closed","ping_status":"closed","template":"","meta":{"_joinchat":[],"footnotes":""},"class_list":["post-27128","page","type-page","status-publish","hentry"],"_links":{"self":[{"href":"https:\/\/www.multicasa.com.br\/cuiaba\/wp-json\/wp\/v2\/pages\/27128","targetHints":{"allow":["GET"]}}],"collection":[{"href":"https:\/\/www.multicasa.com.br\/cuiaba\/wp-json\/wp\/v2\/pages"}],"about":[{"href":"https:\/\/www.multicasa.com.br\/cuiaba\/wp-json\/wp\/v2\/types\/page"}],"author":[{"embeddable":true,"href":"https:\/\/www.multicasa.com.br\/cuiaba\/wp-json\/wp\/v2\/users\/1"}],"replies":[{"embeddable":true,"href":"https:\/\/www.multicasa.com.br\/cuiaba\/wp-json\/wp\/v2\/comments?post=27128"}],"version-history":[{"count":11,"href":"https:\/\/www.multicasa.com.br\/cuiaba\/wp-json\/wp\/v2\/pages\/27128\/revisions"}],"predecessor-version":[{"id":27943,"href":"https:\/\/www.multicasa.com.br\/cuiaba\/wp-json\/wp\/v2\/pages\/27128\/revisions\/27943"}],"wp:attachment":[{"href":"https:\/\/www.multicasa.com.br\/cuiaba\/wp-json\/wp\/v2\/media?parent=27128"}],"curies":[{"name":"wp","href":"https:\/\/api.w.org\/{rel}","templated":true}]}}