{"id":10060,"date":"2025-06-20T17:51:04","date_gmt":"2025-06-20T21:51:04","guid":{"rendered":"http:\/\/www.multicasa.com.br\/cuiaba\/?post_type=product&#038;p=10060"},"modified":"2026-04-18T10:00:26","modified_gmt":"2026-04-18T14:00:26","slug":"modulo-interruptor-1tp-liz-branco-tramontina-10a-57115-008","status":"publish","type":"product","link":"https:\/\/www.multicasa.com.br\/cuiaba\/produto\/modulo-interruptor-1tp-liz-branco-tramontina-10a-57115-008\/","title":{"rendered":"M\u00f3dulo Interruptor 1TP Liz Branco Tramontina 10A 57115\/008<br>SKU: 2157165"},"content":{"rendered":"<p>O M\u00f3dulo Interruptor 1TP Liz Tramontina \u00e9 produzido em pl\u00e1stico branco com acabamento de alto brilho que n\u00e3o ret\u00e9m poeira e seus componentes s\u00e3o em metal. O interruptor paralelo \u00e9 indicado para correntes de 10a e tens\u00e3o m\u00e1xima de 250v. Pode ser apertado dos dois lados.<\/p>\n","protected":false},"excerpt":{"rendered":"<h4 style=\"margin: 0px;padding: 0px 0px 16px;font-family: Lato, sans-serif;font-weight: bold;line-height: 3rem;color: var(--dark-grey3);font-size: 22px;font-style: normal;letter-spacing: normal;text-align: start;text-indent: 0px;text-transform: none\">Informa\u00e7\u00f5es t\u00e9cnicas<\/h4>\n<p><span style=\"margin: 0px;padding: 0px;font-weight: 450;font-size: 14px;line-height: 21px;color: var(--dark-grey2);font-family: Lato, sans-serif;font-style: normal;letter-spacing: normal;text-align: start;text-indent: 0px;text-transform: none\">Produto: M\u00f3dulo Interruptor<br \/>\nMarca: Tramontina<br \/>\nMaterial: Pl\u00e1stico nylon, termopl\u00e1stico<br \/>\nAcabamento: Brilhoso<br \/>\nCor: Branco<br \/>\nCaracter\u00edsticas: 1TP, para corrente de 10A, tens\u00e3o m\u00e1xima de 250v<br \/>\nItens inclusos: 1 m\u00f3dulo Interruptor<br \/>\nDimens\u00f5es do produto (A X L): 3,5 x 4,5cm<br \/>\nPeso do produto: 15g<\/span><\/p>\n","protected":false},"featured_media":10136,"template":"","meta":{"_joinchat":[]},"product_brand":[],"product_cat":[144],"product_tag":[],"class_list":{"0":"post-10060","1":"product","2":"type-product","3":"status-publish","4":"has-post-thumbnail","6":"product_cat-tomadas-e-cia","8":"first","9":"instock","10":"shipping-taxable","11":"purchasable","12":"product-type-simple"},"_links":{"self":[{"href":"https:\/\/www.multicasa.com.br\/cuiaba\/wp-json\/wp\/v2\/product\/10060","targetHints":{"allow":["GET"]}}],"collection":[{"href":"https:\/\/www.multicasa.com.br\/cuiaba\/wp-json\/wp\/v2\/product"}],"about":[{"href":"https:\/\/www.multicasa.com.br\/cuiaba\/wp-json\/wp\/v2\/types\/product"}],"wp:featuredmedia":[{"embeddable":true,"href":"https:\/\/www.multicasa.com.br\/cuiaba\/wp-json\/wp\/v2\/media\/10136"}],"wp:attachment":[{"href":"https:\/\/www.multicasa.com.br\/cuiaba\/wp-json\/wp\/v2\/media?parent=10060"}],"wp:term":[{"taxonomy":"product_brand","embeddable":true,"href":"https:\/\/www.multicasa.com.br\/cuiaba\/wp-json\/wp\/v2\/product_brand?post=10060"},{"taxonomy":"product_cat","embeddable":true,"href":"https:\/\/www.multicasa.com.br\/cuiaba\/wp-json\/wp\/v2\/product_cat?post=10060"},{"taxonomy":"product_tag","embeddable":true,"href":"https:\/\/www.multicasa.com.br\/cuiaba\/wp-json\/wp\/v2\/product_tag?post=10060"}],"curies":[{"name":"wp","href":"https:\/\/api.w.org\/{rel}","templated":true}]}}