{"id":10061,"date":"2025-06-20T17:51:04","date_gmt":"2025-06-20T21:51:04","guid":{"rendered":"http:\/\/www.multicasa.com.br\/cuiaba\/?post_type=product&#038;p=10061"},"modified":"2025-08-30T11:33:50","modified_gmt":"2025-08-30T15:33:50","slug":"vela-esterilizante-para-filtro-carvao-ativado-oasis","status":"publish","type":"product","link":"https:\/\/www.multicasa.com.br\/cuiaba\/produto\/vela-esterilizante-para-filtro-carvao-ativado-oasis\/","title":{"rendered":"Vela Esterilizante para Filtro Carv\u00e3o Ativado O\u00e1sis<br>SKU: 2158831"},"content":{"rendered":"<p>A Vela Esterilizante para Filtro Carv\u00e3o Ativado da O\u00e1sis \u00e9 fabricada com mat\u00e9ria-prima de qualidade, garantindo total higiene e mantendo um fluxo de filtragem satisfat\u00f3rio para seus consumidores. Deixa a \u00e1gua pr\u00f3pria para o consumo. Eleva o PH da \u00e1gua deixando-a alcalina, retira gostos e odores e diminui o cloro livre.<\/p>\n","protected":false},"excerpt":{"rendered":"<h4 style=\"margin: 0px;padding: 0px 0px 16px;font-family: Lato, sans-serif;font-weight: bold;line-height: 3rem;color: var(--dark-grey3);font-size: 22px;font-style: normal;letter-spacing: normal;text-align: start;text-indent: 0px;text-transform: none\">Informa\u00e7\u00f5es t\u00e9cnicas<\/h4>\n<p><span style=\"margin: 0px;padding: 0px;font-weight: 450;font-size: 14px;line-height: 21px;color: var(--dark-grey2);font-family: Lato, sans-serif;font-style: normal;letter-spacing: normal;text-align: start;text-indent: 0px;text-transform: none\">Produto: Vela Filtro<br \/>\nMarca: O\u00e1sis                                                                                                                                                          Modelo: Carv\u00e3o ativado<br \/>\nMaterial: Caulim, PS, PVC, hot melt, carv\u00e3o ativado, a\u00e7o inox<br \/>\nCor: Branca<br \/>\nCaracter\u00edsticas: Compat\u00edvel para filtros de gravidade<br \/>\nItens inclusos: 1 Vela Filtro com 2 porcas e 1 arruela<br \/>\nDimens\u00f5es do produto (A X L X P): 13 x 6 x 6cm<br \/>\nPeso: 0,20kg<\/span><\/p>\n","protected":false},"featured_media":10137,"template":"","meta":{"_joinchat":[]},"product_brand":[],"product_cat":[67],"product_tag":[],"class_list":{"0":"post-10061","1":"product","2":"type-product","3":"status-publish","4":"has-post-thumbnail","6":"product_cat-torneiras-e-cia","8":"first","9":"instock","10":"shipping-taxable","11":"purchasable","12":"product-type-simple"},"_links":{"self":[{"href":"https:\/\/www.multicasa.com.br\/cuiaba\/wp-json\/wp\/v2\/product\/10061","targetHints":{"allow":["GET"]}}],"collection":[{"href":"https:\/\/www.multicasa.com.br\/cuiaba\/wp-json\/wp\/v2\/product"}],"about":[{"href":"https:\/\/www.multicasa.com.br\/cuiaba\/wp-json\/wp\/v2\/types\/product"}],"wp:featuredmedia":[{"embeddable":true,"href":"https:\/\/www.multicasa.com.br\/cuiaba\/wp-json\/wp\/v2\/media\/10137"}],"wp:attachment":[{"href":"https:\/\/www.multicasa.com.br\/cuiaba\/wp-json\/wp\/v2\/media?parent=10061"}],"wp:term":[{"taxonomy":"product_brand","embeddable":true,"href":"https:\/\/www.multicasa.com.br\/cuiaba\/wp-json\/wp\/v2\/product_brand?post=10061"},{"taxonomy":"product_cat","embeddable":true,"href":"https:\/\/www.multicasa.com.br\/cuiaba\/wp-json\/wp\/v2\/product_cat?post=10061"},{"taxonomy":"product_tag","embeddable":true,"href":"https:\/\/www.multicasa.com.br\/cuiaba\/wp-json\/wp\/v2\/product_tag?post=10061"}],"curies":[{"name":"wp","href":"https:\/\/api.w.org\/{rel}","templated":true}]}}