{"id":10099,"date":"2025-06-20T17:51:28","date_gmt":"2025-06-20T21:51:28","guid":{"rendered":"http:\/\/www.multicasa.com.br\/cuiaba\/?post_type=product&#038;p=10099"},"modified":"2025-12-02T15:20:02","modified_gmt":"2025-12-02T19:20:02","slug":"corda-para-varal-arteplas-15m","status":"publish","type":"product","link":"https:\/\/www.multicasa.com.br\/cuiaba\/produto\/corda-para-varal-arteplas-15m\/","title":{"rendered":"Corda para Varal Arteplas 15m<br>SKU: 2160952"},"content":{"rendered":"<p>A Corda para Varal Arteplas de 15 metros \u00e9 feita de polipropileno, tran\u00e7ada de multifilamento. Multiuso, com tratamento UV e \u00e9 super resistente.<\/p>\n","protected":false},"excerpt":{"rendered":"<h4 style=\"margin: 0px;padding: 0px 0px 16px;font-family: Lato, sans-serif;font-weight: bold;line-height: 3rem;color: var(--dark-grey3);font-size: 22px;font-style: normal;letter-spacing: normal;text-align: start;text-indent: 0px;text-transform: none\">Informa\u00e7\u00f5es t\u00e9cnicas<\/h4>\n<p><span style=\"margin: 0px;padding: 0px;font-weight: 450;font-size: 14px;line-height: 21px;color: var(--dark-grey2);font-family: Lato, sans-serif;font-style: normal;letter-spacing: normal;text-align: start;text-indent: 0px;text-transform: none\">Produto: Corda para Varal<br \/>\nMarca: Arteplas<br \/>\nMaterial: Polipropileno<br \/>\nCor: Colorida                                                                                                                                               Caracter\u00edstica: Tran\u00e7ada de multifilamento, multiuso, super resistente.<br \/>\nItens Inclusos: 1 Corda para Varal<br \/>\nDimens\u00f5es do produto (L X C): 3mm x 15m                                                                                                                Peso: 0,055kg<\/span><\/p>\n","protected":false},"featured_media":25023,"template":"","meta":{"_joinchat":[]},"product_brand":[],"product_cat":[95],"product_tag":[],"class_list":{"0":"post-10099","1":"product","2":"type-product","3":"status-publish","4":"has-post-thumbnail","6":"product_cat-lavanderia","8":"first","9":"instock","10":"shipping-taxable","11":"purchasable","12":"product-type-simple"},"_links":{"self":[{"href":"https:\/\/www.multicasa.com.br\/cuiaba\/wp-json\/wp\/v2\/product\/10099","targetHints":{"allow":["GET"]}}],"collection":[{"href":"https:\/\/www.multicasa.com.br\/cuiaba\/wp-json\/wp\/v2\/product"}],"about":[{"href":"https:\/\/www.multicasa.com.br\/cuiaba\/wp-json\/wp\/v2\/types\/product"}],"wp:featuredmedia":[{"embeddable":true,"href":"https:\/\/www.multicasa.com.br\/cuiaba\/wp-json\/wp\/v2\/media\/25023"}],"wp:attachment":[{"href":"https:\/\/www.multicasa.com.br\/cuiaba\/wp-json\/wp\/v2\/media?parent=10099"}],"wp:term":[{"taxonomy":"product_brand","embeddable":true,"href":"https:\/\/www.multicasa.com.br\/cuiaba\/wp-json\/wp\/v2\/product_brand?post=10099"},{"taxonomy":"product_cat","embeddable":true,"href":"https:\/\/www.multicasa.com.br\/cuiaba\/wp-json\/wp\/v2\/product_cat?post=10099"},{"taxonomy":"product_tag","embeddable":true,"href":"https:\/\/www.multicasa.com.br\/cuiaba\/wp-json\/wp\/v2\/product_tag?post=10099"}],"curies":[{"name":"wp","href":"https:\/\/api.w.org\/{rel}","templated":true}]}}