{"id":10160,"date":"2025-06-20T17:52:12","date_gmt":"2025-06-20T21:52:12","guid":{"rendered":"http:\/\/www.multicasa.com.br\/cuiaba\/?post_type=product&#038;p=10160"},"modified":"2026-03-25T08:51:12","modified_gmt":"2026-03-25T12:51:12","slug":"odorizante-gel-para-carros-e-ambientes-tutti-frutti-proauto-60g","status":"publish","type":"product","link":"https:\/\/www.multicasa.com.br\/cuiaba\/produto\/odorizante-gel-para-carros-e-ambientes-tutti-frutti-proauto-60g\/","title":{"rendered":"Odorizante Gel para Carros e Ambientes Tutti-Frutti Proauto 60g<br>SKU: 2173102"},"content":{"rendered":"<p>Use o Odorizante Gel para Carros da Proauto para perfumar seu ve\u00edculo com a fragr\u00e2ncia Tutti-Frutti por at\u00e9 30 dias de forma eficiente. Com embalagem regul\u00e1vel e a\u00e7\u00e3o duradoura que distribui o cheirinho por igual e n\u00e3o derrama. Seu design discreto permite que seja usado em qualquer autom\u00f3vel.<\/p>\n","protected":false},"excerpt":{"rendered":"<h4 style=\"margin: 0px;padding: 0px 0px 16px;font-family: Lato, sans-serif;font-weight: bold;line-height: 3rem;color: var(--dark-grey3);font-size: 22px;font-style: normal;letter-spacing: normal;text-align: start;text-indent: 0px;text-transform: none\">Informa\u00e7\u00f5es t\u00e9cnicas<\/h4>\n<p><span style=\"margin: 0px;padding: 0px;font-weight: 450;font-size: 14px;line-height: 21px;color: var(--dark-grey2);font-family: Lato, sans-serif;font-style: normal;letter-spacing: normal;text-align: start;text-indent: 0px;text-transform: none\">Produto: Odorizante Gel para Carros<br \/>\nMarca: Proauto<br \/>\nConte\u00fado: 60g<br \/>\nCaracter\u00edsticas: Fragr\u00e2ncia Tutti-Frutti<br \/>\nEmbalagem regul\u00e1vel<br \/>\nDura at\u00e9 30 dias<br \/>\nN\u00e3o derrama<br \/>\nItens Inclusos: 1 Odorizante Gel para Carros<br \/>\nDimens\u00f5es do produto (A x L x P): 4,2 x 6,4 x 6,4cm<br \/>\nPeso: 0,060kg<\/span><\/p>\n","protected":false},"featured_media":10215,"template":"","meta":{"_joinchat":[]},"product_brand":[],"product_cat":[96],"product_tag":[],"class_list":{"0":"post-10160","1":"product","2":"type-product","3":"status-publish","4":"has-post-thumbnail","6":"product_cat-limpeza-e-cia","8":"first","9":"instock","10":"shipping-taxable","11":"purchasable","12":"product-type-simple"},"_links":{"self":[{"href":"https:\/\/www.multicasa.com.br\/cuiaba\/wp-json\/wp\/v2\/product\/10160","targetHints":{"allow":["GET"]}}],"collection":[{"href":"https:\/\/www.multicasa.com.br\/cuiaba\/wp-json\/wp\/v2\/product"}],"about":[{"href":"https:\/\/www.multicasa.com.br\/cuiaba\/wp-json\/wp\/v2\/types\/product"}],"wp:featuredmedia":[{"embeddable":true,"href":"https:\/\/www.multicasa.com.br\/cuiaba\/wp-json\/wp\/v2\/media\/10215"}],"wp:attachment":[{"href":"https:\/\/www.multicasa.com.br\/cuiaba\/wp-json\/wp\/v2\/media?parent=10160"}],"wp:term":[{"taxonomy":"product_brand","embeddable":true,"href":"https:\/\/www.multicasa.com.br\/cuiaba\/wp-json\/wp\/v2\/product_brand?post=10160"},{"taxonomy":"product_cat","embeddable":true,"href":"https:\/\/www.multicasa.com.br\/cuiaba\/wp-json\/wp\/v2\/product_cat?post=10160"},{"taxonomy":"product_tag","embeddable":true,"href":"https:\/\/www.multicasa.com.br\/cuiaba\/wp-json\/wp\/v2\/product_tag?post=10160"}],"curies":[{"name":"wp","href":"https:\/\/api.w.org\/{rel}","templated":true}]}}