{"id":10203,"date":"2025-06-20T17:52:37","date_gmt":"2025-06-20T21:52:37","guid":{"rendered":"http:\/\/www.multicasa.com.br\/cuiaba\/?post_type=product&#038;p=10203"},"modified":"2025-12-23T16:34:19","modified_gmt":"2025-12-23T20:34:19","slug":"luminaria-led-noturna-branca-key-west-bivolt","status":"publish","type":"product","link":"https:\/\/www.multicasa.com.br\/cuiaba\/produto\/luminaria-led-noturna-branca-key-west-bivolt\/","title":{"rendered":"Lumin\u00e1ria Led Noturna Branca Key West Bivolt<br>SKU: 3020339"},"content":{"rendered":"<p>A Lumin\u00e1ria Led Noturna Branca Key West possui interruptor e \u00e9 ligada diretamente na tomada, dispensando o uso de fia\u00e7\u00f5es. \u00c9 bivolt, proporciona luz suave para quem n\u00e3o gosta de dormir no escuro, tem uma longa dura\u00e7\u00e3o e um baixo consumo. <\/p>\n","protected":false},"excerpt":{"rendered":"<h4 style=\"margin: 0px;padding: 0px 0px 16px;font-family: Lato, sans-serif;font-weight: bold;line-height: 3rem;color: var(--dark-grey3);font-size: 22px;font-style: normal;letter-spacing: normal;text-align: start;text-indent: 0px;text-transform: none\">Informa\u00e7\u00f5es t\u00e9cnicas<\/h4>\n<p><span style=\"margin: 0px;padding: 0px;font-weight: 450;font-size: 14px;line-height: 21px;color: var(--dark-grey2);font-family: Lato, sans-serif;font-style: normal;letter-spacing: normal;text-align: start;text-indent: 0px;text-transform: none\">Produto: Lumin\u00e1ria Noturna<br \/>\nMarca: Keywest<br \/>\nMaterial: Pl\u00e1stico<br \/>\nCor: Branco<br \/>\nCaracter\u00edsticas: Pode ficar acesa a noite toda<br \/>\nBaixo consumo<br \/>\nPossui interruptor<br \/>\nItens Inclusos: Lumin\u00e1ria Noturna<br \/>\nDimens\u00f5es do produto (A X L): 12,2 x 9cm<\/span><\/p>\n","protected":false},"featured_media":10277,"template":"","meta":{"_joinchat":[]},"product_brand":[],"product_cat":[79],"product_tag":[],"class_list":{"0":"post-10203","1":"product","2":"type-product","3":"status-publish","4":"has-post-thumbnail","6":"product_cat-iluminacao-decorativa","8":"first","9":"instock","10":"shipping-taxable","11":"purchasable","12":"product-type-simple"},"_links":{"self":[{"href":"https:\/\/www.multicasa.com.br\/cuiaba\/wp-json\/wp\/v2\/product\/10203","targetHints":{"allow":["GET"]}}],"collection":[{"href":"https:\/\/www.multicasa.com.br\/cuiaba\/wp-json\/wp\/v2\/product"}],"about":[{"href":"https:\/\/www.multicasa.com.br\/cuiaba\/wp-json\/wp\/v2\/types\/product"}],"wp:featuredmedia":[{"embeddable":true,"href":"https:\/\/www.multicasa.com.br\/cuiaba\/wp-json\/wp\/v2\/media\/10277"}],"wp:attachment":[{"href":"https:\/\/www.multicasa.com.br\/cuiaba\/wp-json\/wp\/v2\/media?parent=10203"}],"wp:term":[{"taxonomy":"product_brand","embeddable":true,"href":"https:\/\/www.multicasa.com.br\/cuiaba\/wp-json\/wp\/v2\/product_brand?post=10203"},{"taxonomy":"product_cat","embeddable":true,"href":"https:\/\/www.multicasa.com.br\/cuiaba\/wp-json\/wp\/v2\/product_cat?post=10203"},{"taxonomy":"product_tag","embeddable":true,"href":"https:\/\/www.multicasa.com.br\/cuiaba\/wp-json\/wp\/v2\/product_tag?post=10203"}],"curies":[{"name":"wp","href":"https:\/\/api.w.org\/{rel}","templated":true}]}}