{"id":10230,"date":"2025-06-20T17:52:59","date_gmt":"2025-06-20T21:52:59","guid":{"rendered":"http:\/\/www.multicasa.com.br\/cuiaba\/?post_type=product&#038;p=10230"},"modified":"2026-04-07T08:51:02","modified_gmt":"2026-04-07T12:51:02","slug":"caneta-esferografica-ponta-media-1-0-azul-cristal-bic","status":"publish","type":"product","link":"https:\/\/www.multicasa.com.br\/cuiaba\/produto\/caneta-esferografica-ponta-media-1-0-azul-cristal-bic\/","title":{"rendered":"Caneta Esferogr\u00e1fica Ponta M\u00e9dia 1.0 Azul Cristal Bic<br>SKU: 3025934"},"content":{"rendered":"<p>Um cl\u00e1ssico do material escolar e de escrit\u00f3rio! A Caneta Esferogr\u00e1fica Ponta M\u00e9dia 1.0 Azul Cristal Bic \u00e9 indispens\u00e1vel para deixar no estojo, na mesa do trabalho e na bolsa para levar para todo lugar. Sua tinta de qualidade tem secamento r\u00e1pido que garante que voc\u00ea n\u00e3o borre, a escrita \u00e9 macia com ponta m\u00e9dia de 1mm e dura muito, escrevendo o equivalente a 2km. Super confort\u00e1vel, tem corpo transparente em formato hexagonal para que voc\u00ea consiga ver quanto de tinta ainda resta no tubo.<\/p>\n","protected":false},"excerpt":{"rendered":"<h4 style=\"margin: 0px;padding: 0px 0px 16px;font-family: Lato, sans-serif;font-weight: bold;line-height: 3rem;color: var(--dark-grey3);font-size: 22px;font-style: normal;letter-spacing: normal;text-align: start;text-indent: 0px;text-transform: none\">Informa\u00e7\u00f5es t\u00e9cnicas<\/h4>\n<p><span style=\"margin: 0px;padding: 0px;font-weight: 450;font-size: 14px;line-height: 21px;color: var(--dark-grey2);font-family: Lato, sans-serif;font-style: normal;letter-spacing: normal;text-align: start;text-indent: 0px;text-transform: none\">Produto: Caneta<br \/>\nTipo: Esferogr\u00e1fica<br \/>\nModelo: Cristal<br \/>\nMarca: Bic<br \/>\nCor: Azul<br \/>\nCaracter\u00edsticas: Tinta que seca rapidamente; bola de tungst\u00eanio; ponta m\u00e9dia com 1mm; largura da linha 0,4mm; tampa ventilada conforme padr\u00e3o ISO 11540\/BS 7272-1; n\u00e3o contem PVC; corpo hexagonal e transparente; leve; escreve at\u00e9 2km<br \/>\nItens Inclusos: 1 Caneta<\/span><\/p>\n","protected":false},"featured_media":24880,"template":"","meta":{"_joinchat":[]},"product_brand":[],"product_cat":[95],"product_tag":[],"class_list":{"0":"post-10230","1":"product","2":"type-product","3":"status-publish","4":"has-post-thumbnail","6":"product_cat-lavanderia","8":"first","9":"instock","10":"shipping-taxable","11":"purchasable","12":"product-type-simple"},"_links":{"self":[{"href":"https:\/\/www.multicasa.com.br\/cuiaba\/wp-json\/wp\/v2\/product\/10230","targetHints":{"allow":["GET"]}}],"collection":[{"href":"https:\/\/www.multicasa.com.br\/cuiaba\/wp-json\/wp\/v2\/product"}],"about":[{"href":"https:\/\/www.multicasa.com.br\/cuiaba\/wp-json\/wp\/v2\/types\/product"}],"wp:featuredmedia":[{"embeddable":true,"href":"https:\/\/www.multicasa.com.br\/cuiaba\/wp-json\/wp\/v2\/media\/24880"}],"wp:attachment":[{"href":"https:\/\/www.multicasa.com.br\/cuiaba\/wp-json\/wp\/v2\/media?parent=10230"}],"wp:term":[{"taxonomy":"product_brand","embeddable":true,"href":"https:\/\/www.multicasa.com.br\/cuiaba\/wp-json\/wp\/v2\/product_brand?post=10230"},{"taxonomy":"product_cat","embeddable":true,"href":"https:\/\/www.multicasa.com.br\/cuiaba\/wp-json\/wp\/v2\/product_cat?post=10230"},{"taxonomy":"product_tag","embeddable":true,"href":"https:\/\/www.multicasa.com.br\/cuiaba\/wp-json\/wp\/v2\/product_tag?post=10230"}],"curies":[{"name":"wp","href":"https:\/\/api.w.org\/{rel}","templated":true}]}}