{"id":10309,"date":"2025-06-20T17:53:49","date_gmt":"2025-06-20T21:53:49","guid":{"rendered":"http:\/\/www.multicasa.com.br\/cuiaba\/?post_type=product&#038;p=10309"},"modified":"2026-03-28T10:51:57","modified_gmt":"2026-03-28T14:51:57","slug":"esguicho-revolver-em-metal-garden","status":"publish","type":"product","link":"https:\/\/www.multicasa.com.br\/cuiaba\/produto\/esguicho-revolver-em-metal-garden\/","title":{"rendered":"Esguicho Revolver em Metal Garden<br>SKU: 3077039"},"content":{"rendered":"<p>Use o esguicho rev\u00f3lver em metal da Garden com regulagem para jatos retos e mais fortes do que o jato chuvoso, mais delicado. Ideal para mangueiras 1\/2??, o esguicho tem corpo refor\u00e7ado em zamac, gatilho de a\u00e7o, bucha de veda\u00e7\u00e3o, trava em nylon e agulha de lat\u00e3o. Resistente \u00e0 queda e condi\u00e7\u00f5es do tempo, garante praticidade ao seu dia-a-dia, podendo ser utilizado em diversas atividades: da limpeza \u00e0 irriga\u00e7\u00e3o.<\/p>\n","protected":false},"excerpt":{"rendered":"<h4 style=\"margin: 0px;padding: 0px 0px 16px;font-family: Lato, sans-serif;font-weight: bold;line-height: 3rem;color: var(--dark-grey3);font-size: 22px;font-style: normal;letter-spacing: normal;text-align: start;text-indent: 0px;text-transform: none\">Informa\u00e7\u00f5es t\u00e9cnicas<\/h4>\n<p><span style=\"margin: 0px;padding: 0px;font-weight: 450;font-size: 14px;line-height: 21px;color: var(--dark-grey2);font-family: Lato, sans-serif;font-style: normal;letter-spacing: normal;text-align: start;text-indent: 0px;text-transform: none\">Produto: Esguicho<br \/>\nTipo: Revolver<br \/>\nMarca: Garden<br \/>\nMaterial: Trava de nylon<br \/>\nAgulha de lat\u00e3o<br \/>\nBot\u00e3o de alum\u00ednio<br \/>\nMola de a\u00e7o inox<br \/>\nGatilho em a\u00e7o<br \/>\nArruela de veda\u00e7\u00e3o em borracha<br \/>\nAcabamento: Cromado<br \/>\nCor: Prata<br \/>\nCaracter\u00edsticas: Cont\u00e9m trava<br \/>\nBot\u00e3o de regulagem do tipo jato<br \/>\nResistente a quedas<br \/>\nResistente a a\u00e7\u00f5es do tempo<br \/>\nItens Inclusos: 1 Esguicho<br \/>\nMedidas em polegadas: 1\/2&#8243;<br \/>\nDimens\u00f5es do produto (A X L X P): 15 x 20 x 8cm<br \/>\n<\/span><\/p>\n","protected":false},"featured_media":10392,"template":"","meta":{"_joinchat":[]},"product_brand":[],"product_cat":[76],"product_tag":[],"class_list":{"0":"post-10309","1":"product","2":"type-product","3":"status-publish","4":"has-post-thumbnail","6":"product_cat-jardinagem","8":"first","9":"instock","10":"shipping-taxable","11":"purchasable","12":"product-type-simple"},"_links":{"self":[{"href":"https:\/\/www.multicasa.com.br\/cuiaba\/wp-json\/wp\/v2\/product\/10309","targetHints":{"allow":["GET"]}}],"collection":[{"href":"https:\/\/www.multicasa.com.br\/cuiaba\/wp-json\/wp\/v2\/product"}],"about":[{"href":"https:\/\/www.multicasa.com.br\/cuiaba\/wp-json\/wp\/v2\/types\/product"}],"wp:featuredmedia":[{"embeddable":true,"href":"https:\/\/www.multicasa.com.br\/cuiaba\/wp-json\/wp\/v2\/media\/10392"}],"wp:attachment":[{"href":"https:\/\/www.multicasa.com.br\/cuiaba\/wp-json\/wp\/v2\/media?parent=10309"}],"wp:term":[{"taxonomy":"product_brand","embeddable":true,"href":"https:\/\/www.multicasa.com.br\/cuiaba\/wp-json\/wp\/v2\/product_brand?post=10309"},{"taxonomy":"product_cat","embeddable":true,"href":"https:\/\/www.multicasa.com.br\/cuiaba\/wp-json\/wp\/v2\/product_cat?post=10309"},{"taxonomy":"product_tag","embeddable":true,"href":"https:\/\/www.multicasa.com.br\/cuiaba\/wp-json\/wp\/v2\/product_tag?post=10309"}],"curies":[{"name":"wp","href":"https:\/\/api.w.org\/{rel}","templated":true}]}}