{"id":10312,"date":"2025-06-20T17:53:49","date_gmt":"2025-06-20T21:53:49","guid":{"rendered":"http:\/\/www.multicasa.com.br\/cuiaba\/?post_type=product&#038;p=10312"},"modified":"2026-03-10T11:54:04","modified_gmt":"2026-03-10T15:54:04","slug":"resistencia-chuveiro-advanced-top-jet-lorenzetti-5500w-127v","status":"publish","type":"product","link":"https:\/\/www.multicasa.com.br\/cuiaba\/produto\/resistencia-chuveiro-advanced-top-jet-lorenzetti-5500w-127v\/","title":{"rendered":"Resist\u00eancia Chuveiro Advanced Top Jet Lorenzetti 5500W &#8211; 127V<br>SKU: 3082164"},"content":{"rendered":"<p>Resist\u00eancia para Chuveiro Advanced Top Jet Lorenzetti 5500W &#8211; 127V, ideal para aplica\u00e7\u00e3o nos modelos: Advanced turbo, Advanced, top jet, top jet turbo. Possui ligas em cobre e a\u00e7o, \u00e9 resistente, confi\u00e1vel e eficaz. Garanta a qualidade e seguran\u00e7a de seus eletros com as resist\u00eancias Lorenzetti.<\/p>\n","protected":false},"excerpt":{"rendered":"<h4 style=\"margin: 0px;padding: 0px 0px 16px;font-family: Lato, sans-serif;font-weight: bold;line-height: 3rem;color: var(--dark-grey3);font-size: 22px;font-style: normal;letter-spacing: normal;text-align: start;text-indent: 0px;text-transform: none\">Informa\u00e7\u00f5es t\u00e9cnicas<\/h4>\n<p><span style=\"margin: 0px;padding: 0px;font-weight: 450;font-size: 14px;line-height: 21px;color: var(--dark-grey2);font-family: Lato, sans-serif;font-style: normal;letter-spacing: normal;text-align: start;text-indent: 0px;text-transform: none\">Produto: Resist\u00eancia para chuveiro<br \/>\nMarca: Lorenzetti<br \/>\nModelo: Advanced Top Jet<br \/>\nMaterial: A\u00e7o<br \/>\nLigas de cobre<br \/>\nPot\u00eancia: 5500w<br \/>\nTens\u00e3o El\u00e9trica: 127v<br \/>\nCaracter\u00edsticas: Compat\u00edvel com modelo Advanced turbo eletr\u00f4nica, Advanced eletr\u00f4nica, Top Jet eletr\u00f4nica e Top Jet turbo eletr\u00f4nica<br \/>\nItens Inclusos: 1 Resist\u00eancia para chuveiro<\/p>\n<p><\/span><\/p>\n","protected":false},"featured_media":10398,"template":"","meta":{"_joinchat":[]},"product_brand":[],"product_cat":[74],"product_tag":[],"class_list":{"0":"post-10312","1":"product","2":"type-product","3":"status-publish","4":"has-post-thumbnail","6":"product_cat-reparos-hidraulicos","8":"first","9":"instock","10":"shipping-taxable","11":"purchasable","12":"product-type-simple"},"_links":{"self":[{"href":"https:\/\/www.multicasa.com.br\/cuiaba\/wp-json\/wp\/v2\/product\/10312","targetHints":{"allow":["GET"]}}],"collection":[{"href":"https:\/\/www.multicasa.com.br\/cuiaba\/wp-json\/wp\/v2\/product"}],"about":[{"href":"https:\/\/www.multicasa.com.br\/cuiaba\/wp-json\/wp\/v2\/types\/product"}],"wp:featuredmedia":[{"embeddable":true,"href":"https:\/\/www.multicasa.com.br\/cuiaba\/wp-json\/wp\/v2\/media\/10398"}],"wp:attachment":[{"href":"https:\/\/www.multicasa.com.br\/cuiaba\/wp-json\/wp\/v2\/media?parent=10312"}],"wp:term":[{"taxonomy":"product_brand","embeddable":true,"href":"https:\/\/www.multicasa.com.br\/cuiaba\/wp-json\/wp\/v2\/product_brand?post=10312"},{"taxonomy":"product_cat","embeddable":true,"href":"https:\/\/www.multicasa.com.br\/cuiaba\/wp-json\/wp\/v2\/product_cat?post=10312"},{"taxonomy":"product_tag","embeddable":true,"href":"https:\/\/www.multicasa.com.br\/cuiaba\/wp-json\/wp\/v2\/product_tag?post=10312"}],"curies":[{"name":"wp","href":"https:\/\/api.w.org\/{rel}","templated":true}]}}