{"id":10372,"date":"2025-06-20T17:54:36","date_gmt":"2025-06-20T21:54:36","guid":{"rendered":"http:\/\/www.multicasa.com.br\/cuiaba\/?post_type=product&#038;p=10372"},"modified":"2026-04-10T16:30:19","modified_gmt":"2026-04-10T20:30:19","slug":"sapata-antibrilho-para-ferro-de-passar-duniflon-30x13cm","status":"publish","type":"product","link":"https:\/\/www.multicasa.com.br\/cuiaba\/produto\/sapata-antibrilho-para-ferro-de-passar-duniflon-30x13cm\/","title":{"rendered":"Sapata Antibrilho Para Ferro de Passar Duniflon 30x13cm<br>SKU: 3100219"},"content":{"rendered":"<p>A Sapata Antibrilho Para Ferro de Passar Duniflon \u00e9 desenvolvida para evitar brilho, marcas ou amarelados nas roupas. Desenvolvida com aproximadamente 37 x 13,2cm confeccionada em fibra de vidro impregnado com alta camada de politetrafluoretileno tendo uma espessura m\u00e9dia de 2mm. Possui duas molas de tra\u00e7\u00e3o laterais em a\u00e7o zincado, com dois ilhoses met\u00e1licos com argolas e mosquet\u00f5es. Possui anti ader\u00eancia, alta resist\u00eancia ao calor, in\u00e9rcia qu\u00edmica e baixo coeficiente ao atrito, proporcionando um deslizamento mais suave e f\u00e1cil. Tamb\u00e9m evita a ader\u00eancia em roupas com Silk Screen ou emborrachadas. A solu\u00e7\u00e3o ideal para passar tecidos delicados como linho, seda, veludo, crepe e etc.<\/p>\n","protected":false},"excerpt":{"rendered":"<h4 style=\"margin: 0px;padding: 0px 0px 16px;font-family: Lato, sans-serif;font-weight: bold;line-height: 3rem;color: var(--dark-grey3);font-size: 22px;font-style: normal;letter-spacing: normal;text-align: start;text-indent: 0px;text-transform: none\">Informa\u00e7\u00f5es t\u00e9cnicas<\/h4>\n<p><span style=\"margin: 0px;padding: 0px;font-weight: 450;font-size: 14px;line-height: 21px;color: var(--dark-grey2);font-family: Lato, sans-serif;font-style: normal;letter-spacing: normal;text-align: start;text-indent: 0px;text-transform: none\">Produto: Sapata antibrilho<br \/>\nMarca: Duniflon<br \/>\nMaterial: Fibra de vidro de politetrafluoretileno<br \/>\nCor: Bege<br \/>\nUso indicado: Para ferros de passar, evitando que queime o tecido<br \/>\nCaracter\u00edsticas: Possui duas molas de tra\u00e7\u00e3o laterais em a\u00e7o zincado<br \/>\nPossui ilhoses met\u00e1lico com argola na frente e mosquet\u00e3o<br \/>\nItens Inclusos: 1 sapata antibrilho<br \/>\nDimens\u00f5es do produto (A X L): 30 x 13cm<\/span><\/p>\n","protected":false},"featured_media":10424,"template":"","meta":{"_joinchat":[]},"product_brand":[],"product_cat":[95],"product_tag":[],"class_list":{"0":"post-10372","1":"product","2":"type-product","3":"status-publish","4":"has-post-thumbnail","6":"product_cat-lavanderia","8":"first","9":"instock","10":"shipping-taxable","11":"purchasable","12":"product-type-simple"},"_links":{"self":[{"href":"https:\/\/www.multicasa.com.br\/cuiaba\/wp-json\/wp\/v2\/product\/10372","targetHints":{"allow":["GET"]}}],"collection":[{"href":"https:\/\/www.multicasa.com.br\/cuiaba\/wp-json\/wp\/v2\/product"}],"about":[{"href":"https:\/\/www.multicasa.com.br\/cuiaba\/wp-json\/wp\/v2\/types\/product"}],"wp:featuredmedia":[{"embeddable":true,"href":"https:\/\/www.multicasa.com.br\/cuiaba\/wp-json\/wp\/v2\/media\/10424"}],"wp:attachment":[{"href":"https:\/\/www.multicasa.com.br\/cuiaba\/wp-json\/wp\/v2\/media?parent=10372"}],"wp:term":[{"taxonomy":"product_brand","embeddable":true,"href":"https:\/\/www.multicasa.com.br\/cuiaba\/wp-json\/wp\/v2\/product_brand?post=10372"},{"taxonomy":"product_cat","embeddable":true,"href":"https:\/\/www.multicasa.com.br\/cuiaba\/wp-json\/wp\/v2\/product_cat?post=10372"},{"taxonomy":"product_tag","embeddable":true,"href":"https:\/\/www.multicasa.com.br\/cuiaba\/wp-json\/wp\/v2\/product_tag?post=10372"}],"curies":[{"name":"wp","href":"https:\/\/api.w.org\/{rel}","templated":true}]}}