{"id":10434,"date":"2025-06-20T17:55:20","date_gmt":"2025-06-20T21:55:20","guid":{"rendered":"http:\/\/www.multicasa.com.br\/cuiaba\/?post_type=product&#038;p=10434"},"modified":"2026-04-16T17:51:08","modified_gmt":"2026-04-16T21:51:08","slug":"modulo-placa-vertical-1-posto-liz-branco-tramontina-4x2","status":"publish","type":"product","link":"https:\/\/www.multicasa.com.br\/cuiaba\/produto\/modulo-placa-vertical-1-posto-liz-branco-tramontina-4x2\/","title":{"rendered":"M\u00f3dulo Placa Vertical 1 Posto Liz Branco Tramontina 4&#215;2<br>SKU: 3197905"},"content":{"rendered":"<p>O M\u00f3dulo Placa Liz Branco 4&#215;2 Tramontina tem 1 posto vertical pass\u00edvel de regulagem para perfeito ajuste, que permite a instala\u00e7\u00e3o de interruptores de forma mais elegante. Produzido em pl\u00e1stico abs branco com acabamento brilhoso que n\u00e3o ret\u00e9m poeira. Unindo qualidade e praticidade.<\/p>\n","protected":false},"excerpt":{"rendered":"<h4 style=\"margin: 0px;padding: 0px 0px 16px;font-family: Lato, sans-serif;font-weight: bold;line-height: 3rem;color: var(--dark-grey3);font-size: 22px;font-style: normal;letter-spacing: normal;text-align: start;text-indent: 0px;text-transform: none\">Informa\u00e7\u00f5es t\u00e9cnicas<\/h4>\n<p><span style=\"margin: 0px;padding: 0px;font-weight: 450;font-size: 14px;line-height: 21px;color: var(--dark-grey2);font-family: Lato, sans-serif;font-style: normal;letter-spacing: normal;text-align: start;text-indent: 0px;text-transform: none\">Produto: M\u00f3dulo Placa<br \/>\nMarca: Tramontina<br \/>\nMaterial: Pl\u00e1stico Abs<br \/>\nAcabamento: Brilhoso<br \/>\nCor: Branco<br \/>\nCaracter\u00edsticas: Vertical<br \/>\n1 posto<br \/>\nAcompanha parafusos<br \/>\nItens inclusos: 1m\u00f3dulo<br \/>\nDimens\u00f5es do produto em polegadas: 4&#215;2<br \/>\nDimens\u00f5es do produto (A X L): 12 x 8,2cm<br \/>\nPeso do produto: 43g<br \/>\n<\/span><\/p>\n","protected":false},"featured_media":10489,"template":"","meta":{"_joinchat":[]},"product_brand":[],"product_cat":[144],"product_tag":[],"class_list":{"0":"post-10434","1":"product","2":"type-product","3":"status-publish","4":"has-post-thumbnail","6":"product_cat-tomadas-e-cia","8":"first","9":"instock","10":"shipping-taxable","11":"purchasable","12":"product-type-simple"},"_links":{"self":[{"href":"https:\/\/www.multicasa.com.br\/cuiaba\/wp-json\/wp\/v2\/product\/10434","targetHints":{"allow":["GET"]}}],"collection":[{"href":"https:\/\/www.multicasa.com.br\/cuiaba\/wp-json\/wp\/v2\/product"}],"about":[{"href":"https:\/\/www.multicasa.com.br\/cuiaba\/wp-json\/wp\/v2\/types\/product"}],"wp:featuredmedia":[{"embeddable":true,"href":"https:\/\/www.multicasa.com.br\/cuiaba\/wp-json\/wp\/v2\/media\/10489"}],"wp:attachment":[{"href":"https:\/\/www.multicasa.com.br\/cuiaba\/wp-json\/wp\/v2\/media?parent=10434"}],"wp:term":[{"taxonomy":"product_brand","embeddable":true,"href":"https:\/\/www.multicasa.com.br\/cuiaba\/wp-json\/wp\/v2\/product_brand?post=10434"},{"taxonomy":"product_cat","embeddable":true,"href":"https:\/\/www.multicasa.com.br\/cuiaba\/wp-json\/wp\/v2\/product_cat?post=10434"},{"taxonomy":"product_tag","embeddable":true,"href":"https:\/\/www.multicasa.com.br\/cuiaba\/wp-json\/wp\/v2\/product_tag?post=10434"}],"curies":[{"name":"wp","href":"https:\/\/api.w.org\/{rel}","templated":true}]}}