{"id":10467,"date":"2025-06-20T17:55:42","date_gmt":"2025-06-20T21:55:42","guid":{"rendered":"http:\/\/www.multicasa.com.br\/cuiaba\/?post_type=product&#038;p=10467"},"modified":"2025-12-04T16:14:40","modified_gmt":"2025-12-04T20:14:40","slug":"valvula-para-pia-de-cozinha-dalcon","status":"publish","type":"product","link":"https:\/\/www.multicasa.com.br\/cuiaba\/produto\/valvula-para-pia-de-cozinha-dalcon\/","title":{"rendered":"V\u00e1lvula para Pia de Cozinha Dalcon<br>SKU: 3220591"},"content":{"rendered":"<p>A v\u00e1lvula para pia de cozinha da Dalcon \u00e9 produzida em lat\u00e3o, material anticorrosivo, resistente e n\u00e3o exige m\u00e3o de obra especializada para instala\u00e7\u00e3o. Ao ser encaixada no ralo da pia, ajuda a filtrar s\u00f3lidos e l\u00edquidos, evitando entupimentos. A cestinha de pia \u00e9 ideal para quem busca efici\u00eancia e praticidade.<\/p>\n","protected":false},"excerpt":{"rendered":"<h4 style=\"margin: 0px;padding: 0px 0px 16px;font-family: Lato, sans-serif;font-weight: bold;line-height: 3rem;color: var(--dark-grey3);font-size: 22px;font-style: normal;letter-spacing: normal;text-align: start;text-indent: 0px;text-transform: none\">Informa\u00e7\u00f5es t\u00e9cnicas<\/h4>\n<p><span style=\"margin: 0px;padding: 0px;font-weight: 450;font-size: 14px;line-height: 21px;color: var(--dark-grey2);font-family: Lato, sans-serif;font-style: normal;letter-spacing: normal;text-align: start;text-indent: 0px;text-transform: none\">Produto: Cestinha de Pia<br \/>\nMarca: Dalcon<br \/>\nMaterial: Liga de Lat\u00e3o<br \/>\nCor: prata<br \/>\nCaracter\u00edsticas: Lat\u00e3o anticorrosivo<br \/>\nItens Inclusos: 1 Cestinha de pia<br \/>\nDimens\u00f5es do produto (A X L): 2 x 5,5cm<br \/>\n<\/span><\/p>\n","protected":false},"featured_media":10529,"template":"","meta":{"_joinchat":[]},"product_brand":[],"product_cat":[74],"product_tag":[],"class_list":{"0":"post-10467","1":"product","2":"type-product","3":"status-publish","4":"has-post-thumbnail","6":"product_cat-reparos-hidraulicos","8":"first","9":"instock","10":"shipping-taxable","11":"purchasable","12":"product-type-simple"},"_links":{"self":[{"href":"https:\/\/www.multicasa.com.br\/cuiaba\/wp-json\/wp\/v2\/product\/10467","targetHints":{"allow":["GET"]}}],"collection":[{"href":"https:\/\/www.multicasa.com.br\/cuiaba\/wp-json\/wp\/v2\/product"}],"about":[{"href":"https:\/\/www.multicasa.com.br\/cuiaba\/wp-json\/wp\/v2\/types\/product"}],"wp:featuredmedia":[{"embeddable":true,"href":"https:\/\/www.multicasa.com.br\/cuiaba\/wp-json\/wp\/v2\/media\/10529"}],"wp:attachment":[{"href":"https:\/\/www.multicasa.com.br\/cuiaba\/wp-json\/wp\/v2\/media?parent=10467"}],"wp:term":[{"taxonomy":"product_brand","embeddable":true,"href":"https:\/\/www.multicasa.com.br\/cuiaba\/wp-json\/wp\/v2\/product_brand?post=10467"},{"taxonomy":"product_cat","embeddable":true,"href":"https:\/\/www.multicasa.com.br\/cuiaba\/wp-json\/wp\/v2\/product_cat?post=10467"},{"taxonomy":"product_tag","embeddable":true,"href":"https:\/\/www.multicasa.com.br\/cuiaba\/wp-json\/wp\/v2\/product_tag?post=10467"}],"curies":[{"name":"wp","href":"https:\/\/api.w.org\/{rel}","templated":true}]}}