{"id":10473,"date":"2025-06-20T17:55:43","date_gmt":"2025-06-20T21:55:43","guid":{"rendered":"http:\/\/www.multicasa.com.br\/cuiaba\/?post_type=product&#038;p=10473"},"modified":"2025-10-14T12:08:32","modified_gmt":"2025-10-14T16:08:32","slug":"modulo-tomada-para-tv-sat-liz-branco-tramontina","status":"publish","type":"product","link":"https:\/\/www.multicasa.com.br\/cuiaba\/produto\/modulo-tomada-para-tv-sat-liz-branco-tramontina\/","title":{"rendered":"M\u00f3dulo Tomada para TV\/SAT Liz Branco Tramontina<br>SKU: 3235092"},"content":{"rendered":"<p>Com o M\u00f3dulo Tomada para TV\/SAT Liz Tramontina, produzido em pl\u00e1stico termopl\u00e1stico branco de alto brilho que n\u00e3o ret\u00e9m poeira e componentes em metal. \u00c9 a op\u00e7\u00e3o perfeita para instalar TV e outros aparelhos que fazem uso de cabo coaxial. Seu encaixe \u00e9 manual com suporte pass\u00edvel de regulagem para um perfeito ajuste do conjunto \u00e0 parede.<\/p>\n","protected":false},"excerpt":{"rendered":"<h4 style=\"margin: 0px;padding: 0px 0px 16px;font-family: Lato, sans-serif;font-weight: bold;line-height: 3rem;color: var(--dark-grey3);font-size: 22px;font-style: normal;letter-spacing: normal;text-align: start;text-indent: 0px;text-transform: none\">Informa\u00e7\u00f5es t\u00e9cnicas<\/h4>\n<p><span style=\"margin: 0px;padding: 0px;font-weight: 450;font-size: 14px;line-height: 21px;color: var(--dark-grey2);font-family: Lato, sans-serif;font-style: normal;letter-spacing: normal;text-align: start;text-indent: 0px;text-transform: none\">Produto: M\u00f3dulo Tomada para TV\/SAT<br \/>\nMarca: Tramontina<br \/>\nMaterial: Pl\u00e1stico nylon<br \/>\nTermopl\u00e1stico<br \/>\nAcabamento: Brilhoso<br \/>\nCor: Branco<br \/>\nCaracter\u00edsticas: Para TV\/SAT coaxial direta<br \/>\nLUX2\/LIZ<br \/>\nItens inclusos: 1m\u00f3dulo Tomada para TV\/SAT<br \/>\nDimens\u00f5es do produto (A X L): 3,5 x 4,5cm<br \/>\nPeso do produto: 12g<br \/>\n<\/span><\/p>\n","protected":false},"featured_media":10549,"template":"","meta":{"_joinchat":[]},"product_brand":[],"product_cat":[144],"product_tag":[],"class_list":{"0":"post-10473","1":"product","2":"type-product","3":"status-publish","4":"has-post-thumbnail","6":"product_cat-tomadas-e-cia","8":"first","9":"instock","10":"shipping-taxable","11":"purchasable","12":"product-type-simple"},"_links":{"self":[{"href":"https:\/\/www.multicasa.com.br\/cuiaba\/wp-json\/wp\/v2\/product\/10473","targetHints":{"allow":["GET"]}}],"collection":[{"href":"https:\/\/www.multicasa.com.br\/cuiaba\/wp-json\/wp\/v2\/product"}],"about":[{"href":"https:\/\/www.multicasa.com.br\/cuiaba\/wp-json\/wp\/v2\/types\/product"}],"wp:featuredmedia":[{"embeddable":true,"href":"https:\/\/www.multicasa.com.br\/cuiaba\/wp-json\/wp\/v2\/media\/10549"}],"wp:attachment":[{"href":"https:\/\/www.multicasa.com.br\/cuiaba\/wp-json\/wp\/v2\/media?parent=10473"}],"wp:term":[{"taxonomy":"product_brand","embeddable":true,"href":"https:\/\/www.multicasa.com.br\/cuiaba\/wp-json\/wp\/v2\/product_brand?post=10473"},{"taxonomy":"product_cat","embeddable":true,"href":"https:\/\/www.multicasa.com.br\/cuiaba\/wp-json\/wp\/v2\/product_cat?post=10473"},{"taxonomy":"product_tag","embeddable":true,"href":"https:\/\/www.multicasa.com.br\/cuiaba\/wp-json\/wp\/v2\/product_tag?post=10473"}],"curies":[{"name":"wp","href":"https:\/\/api.w.org\/{rel}","templated":true}]}}