{"id":10505,"date":"2025-06-20T17:56:06","date_gmt":"2025-06-20T21:56:06","guid":{"rendered":"http:\/\/www.multicasa.com.br\/cuiaba\/?post_type=product&#038;p=10505"},"modified":"2025-11-22T11:35:45","modified_gmt":"2025-11-22T15:35:45","slug":"adaptador-de-tomada-reverso-2pt-daneva-10a","status":"publish","type":"product","link":"https:\/\/www.multicasa.com.br\/cuiaba\/produto\/adaptador-de-tomada-reverso-2pt-daneva-10a\/","title":{"rendered":"Adaptador de Tomada Reverso 2P+T Daneva 10A<br>SKU: 3246876"},"content":{"rendered":"<p>Use o adaptador de tomada reverso 2P+T Daneva para plugar este tipo de terminal \u00e0s tomadas da sua casa. Com 10a e 250v, \u00e9 feito de pl\u00e1stico e lat\u00e3o. Garante seguran\u00e7a em para toda a fam\u00edlia.<\/p>\n","protected":false},"excerpt":{"rendered":"<h4 style=\"margin: 0px;padding: 0px 0px 16px;font-family: Lato, sans-serif;font-weight: bold;line-height: 3rem;color: var(--dark-grey3);font-size: 22px;font-style: normal;letter-spacing: normal;text-align: start;text-indent: 0px;text-transform: none\">Informa\u00e7\u00f5es t\u00e9cnicas<\/h4>\n<p><span style=\"margin: 0px;padding: 0px;font-weight: 450;font-size: 14px;line-height: 21px;color: var(--dark-grey2);font-family: Lato, sans-serif;font-style: normal;letter-spacing: normal;text-align: start;text-indent: 0px;text-transform: none\">Produto: Adaptador de Tomada Reverso<br \/>\nMarca: Daneva<br \/>\nMaterial: Polipropileno<br \/>\nTerminais de lat\u00e3o<br \/>\nCor: Sortido<br \/>\nCaracter\u00edsticas: Transforma pino chato em redondo<br \/>\nSa\u00edda de tres pinos<br \/>\nCorrente nominal 10 A<br \/>\nTens\u00e3o m\u00e1xima 250 V<br \/>\nItens inclusos: 1 Adaptador de tomada reverso<br \/>\nDimens\u00f5es do produto (A X L X P): 5,7 x 2,7 x 3,7cm<\/span><\/p>\n","protected":false},"featured_media":24571,"template":"","meta":{"_joinchat":[]},"product_brand":[],"product_cat":[144],"product_tag":[],"class_list":{"0":"post-10505","1":"product","2":"type-product","3":"status-publish","4":"has-post-thumbnail","6":"product_cat-tomadas-e-cia","8":"first","9":"instock","10":"shipping-taxable","11":"purchasable","12":"product-type-simple"},"_links":{"self":[{"href":"https:\/\/www.multicasa.com.br\/cuiaba\/wp-json\/wp\/v2\/product\/10505","targetHints":{"allow":["GET"]}}],"collection":[{"href":"https:\/\/www.multicasa.com.br\/cuiaba\/wp-json\/wp\/v2\/product"}],"about":[{"href":"https:\/\/www.multicasa.com.br\/cuiaba\/wp-json\/wp\/v2\/types\/product"}],"wp:featuredmedia":[{"embeddable":true,"href":"https:\/\/www.multicasa.com.br\/cuiaba\/wp-json\/wp\/v2\/media\/24571"}],"wp:attachment":[{"href":"https:\/\/www.multicasa.com.br\/cuiaba\/wp-json\/wp\/v2\/media?parent=10505"}],"wp:term":[{"taxonomy":"product_brand","embeddable":true,"href":"https:\/\/www.multicasa.com.br\/cuiaba\/wp-json\/wp\/v2\/product_brand?post=10505"},{"taxonomy":"product_cat","embeddable":true,"href":"https:\/\/www.multicasa.com.br\/cuiaba\/wp-json\/wp\/v2\/product_cat?post=10505"},{"taxonomy":"product_tag","embeddable":true,"href":"https:\/\/www.multicasa.com.br\/cuiaba\/wp-json\/wp\/v2\/product_tag?post=10505"}],"curies":[{"name":"wp","href":"https:\/\/api.w.org\/{rel}","templated":true}]}}