{"id":10531,"date":"2025-06-20T17:56:28","date_gmt":"2025-06-20T21:56:28","guid":{"rendered":"http:\/\/www.multicasa.com.br\/cuiaba\/?post_type=product&#038;p=10531"},"modified":"2025-08-18T01:53:29","modified_gmt":"2025-08-18T05:53:29","slug":"suporte-organizador-porta-vassouras-metal-arthi-8-ganchos","status":"publish","type":"product","link":"https:\/\/www.multicasa.com.br\/cuiaba\/produto\/suporte-organizador-porta-vassouras-metal-arthi-8-ganchos\/","title":{"rendered":"Suporte Organizador Porta Vassouras Metal Arthi 8 Ganchos<br>SKU: 3254321"},"content":{"rendered":"<p>O Suporte Organizador Porta Vassouras Arthi possui 8 ganchos para deixar sua \u00e1rea de limpeza, organizada e otimizada. Produzido em a\u00e7o com acabamento metalizado. Com aproximadamente 40cm de largura \u00e9 fixado na parede atrav\u00e9s de buchas e parafusos.<\/p>\n","protected":false},"excerpt":{"rendered":"<h4 style=\"margin: 0px;padding: 0px 0px 16px;font-family: Lato, sans-serif;font-weight: bold;line-height: 3rem;color: var(--dark-grey3);font-size: 22px;font-style: normal;letter-spacing: normal;text-align: start;text-indent: 0px;text-transform: none\">Informa\u00e7\u00f5es t\u00e9cnicas<\/h4>\n<p><span style=\"margin: 0px;padding: 0px;font-weight: 450;font-size: 14px;line-height: 21px;color: var(--dark-grey2);font-family: Lato, sans-serif;font-style: normal;letter-spacing: normal;text-align: start;text-indent: 0px;text-transform: none\">Produto: Suporte para vassoura<br \/>\nMarca: Arthi<br \/>\nMaterial: A\u00e7o<br \/>\nAcabamento: Emborrachado<br \/>\nCor: Prata<br \/>\nCaracter\u00edsticas: N\u00e3o enferruja<br \/>\nPossui 8 ganchos<br \/>\nAcompanha parafusos e buchas<br \/>\nItens Inclusos: 1 suporte para vassoura<br \/>\nDimens\u00f5es do produto (A X L x P): 12,5 x 40 x 6,5cm<br \/>\n<\/span><\/p>\n","protected":false},"featured_media":10581,"template":"","meta":{"_joinchat":[]},"product_brand":[],"product_cat":[96],"product_tag":[],"class_list":{"0":"post-10531","1":"product","2":"type-product","3":"status-publish","4":"has-post-thumbnail","6":"product_cat-limpeza-e-cia","8":"first","9":"instock","10":"shipping-taxable","11":"purchasable","12":"product-type-simple"},"_links":{"self":[{"href":"https:\/\/www.multicasa.com.br\/cuiaba\/wp-json\/wp\/v2\/product\/10531","targetHints":{"allow":["GET"]}}],"collection":[{"href":"https:\/\/www.multicasa.com.br\/cuiaba\/wp-json\/wp\/v2\/product"}],"about":[{"href":"https:\/\/www.multicasa.com.br\/cuiaba\/wp-json\/wp\/v2\/types\/product"}],"wp:featuredmedia":[{"embeddable":true,"href":"https:\/\/www.multicasa.com.br\/cuiaba\/wp-json\/wp\/v2\/media\/10581"}],"wp:attachment":[{"href":"https:\/\/www.multicasa.com.br\/cuiaba\/wp-json\/wp\/v2\/media?parent=10531"}],"wp:term":[{"taxonomy":"product_brand","embeddable":true,"href":"https:\/\/www.multicasa.com.br\/cuiaba\/wp-json\/wp\/v2\/product_brand?post=10531"},{"taxonomy":"product_cat","embeddable":true,"href":"https:\/\/www.multicasa.com.br\/cuiaba\/wp-json\/wp\/v2\/product_cat?post=10531"},{"taxonomy":"product_tag","embeddable":true,"href":"https:\/\/www.multicasa.com.br\/cuiaba\/wp-json\/wp\/v2\/product_tag?post=10531"}],"curies":[{"name":"wp","href":"https:\/\/api.w.org\/{rel}","templated":true}]}}