{"id":10569,"date":"2025-06-20T17:56:52","date_gmt":"2025-06-20T21:56:52","guid":{"rendered":"http:\/\/www.multicasa.com.br\/cuiaba\/?post_type=product&#038;p=10569"},"modified":"2026-04-07T09:50:49","modified_gmt":"2026-04-07T13:50:49","slug":"cabide-eclipse-para-porta-com-4-ganchos-arthi","status":"publish","type":"product","link":"https:\/\/www.multicasa.com.br\/cuiaba\/produto\/cabide-eclipse-para-porta-com-4-ganchos-arthi\/","title":{"rendered":"Cabide Eclipse para Porta com 4 Ganchos Arthi<br>SKU: 3308170"},"content":{"rendered":"<p>Praticidade e otimiza\u00e7\u00e3o de espa\u00e7o para o seu lar \u00e9 a fun\u00e7\u00e3o deste cabide eclipse com 4 ganchos da Arthi. Pode ser usado na sua cozinha, banheiro, quarto e at\u00e9 mesmo por dentro das portas para pendurar toalhas, bolsas, casacos, chap\u00e9us e etc. Feito de a\u00e7o cromado, mede 27 x 26, 8 x 4cm. <\/p>\n","protected":false},"excerpt":{"rendered":"<h4 style=\"margin: 0px;padding: 0px 0px 16px;font-family: Lato, sans-serif;font-weight: bold;line-height: 3rem;color: var(--dark-grey3);font-size: 22px;font-style: normal;letter-spacing: normal;text-align: start;text-indent: 0px;text-transform: none\">Informa\u00e7\u00f5es t\u00e9cnicas<\/h4>\n<p><span style=\"margin: 0px;padding: 0px;font-weight: 450;font-size: 14px;line-height: 21px;color: var(--dark-grey2);font-family: Lato, sans-serif;font-style: normal;letter-spacing: normal;text-align: start;text-indent: 0px;text-transform: none\">Produto: Cabide para Porta<br \/>\nMarca: Arthi<br \/>\nMaterial: A\u00e7o Cromado<br \/>\nCor: Prata<br \/>\nCaracter\u00edsticas: Possui 4 ganchos<br \/>\nItens Inclusos: 1 Cabide para porta<br \/>\nDimens\u00f5es do produto (A x L x P): 27 x 26,8 x 4cm<br \/>\n<\/span><\/p>\n","protected":false},"featured_media":10616,"template":"","meta":{"_joinchat":[]},"product_brand":[],"product_cat":[95],"product_tag":[],"class_list":{"0":"post-10569","1":"product","2":"type-product","3":"status-publish","4":"has-post-thumbnail","6":"product_cat-lavanderia","8":"first","9":"instock","10":"shipping-taxable","11":"purchasable","12":"product-type-simple"},"_links":{"self":[{"href":"https:\/\/www.multicasa.com.br\/cuiaba\/wp-json\/wp\/v2\/product\/10569","targetHints":{"allow":["GET"]}}],"collection":[{"href":"https:\/\/www.multicasa.com.br\/cuiaba\/wp-json\/wp\/v2\/product"}],"about":[{"href":"https:\/\/www.multicasa.com.br\/cuiaba\/wp-json\/wp\/v2\/types\/product"}],"wp:featuredmedia":[{"embeddable":true,"href":"https:\/\/www.multicasa.com.br\/cuiaba\/wp-json\/wp\/v2\/media\/10616"}],"wp:attachment":[{"href":"https:\/\/www.multicasa.com.br\/cuiaba\/wp-json\/wp\/v2\/media?parent=10569"}],"wp:term":[{"taxonomy":"product_brand","embeddable":true,"href":"https:\/\/www.multicasa.com.br\/cuiaba\/wp-json\/wp\/v2\/product_brand?post=10569"},{"taxonomy":"product_cat","embeddable":true,"href":"https:\/\/www.multicasa.com.br\/cuiaba\/wp-json\/wp\/v2\/product_cat?post=10569"},{"taxonomy":"product_tag","embeddable":true,"href":"https:\/\/www.multicasa.com.br\/cuiaba\/wp-json\/wp\/v2\/product_tag?post=10569"}],"curies":[{"name":"wp","href":"https:\/\/api.w.org\/{rel}","templated":true}]}}