{"id":10608,"date":"2025-06-20T17:57:15","date_gmt":"2025-06-20T21:57:15","guid":{"rendered":"http:\/\/www.multicasa.com.br\/cuiaba\/?post_type=product&#038;p=10608"},"modified":"2025-08-18T00:16:22","modified_gmt":"2025-08-18T04:16:22","slug":"cabide-infantil-incolor-cinquetti","status":"publish","type":"product","link":"https:\/\/www.multicasa.com.br\/cuiaba\/produto\/cabide-infantil-incolor-cinquetti\/","title":{"rendered":"Cabide Infantil Incolor Cinquetti<br>SKU: 3336816"},"content":{"rendered":"<p>O Cabide Infantil Incolor da Cinquetti \u00e9 feito de PVC, pequeno e ideal para organizar as roupas das crian\u00e7as com praticidade. Resistente, suporta pe\u00e7as de maior porte e peso. Possui haste de sustenta\u00e7\u00e3o para pe\u00e7as dobradas e pode ser utilizado tamb\u00e9m para len\u00e7os, cachec\u00f3is e echarpes. Mede 28 x 13,5 x 0,7 cm.<\/p>\n","protected":false},"excerpt":{"rendered":"<h4 style=\"margin: 0px;padding: 0px 0px 16px;font-family: Lato, sans-serif;font-weight: bold;line-height: 3rem;color: var(--dark-grey3);font-size: 22px;font-style: normal;letter-spacing: normal;text-align: start;text-indent: 0px;text-transform: none\">Informa\u00e7\u00f5es t\u00e9cnicas<\/h4>\n<p><span style=\"margin: 0px;padding: 0px;font-weight: 450;font-size: 14px;line-height: 21px;color: var(--dark-grey2);font-family: Lato, sans-serif;font-style: normal;letter-spacing: normal;text-align: start;text-indent: 0px;text-transform: none\">Produto: Cabide Infantil<br \/>\nMarca: Cinquetti<br \/>\nMaterial: Pl\u00e1stico<br \/>\nCor: transparente<br \/>\nItens Inclusos: 1 Cabide infantil<br \/>\nDimens\u00f5es do produto (A x L x P): 28 x 13,5 x 0,7cm<\/span><\/p>\n","protected":false},"featured_media":10681,"template":"","meta":{"_joinchat":[]},"product_brand":[],"product_cat":[95],"product_tag":[],"class_list":{"0":"post-10608","1":"product","2":"type-product","3":"status-publish","4":"has-post-thumbnail","6":"product_cat-lavanderia","8":"first","9":"instock","10":"shipping-taxable","11":"purchasable","12":"product-type-simple"},"_links":{"self":[{"href":"https:\/\/www.multicasa.com.br\/cuiaba\/wp-json\/wp\/v2\/product\/10608","targetHints":{"allow":["GET"]}}],"collection":[{"href":"https:\/\/www.multicasa.com.br\/cuiaba\/wp-json\/wp\/v2\/product"}],"about":[{"href":"https:\/\/www.multicasa.com.br\/cuiaba\/wp-json\/wp\/v2\/types\/product"}],"wp:featuredmedia":[{"embeddable":true,"href":"https:\/\/www.multicasa.com.br\/cuiaba\/wp-json\/wp\/v2\/media\/10681"}],"wp:attachment":[{"href":"https:\/\/www.multicasa.com.br\/cuiaba\/wp-json\/wp\/v2\/media?parent=10608"}],"wp:term":[{"taxonomy":"product_brand","embeddable":true,"href":"https:\/\/www.multicasa.com.br\/cuiaba\/wp-json\/wp\/v2\/product_brand?post=10608"},{"taxonomy":"product_cat","embeddable":true,"href":"https:\/\/www.multicasa.com.br\/cuiaba\/wp-json\/wp\/v2\/product_cat?post=10608"},{"taxonomy":"product_tag","embeddable":true,"href":"https:\/\/www.multicasa.com.br\/cuiaba\/wp-json\/wp\/v2\/product_tag?post=10608"}],"curies":[{"name":"wp","href":"https:\/\/api.w.org\/{rel}","templated":true}]}}