{"id":10611,"date":"2025-06-20T17:57:15","date_gmt":"2025-06-20T21:57:15","guid":{"rendered":"http:\/\/www.multicasa.com.br\/cuiaba\/?post_type=product&#038;p=10611"},"modified":"2026-02-24T13:33:58","modified_gmt":"2026-02-24T17:33:58","slug":"saco-a-vacuo-protetor-vac-bag-transparente-ordene-55x90cm","status":"publish","type":"product","link":"https:\/\/www.multicasa.com.br\/cuiaba\/produto\/saco-a-vacuo-protetor-vac-bag-transparente-ordene-55x90cm\/","title":{"rendered":"Saco \u00e0 V\u00e1cuo Protetor Vac Bag Transparente Ordene 55x90cm<br>SKU: 3337685"},"content":{"rendered":"<p>O Saco \u00e0 V\u00e1cuo Protetor Vac Bag Transparente da Ordene \u00e9 ideal para guardar e arrumar suas roupas pessoais, de cama, mesa ou banho. Imperme\u00e1vel e reutiliz\u00e1vel, o saco \u00e0 v\u00e1cuo \u00e9 ideal para ser levado em viagens e proteger suas pe\u00e7as do p\u00f3, odor e umidade. Medindo 55 x 90 cm, reduz o volume em at\u00e9 75%.<\/p>\n","protected":false},"excerpt":{"rendered":"<h4 style=\"margin: 0px;padding: 0px 0px 16px;font-family: Lato, sans-serif;font-weight: bold;line-height: 3rem;color: var(--dark-grey3);font-size: 22px;font-style: normal;letter-spacing: normal;text-align: start;text-indent: 0px;text-transform: none\">Informa\u00e7\u00f5es t\u00e9cnicas<\/h4>\n<p><span style=\"margin: 0px;padding: 0px;font-weight: 450;font-size: 14px;line-height: 21px;color: var(--dark-grey2);font-family: Lato, sans-serif;font-style: normal;letter-spacing: normal;text-align: start;text-indent: 0px;text-transform: none\">Produto: Saco organizador \u00e0 v\u00e1cuo<br \/>\nMarca: Ordene<br \/>\nMaterial: Polietileno<br \/>\nCaracter\u00edsticas: Transparente<br \/>\nImperme\u00e1vel<br \/>\nReduz o volume em at\u00e9 75%<br \/>\nRe\u00fatiliz\u00e1vel<br \/>\nItens inclusos: 1 saco organizador \u00e0 v\u00e1cuo<br \/>\nDimens\u00f5es do produto (A X L): 90 x 55cm<br \/>\n<\/span><\/p>\n","protected":false},"featured_media":10687,"template":"","meta":{"_joinchat":[]},"product_brand":[],"product_cat":[98],"product_tag":[],"class_list":{"0":"post-10611","1":"product","2":"type-product","3":"status-publish","4":"has-post-thumbnail","6":"product_cat-organizadores","8":"first","9":"instock","10":"shipping-taxable","11":"purchasable","12":"product-type-simple"},"_links":{"self":[{"href":"https:\/\/www.multicasa.com.br\/cuiaba\/wp-json\/wp\/v2\/product\/10611","targetHints":{"allow":["GET"]}}],"collection":[{"href":"https:\/\/www.multicasa.com.br\/cuiaba\/wp-json\/wp\/v2\/product"}],"about":[{"href":"https:\/\/www.multicasa.com.br\/cuiaba\/wp-json\/wp\/v2\/types\/product"}],"wp:featuredmedia":[{"embeddable":true,"href":"https:\/\/www.multicasa.com.br\/cuiaba\/wp-json\/wp\/v2\/media\/10687"}],"wp:attachment":[{"href":"https:\/\/www.multicasa.com.br\/cuiaba\/wp-json\/wp\/v2\/media?parent=10611"}],"wp:term":[{"taxonomy":"product_brand","embeddable":true,"href":"https:\/\/www.multicasa.com.br\/cuiaba\/wp-json\/wp\/v2\/product_brand?post=10611"},{"taxonomy":"product_cat","embeddable":true,"href":"https:\/\/www.multicasa.com.br\/cuiaba\/wp-json\/wp\/v2\/product_cat?post=10611"},{"taxonomy":"product_tag","embeddable":true,"href":"https:\/\/www.multicasa.com.br\/cuiaba\/wp-json\/wp\/v2\/product_tag?post=10611"}],"curies":[{"name":"wp","href":"https:\/\/api.w.org\/{rel}","templated":true}]}}