{"id":10643,"date":"2025-06-20T17:57:39","date_gmt":"2025-06-20T21:57:39","guid":{"rendered":"http:\/\/www.multicasa.com.br\/cuiaba\/?post_type=product&#038;p=10643"},"modified":"2025-10-06T14:35:53","modified_gmt":"2025-10-06T18:35:53","slug":"alicate-amperimetro-digital-brasfort","status":"publish","type":"product","link":"https:\/\/www.multicasa.com.br\/cuiaba\/produto\/alicate-amperimetro-digital-brasfort\/","title":{"rendered":"Alicate Amper\u00edmetro Digital Brasfort<br>SKU: 3344436"},"content":{"rendered":"<p>O Alicate Amper\u00edmetro Digital da Brasfort faz medi\u00e7\u00e3o de corrente alternada, tens\u00e3o alternada e cont\u00ednua, resist\u00eancia el\u00e9trica e teste de continuidade. Seu corpo em PVC na cor preta com garras em PVC na cor amarela e placa integrada de circuito impresso com diversos componentes.<\/p>\n","protected":false},"excerpt":{"rendered":"<h4 style=\"margin: 0px;padding: 0px 0px 16px;font-family: Lato, sans-serif;font-weight: bold;line-height: 3rem;color: var(--dark-grey3);font-size: 22px;font-style: normal;letter-spacing: normal;text-align: start;text-indent: 0px;text-transform: none\">Informa\u00e7\u00f5es t\u00e9cnicas<\/h4>\n<p><span style=\"margin: 0px;padding: 0px;font-weight: 450;font-size: 14px;line-height: 21px;color: var(--dark-grey2);font-family: Lato, sans-serif;font-style: normal;letter-spacing: normal;text-align: start;text-indent: 0px;text-transform: none\">Produto: Alicate Amper\u00edmetro<br \/>\nMarca: Brasfort<br \/>\nMaterial: PVC<br \/>\nCor: Preto com amarelo<br \/>\nCaracter\u00edsticas: Digital; Fun\u00e7\u00f5es: tens\u00e3o cont\u00ednua, tens\u00e3o alternada, corrente alternada, resist\u00eancia e sinal sonoro de continuidade.<br \/>\nQuantidade de pe\u00e7as: 2<br \/>\nItens inclusos: 1 Alicate amper\u00edmetro e 1 estojo<br \/>\nDimens\u00f5es do produto (A x L x P): 25 x 5,5 x 12,5cm<br \/>\nPeso: 7,9g<\/span><\/p>\n","protected":false},"featured_media":10720,"template":"","meta":{"_joinchat":[]},"product_brand":[],"product_cat":[152],"product_tag":[],"class_list":{"0":"post-10643","1":"product","2":"type-product","3":"status-publish","4":"has-post-thumbnail","6":"product_cat-ferramentas-eletricas","8":"first","9":"instock","10":"shipping-taxable","11":"purchasable","12":"product-type-simple"},"_links":{"self":[{"href":"https:\/\/www.multicasa.com.br\/cuiaba\/wp-json\/wp\/v2\/product\/10643","targetHints":{"allow":["GET"]}}],"collection":[{"href":"https:\/\/www.multicasa.com.br\/cuiaba\/wp-json\/wp\/v2\/product"}],"about":[{"href":"https:\/\/www.multicasa.com.br\/cuiaba\/wp-json\/wp\/v2\/types\/product"}],"wp:featuredmedia":[{"embeddable":true,"href":"https:\/\/www.multicasa.com.br\/cuiaba\/wp-json\/wp\/v2\/media\/10720"}],"wp:attachment":[{"href":"https:\/\/www.multicasa.com.br\/cuiaba\/wp-json\/wp\/v2\/media?parent=10643"}],"wp:term":[{"taxonomy":"product_brand","embeddable":true,"href":"https:\/\/www.multicasa.com.br\/cuiaba\/wp-json\/wp\/v2\/product_brand?post=10643"},{"taxonomy":"product_cat","embeddable":true,"href":"https:\/\/www.multicasa.com.br\/cuiaba\/wp-json\/wp\/v2\/product_cat?post=10643"},{"taxonomy":"product_tag","embeddable":true,"href":"https:\/\/www.multicasa.com.br\/cuiaba\/wp-json\/wp\/v2\/product_tag?post=10643"}],"curies":[{"name":"wp","href":"https:\/\/api.w.org\/{rel}","templated":true}]}}