{"id":10708,"date":"2025-06-20T17:58:23","date_gmt":"2025-06-20T21:58:23","guid":{"rendered":"http:\/\/www.multicasa.com.br\/cuiaba\/?post_type=product&#038;p=10708"},"modified":"2026-04-07T09:40:14","modified_gmt":"2026-04-07T13:40:14","slug":"protetor-de-quina-transparente-joy-ordene-4-pecas","status":"publish","type":"product","link":"https:\/\/www.multicasa.com.br\/cuiaba\/produto\/protetor-de-quina-transparente-joy-ordene-4-pecas\/","title":{"rendered":"Protetor de Quina Transparente Joy Ordene 4 Pe\u00e7as<br>SKU: 3456250"},"content":{"rendered":"<p>Com o Protetor de Quina Transparente Joy Ordene, voc\u00ea evita que crian\u00e7as e adultos se machuquem em quinas e cantos de mesas, prateleiras, balc\u00f5es, estantes e outros. S\u00e3o 4 pe\u00e7as produzidas em silicone e com aproximadamente 4 x 1,4m.<\/p>\n","protected":false},"excerpt":{"rendered":"<h4 style=\"margin: 0px;padding: 0px 0px 16px;font-family: Lato, sans-serif;font-weight: bold;line-height: 3rem;color: var(--dark-grey3);font-size: 22px;font-style: normal;letter-spacing: normal;text-align: start;text-indent: 0px;text-transform: none\">Informa\u00e7\u00f5es t\u00e9cnicas<\/h4>\n<p><span style=\"margin: 0px;padding: 0px;font-weight: 450;font-size: 14px;line-height: 21px;color: var(--dark-grey2);font-family: Lato, sans-serif;font-style: normal;letter-spacing: normal;text-align: start;text-indent: 0px;text-transform: none\">Produto: Protetor de quinas<br \/>\nMarca: Ordene<br \/>\nMaterial: Silicone<br \/>\nCor: Incolor<br \/>\nCaracter\u00edsticas: Protege quinas de mesas ou prateleiras de vidro<br \/>\nItens Inclusos: 4 Protetores de quinas<br \/>\nDimens\u00f5es (A X L X P): 4 x 4 x 1,4cm<\/span><\/p>\n","protected":false},"featured_media":10781,"template":"","meta":{"_joinchat":[]},"product_brand":[],"product_cat":[141],"product_tag":[],"class_list":{"0":"post-10708","1":"product","2":"type-product","3":"status-publish","4":"has-post-thumbnail","6":"product_cat-marcenaria","8":"first","9":"instock","10":"shipping-taxable","11":"purchasable","12":"product-type-simple"},"_links":{"self":[{"href":"https:\/\/www.multicasa.com.br\/cuiaba\/wp-json\/wp\/v2\/product\/10708","targetHints":{"allow":["GET"]}}],"collection":[{"href":"https:\/\/www.multicasa.com.br\/cuiaba\/wp-json\/wp\/v2\/product"}],"about":[{"href":"https:\/\/www.multicasa.com.br\/cuiaba\/wp-json\/wp\/v2\/types\/product"}],"wp:featuredmedia":[{"embeddable":true,"href":"https:\/\/www.multicasa.com.br\/cuiaba\/wp-json\/wp\/v2\/media\/10781"}],"wp:attachment":[{"href":"https:\/\/www.multicasa.com.br\/cuiaba\/wp-json\/wp\/v2\/media?parent=10708"}],"wp:term":[{"taxonomy":"product_brand","embeddable":true,"href":"https:\/\/www.multicasa.com.br\/cuiaba\/wp-json\/wp\/v2\/product_brand?post=10708"},{"taxonomy":"product_cat","embeddable":true,"href":"https:\/\/www.multicasa.com.br\/cuiaba\/wp-json\/wp\/v2\/product_cat?post=10708"},{"taxonomy":"product_tag","embeddable":true,"href":"https:\/\/www.multicasa.com.br\/cuiaba\/wp-json\/wp\/v2\/product_tag?post=10708"}],"curies":[{"name":"wp","href":"https:\/\/api.w.org\/{rel}","templated":true}]}}