{"id":10731,"date":"2025-06-20T17:58:46","date_gmt":"2025-06-20T21:58:46","guid":{"rendered":"http:\/\/www.multicasa.com.br\/cuiaba\/?post_type=product&#038;p=10731"},"modified":"2025-12-02T15:20:43","modified_gmt":"2025-12-02T19:20:43","slug":"lampada-vela-lisa-e27-clara-brasfort-40w-127v","status":"publish","type":"product","link":"https:\/\/www.multicasa.com.br\/cuiaba\/produto\/lampada-vela-lisa-e27-clara-brasfort-40w-127v\/","title":{"rendered":"L\u00e2mpada Vela Lisa E27 Clara Brasfort 40W &#8211; 127V<br>SKU: 3467619"},"content":{"rendered":"<p>L\u00e2mpada Vela Lisa E27 Clara Brasfort 40W &#8211; 127V. Utilizada em lustres, abajur, spots, lumin\u00e1rias, etc. Bulbo de vidro com filamento em tungst\u00eanio e soquete de material n\u00e3o ferroso.<\/p>\n","protected":false},"excerpt":{"rendered":"<h4 style=\"margin: 0px;padding: 0px 0px 16px;font-family: Lato, sans-serif;font-weight: bold;line-height: 3rem;color: var(--dark-grey3);font-size: 22px;font-style: normal;letter-spacing: normal;text-align: start;text-indent: 0px;text-transform: none\">Informa\u00e7\u00f5es t\u00e9cnicas<\/h4>\n<p><span style=\"margin: 0px;padding: 0px;font-weight: 450;font-size: 14px;line-height: 21px;color: var(--dark-grey2);font-family: Lato, sans-serif;font-style: normal;letter-spacing: normal;text-align: start;text-indent: 0px;text-transform: none\">Produto: L\u00e2mpada<br \/>\nTipo: Vela lisa<br \/>\nMarca: Brasfort<br \/>\nMaterial: Vidro e tungst\u00eanio<br \/>\nCor: Clara<br \/>\nPot\u00eancia: 40w<br \/>\nTens\u00e3o El\u00e9trica: 127v<br \/>\nCaracter\u00edsticas: Soquete E27<br \/>\nItens Inclusos: 1 L\u00e2mpada vela lisa<br \/>\nDimens\u00f5es do produto (A X L X ): 10 x 3,5 x 3,5cm<\/span><\/p>\n","protected":false},"featured_media":10791,"template":"","meta":{"_joinchat":[]},"product_brand":[],"product_cat":[80],"product_tag":[],"class_list":{"0":"post-10731","1":"product","2":"type-product","3":"status-publish","4":"has-post-thumbnail","6":"product_cat-lampadas","8":"first","9":"instock","10":"shipping-taxable","11":"purchasable","12":"product-type-simple"},"_links":{"self":[{"href":"https:\/\/www.multicasa.com.br\/cuiaba\/wp-json\/wp\/v2\/product\/10731","targetHints":{"allow":["GET"]}}],"collection":[{"href":"https:\/\/www.multicasa.com.br\/cuiaba\/wp-json\/wp\/v2\/product"}],"about":[{"href":"https:\/\/www.multicasa.com.br\/cuiaba\/wp-json\/wp\/v2\/types\/product"}],"wp:featuredmedia":[{"embeddable":true,"href":"https:\/\/www.multicasa.com.br\/cuiaba\/wp-json\/wp\/v2\/media\/10791"}],"wp:attachment":[{"href":"https:\/\/www.multicasa.com.br\/cuiaba\/wp-json\/wp\/v2\/media?parent=10731"}],"wp:term":[{"taxonomy":"product_brand","embeddable":true,"href":"https:\/\/www.multicasa.com.br\/cuiaba\/wp-json\/wp\/v2\/product_brand?post=10731"},{"taxonomy":"product_cat","embeddable":true,"href":"https:\/\/www.multicasa.com.br\/cuiaba\/wp-json\/wp\/v2\/product_cat?post=10731"},{"taxonomy":"product_tag","embeddable":true,"href":"https:\/\/www.multicasa.com.br\/cuiaba\/wp-json\/wp\/v2\/product_tag?post=10731"}],"curies":[{"name":"wp","href":"https:\/\/api.w.org\/{rel}","templated":true}]}}