{"id":10804,"date":"2025-06-20T17:59:33","date_gmt":"2025-06-20T21:59:33","guid":{"rendered":"http:\/\/www.multicasa.com.br\/cuiaba\/?post_type=product&#038;p=10804"},"modified":"2026-04-17T11:00:31","modified_gmt":"2026-04-17T15:00:31","slug":"bateria-botao-lithium-lr41-flex-1-5v-2-unidades","status":"publish","type":"product","link":"https:\/\/www.multicasa.com.br\/cuiaba\/produto\/bateria-botao-lithium-lr41-flex-1-5v-2-unidades\/","title":{"rendered":"Bateria Bot\u00e3o Lithium LR41 Flex 1.5V &#8211; 2 Unidades<br>SKU: 3566943"},"content":{"rendered":"<p>A bateria bot\u00e3o de lithium LR41 Flex de 1.5v pode ser usada em calculadoras, placas m\u00e3e de computadores, controles remotos , chaves de carro, entre outros. A cartela cont\u00e9m 2 unidades de bateria tipo bot\u00e3o com 30mAh cada para que seus aparelhos continuem funcionamento perfeitamente.<\/p>\n","protected":false},"excerpt":{"rendered":"<h4 style=\"margin: 0px;padding: 0px 0px 16px;font-family: Lato, sans-serif;font-weight: bold;line-height: 3rem;color: var(--dark-grey3);font-size: 22px;font-style: normal;letter-spacing: normal;text-align: start;text-indent: 0px;text-transform: none\">Informa\u00e7\u00f5es t\u00e9cnicas<\/h4>\n<p><span style=\"margin: 0px;padding: 0px;font-weight: 450;font-size: 14px;line-height: 21px;color: var(--dark-grey2);font-family: Lato, sans-serif;font-style: normal;letter-spacing: normal;text-align: start;text-indent: 0px;text-transform: none\">Produto: Bateria<br \/>\nTipo: Lithium<br \/>\nMarca: Flex<br \/>\nModelo: LR41<br \/>\nAmperagem: 30 mah<br \/>\nVoltagem: 1,5v<br \/>\nCaracter\u00edsticas: Formato tipo bot\u00e3o<br \/>\nItens inclusos: 2 baterias<\/span><\/p>\n","protected":false},"featured_media":10880,"template":"","meta":{"_joinchat":[]},"product_brand":[],"product_cat":[151],"product_tag":[],"class_list":{"0":"post-10804","1":"product","2":"type-product","3":"status-publish","4":"has-post-thumbnail","6":"product_cat-pilhas","8":"first","9":"instock","10":"shipping-taxable","11":"purchasable","12":"product-type-simple"},"_links":{"self":[{"href":"https:\/\/www.multicasa.com.br\/cuiaba\/wp-json\/wp\/v2\/product\/10804","targetHints":{"allow":["GET"]}}],"collection":[{"href":"https:\/\/www.multicasa.com.br\/cuiaba\/wp-json\/wp\/v2\/product"}],"about":[{"href":"https:\/\/www.multicasa.com.br\/cuiaba\/wp-json\/wp\/v2\/types\/product"}],"wp:featuredmedia":[{"embeddable":true,"href":"https:\/\/www.multicasa.com.br\/cuiaba\/wp-json\/wp\/v2\/media\/10880"}],"wp:attachment":[{"href":"https:\/\/www.multicasa.com.br\/cuiaba\/wp-json\/wp\/v2\/media?parent=10804"}],"wp:term":[{"taxonomy":"product_brand","embeddable":true,"href":"https:\/\/www.multicasa.com.br\/cuiaba\/wp-json\/wp\/v2\/product_brand?post=10804"},{"taxonomy":"product_cat","embeddable":true,"href":"https:\/\/www.multicasa.com.br\/cuiaba\/wp-json\/wp\/v2\/product_cat?post=10804"},{"taxonomy":"product_tag","embeddable":true,"href":"https:\/\/www.multicasa.com.br\/cuiaba\/wp-json\/wp\/v2\/product_tag?post=10804"}],"curies":[{"name":"wp","href":"https:\/\/api.w.org\/{rel}","templated":true}]}}