{"id":10805,"date":"2025-06-20T17:59:33","date_gmt":"2025-06-20T21:59:33","guid":{"rendered":"http:\/\/www.multicasa.com.br\/cuiaba\/?post_type=product&#038;p=10805"},"modified":"2026-04-07T09:50:18","modified_gmt":"2026-04-07T13:50:18","slug":"bateria-botao-alcalina-lr1130-flex-15v-1-unidade","status":"publish","type":"product","link":"https:\/\/www.multicasa.com.br\/cuiaba\/produto\/bateria-botao-alcalina-lr1130-flex-15v-1-unidade\/","title":{"rendered":"Bateria Bot\u00e3o Alcalina LR1130 Flex 1,5V &#8211; 1 Unidade<br>SKU: 3566951"},"content":{"rendered":"<p>Com a Bateria Bot\u00e3o Alcalina LR1130 1,5V da Flex voc\u00ea prolonga a vida \u00fatil de alarmes automotivos, controles de port\u00e3o, calculadoras e outros objetos. Vem na cartela com 1 unidade.<\/p>\n","protected":false},"excerpt":{"rendered":"<h4 style=\"margin: 0px;padding: 0px 0px 16px;font-family: Lato, sans-serif;font-weight: bold;line-height: 3rem;color: var(--dark-grey3);font-size: 22px;font-style: normal;letter-spacing: normal;text-align: start;text-indent: 0px;text-transform: none\">Informa\u00e7\u00f5es t\u00e9cnicas<\/h4>\n<p><span style=\"margin: 0px;padding: 0px;font-weight: 450;font-size: 14px;line-height: 21px;color: var(--dark-grey2);font-family: Lato, sans-serif;font-style: normal;letter-spacing: normal;text-align: start;text-indent: 0px;text-transform: none\">Produto: Bateria<br \/>\nTipo: Bot\u00e3o<br \/>\nMarca: Flex<br \/>\nModelo: LR1130\/AG10<br \/>\nVoltagem: 1,5V<br \/>\nCaracter\u00edsticas: Alcalina<br \/>\nItens inclusos: 1 bateria LR1130<\/span><\/p>\n","protected":false},"featured_media":10881,"template":"","meta":{"_joinchat":[]},"product_brand":[],"product_cat":[151],"product_tag":[],"class_list":{"0":"post-10805","1":"product","2":"type-product","3":"status-publish","4":"has-post-thumbnail","6":"product_cat-pilhas","8":"first","9":"instock","10":"shipping-taxable","11":"purchasable","12":"product-type-simple"},"_links":{"self":[{"href":"https:\/\/www.multicasa.com.br\/cuiaba\/wp-json\/wp\/v2\/product\/10805","targetHints":{"allow":["GET"]}}],"collection":[{"href":"https:\/\/www.multicasa.com.br\/cuiaba\/wp-json\/wp\/v2\/product"}],"about":[{"href":"https:\/\/www.multicasa.com.br\/cuiaba\/wp-json\/wp\/v2\/types\/product"}],"wp:featuredmedia":[{"embeddable":true,"href":"https:\/\/www.multicasa.com.br\/cuiaba\/wp-json\/wp\/v2\/media\/10881"}],"wp:attachment":[{"href":"https:\/\/www.multicasa.com.br\/cuiaba\/wp-json\/wp\/v2\/media?parent=10805"}],"wp:term":[{"taxonomy":"product_brand","embeddable":true,"href":"https:\/\/www.multicasa.com.br\/cuiaba\/wp-json\/wp\/v2\/product_brand?post=10805"},{"taxonomy":"product_cat","embeddable":true,"href":"https:\/\/www.multicasa.com.br\/cuiaba\/wp-json\/wp\/v2\/product_cat?post=10805"},{"taxonomy":"product_tag","embeddable":true,"href":"https:\/\/www.multicasa.com.br\/cuiaba\/wp-json\/wp\/v2\/product_tag?post=10805"}],"curies":[{"name":"wp","href":"https:\/\/api.w.org\/{rel}","templated":true}]}}