{"id":10870,"date":"2025-06-20T18:00:20","date_gmt":"2025-06-20T22:00:20","guid":{"rendered":"http:\/\/www.multicasa.com.br\/cuiaba\/?post_type=product&#038;p=10870"},"modified":"2026-04-09T14:51:29","modified_gmt":"2026-04-09T18:51:29","slug":"chuveiro-ducha-top-jet-eletronica-lorenzetti-7500w-220v","status":"publish","type":"product","link":"https:\/\/www.multicasa.com.br\/cuiaba\/produto\/chuveiro-ducha-top-jet-eletronica-lorenzetti-7500w-220v\/","title":{"rendered":"Chuveiro Ducha Top Jet Eletr\u00f4nica Lorenzetti 7500W &#8211; 220V<br>SKU: 3618544"},"content":{"rendered":"<p>Leve m\u00e1ximo conforto e prazer na hora do banho  com o Chuveiro Ducha Top Jet Eletr\u00f4nica Lorenzetti. Com pot\u00eancia de 7500w e voltagem de 220v, \u00e9 ideal para todos os dias do ano. Atrav\u00e9s de seu controle eletr\u00f4nico de temperaturas, permite a sele\u00e7\u00e3o gradual e precisa, podendo ser acionado diretamente pelo bot\u00e3o ou haste prolongadora de 30cm que facilita o acesso. Produzido em termopl\u00e1stico, elast\u00f4meros, ligas de cobre, ferro, zinco, prata, n\u00edquel, cromo e alum\u00ednio estanho, possui mangueira com ducha manual. \u00c9 compat\u00edvel com aquecedores solares, com DR e recomenda-se o uso de bitola de fio de 6mm\u00b2 e disjuntor 40a. F\u00e1cil instala\u00e7\u00e3o e resist\u00eancia de troca r\u00e1pida.<\/p>\n","protected":false},"excerpt":{"rendered":"<h4 style=\"margin: 0px;padding: 0px 0px 16px;font-family: Lato, sans-serif;font-weight: bold;line-height: 3rem;color: var(--dark-grey3);font-size: 22px;font-style: normal;letter-spacing: normal;text-align: start;text-indent: 0px;text-transform: none\">Informa\u00e7\u00f5es t\u00e9cnicas<\/h4>\n<p><span style=\"margin: 0px;padding: 0px;font-weight: 450;font-size: 14px;line-height: 21px;color: var(--dark-grey2);font-family: Lato, sans-serif;font-style: normal;letter-spacing: normal;text-align: start;text-indent: 0px;text-transform: none\">Produto: Chuveiro<br \/>\nMarca: Lorenzetti<br \/>\nModelo: Top Jet<br \/>\nMaterial: termopl\u00e1stico; elast\u00f4meros; ligas de cobre; ferro; zinco; prata; n\u00edquel; cromo; alum\u00ednio estanho<br \/>\nCor: Branco<br \/>\nPot\u00eancia: 7500w<br \/>\nTens\u00e3o el\u00e9trica: 220v<br \/>\nCaracter\u00edsticas: ducha eletr\u00f4nica; Press\u00e3o de funcionamento: 10 a 400kPa (1 a 40mca ); grau de prote\u00e7\u00e3o: IP 24; comando de temperaturas por bot\u00e3o ou haste<br \/>\nItens Inclusos: 1 Chuveiro<br \/>\nDimens\u00f5es do produto (A x L x P): 12,1 x 16,1 x 28,4cm<\/span><\/p>\n","protected":false},"featured_media":24955,"template":"","meta":{"_joinchat":[]},"product_brand":[],"product_cat":[71],"product_tag":[],"class_list":{"0":"post-10870","1":"product","2":"type-product","3":"status-publish","4":"has-post-thumbnail","6":"product_cat-chuveiros","8":"first","9":"instock","10":"shipping-taxable","11":"purchasable","12":"product-type-simple"},"_links":{"self":[{"href":"https:\/\/www.multicasa.com.br\/cuiaba\/wp-json\/wp\/v2\/product\/10870","targetHints":{"allow":["GET"]}}],"collection":[{"href":"https:\/\/www.multicasa.com.br\/cuiaba\/wp-json\/wp\/v2\/product"}],"about":[{"href":"https:\/\/www.multicasa.com.br\/cuiaba\/wp-json\/wp\/v2\/types\/product"}],"wp:featuredmedia":[{"embeddable":true,"href":"https:\/\/www.multicasa.com.br\/cuiaba\/wp-json\/wp\/v2\/media\/24955"}],"wp:attachment":[{"href":"https:\/\/www.multicasa.com.br\/cuiaba\/wp-json\/wp\/v2\/media?parent=10870"}],"wp:term":[{"taxonomy":"product_brand","embeddable":true,"href":"https:\/\/www.multicasa.com.br\/cuiaba\/wp-json\/wp\/v2\/product_brand?post=10870"},{"taxonomy":"product_cat","embeddable":true,"href":"https:\/\/www.multicasa.com.br\/cuiaba\/wp-json\/wp\/v2\/product_cat?post=10870"},{"taxonomy":"product_tag","embeddable":true,"href":"https:\/\/www.multicasa.com.br\/cuiaba\/wp-json\/wp\/v2\/product_tag?post=10870"}],"curies":[{"name":"wp","href":"https:\/\/api.w.org\/{rel}","templated":true}]}}