{"id":10903,"date":"2025-06-20T18:00:42","date_gmt":"2025-06-20T22:00:42","guid":{"rendered":"http:\/\/www.multicasa.com.br\/cuiaba\/?post_type=product&#038;p=10903"},"modified":"2026-04-14T14:51:57","modified_gmt":"2026-04-14T18:51:57","slug":"ligacao-engate-flexivel-para-agua-pvc-astra-40cm","status":"publish","type":"product","link":"https:\/\/www.multicasa.com.br\/cuiaba\/produto\/ligacao-engate-flexivel-para-agua-pvc-astra-40cm\/","title":{"rendered":"Liga\u00e7\u00e3o Engate Flex\u00edvel para \u00c1gua PVC Astra 40cm<br>SKU: 3672620"},"content":{"rendered":"<p>A Liga\u00e7\u00e3o Engate Flex\u00edvel para \u00c1gua PVC 40cm da Astra possui terminais que evitam a tor\u00e7\u00e3o da mangueira. Suporta 40 m.c.a ou 4kgf\/cm\u00b2. Indicado somente para \u00e1gua fria, f\u00e1cil de instalar, possui est\u00e9tica discreta. Indicado para alimenta\u00e7\u00e3o de sistemas hidr\u00e1ulicos ou sistemas de descarga, como caixas acopladas, caixas de descarga elevadas, m\u00e9dias e baixas, lavat\u00f3rios, pias e bid\u00eas.<\/p>\n","protected":false},"excerpt":{"rendered":"<h4 style=\"margin: 0px;padding: 0px 0px 16px;font-family: Lato, sans-serif;font-weight: bold;line-height: 3rem;color: var(--dark-grey3);font-size: 22px;font-style: normal;letter-spacing: normal;text-align: start;text-indent: 0px;text-transform: none\">Informa\u00e7\u00f5es t\u00e9cnicas<\/h4>\n<p><span style=\"margin: 0px;padding: 0px;font-weight: 450;font-size: 14px;line-height: 21px;color: var(--dark-grey2);font-family: Lato, sans-serif;font-style: normal;letter-spacing: normal;text-align: start;text-indent: 0px;text-transform: none\">Produto: Engate flex\u00edvel<br \/>\nMarca: Astra<br \/>\nMaterial: PVC<br \/>\nCor: Branco<br \/>\nCaracter\u00edsticas: Bitola de 1\/2&#8243;, suporta 40 m.c.a ou 4kgf\/cm\u00b2, indicado somente para \u00e1gua fria, f\u00e1cil de instalar, possui est\u00e9tica discreta, possui terminais que evitam a tor\u00e7\u00e3o da mangueira<br \/>\nItens Inclusos: 1 Engate flex\u00edvel<br \/>\nDimens\u00f5es do produto (C) 40cm<br \/>\nPeso: 0,06246kg<\/span><\/p>\n","protected":false},"featured_media":10977,"template":"","meta":{"_joinchat":[]},"product_brand":[],"product_cat":[69],"product_tag":[],"class_list":{"0":"post-10903","1":"product","2":"type-product","3":"status-publish","4":"has-post-thumbnail","6":"product_cat-acessorios-para-banheiro","8":"first","9":"instock","10":"shipping-taxable","11":"purchasable","12":"product-type-simple"},"_links":{"self":[{"href":"https:\/\/www.multicasa.com.br\/cuiaba\/wp-json\/wp\/v2\/product\/10903","targetHints":{"allow":["GET"]}}],"collection":[{"href":"https:\/\/www.multicasa.com.br\/cuiaba\/wp-json\/wp\/v2\/product"}],"about":[{"href":"https:\/\/www.multicasa.com.br\/cuiaba\/wp-json\/wp\/v2\/types\/product"}],"wp:featuredmedia":[{"embeddable":true,"href":"https:\/\/www.multicasa.com.br\/cuiaba\/wp-json\/wp\/v2\/media\/10977"}],"wp:attachment":[{"href":"https:\/\/www.multicasa.com.br\/cuiaba\/wp-json\/wp\/v2\/media?parent=10903"}],"wp:term":[{"taxonomy":"product_brand","embeddable":true,"href":"https:\/\/www.multicasa.com.br\/cuiaba\/wp-json\/wp\/v2\/product_brand?post=10903"},{"taxonomy":"product_cat","embeddable":true,"href":"https:\/\/www.multicasa.com.br\/cuiaba\/wp-json\/wp\/v2\/product_cat?post=10903"},{"taxonomy":"product_tag","embeddable":true,"href":"https:\/\/www.multicasa.com.br\/cuiaba\/wp-json\/wp\/v2\/product_tag?post=10903"}],"curies":[{"name":"wp","href":"https:\/\/api.w.org\/{rel}","templated":true}]}}