{"id":10990,"date":"2025-06-20T18:01:49","date_gmt":"2025-06-20T22:01:49","guid":{"rendered":"http:\/\/www.multicasa.com.br\/cuiaba\/?post_type=product&#038;p=10990"},"modified":"2025-12-04T14:04:40","modified_gmt":"2025-12-04T18:04:40","slug":"lampada-bolinha-incandescente-amarela-e27-brasfort-15w-127v","status":"publish","type":"product","link":"https:\/\/www.multicasa.com.br\/cuiaba\/produto\/lampada-bolinha-incandescente-amarela-e27-brasfort-15w-127v\/","title":{"rendered":"L\u00e2mpada Bolinha Incandescente Amarela E27 Brasfort 15W &#8211; 127V<br>SKU: 3748855"},"content":{"rendered":"<p>L\u00e2mpada Bolinha Incandescente Amarela E27 Brasfort 15W &#8211; 127V. Utilizada em lustres, abajur, spots, lumin\u00e1rias, etc. Bulbo de vidro com filamento em tungst\u00eanio e soquete de material n\u00e3o ferroso.<\/p>\n","protected":false},"excerpt":{"rendered":"<h4 style=\"margin: 0px;padding: 0px 0px 16px;font-family: Lato, sans-serif;font-weight: bold;line-height: 3rem;color: var(--dark-grey3);font-size: 22px;font-style: normal;letter-spacing: normal;text-align: start;text-indent: 0px;text-transform: none\">Informa\u00e7\u00f5es t\u00e9cnicas<\/h4>\n<p><span style=\"margin: 0px;padding: 0px;font-weight: 450;font-size: 14px;line-height: 21px;color: var(--dark-grey2);font-family: Lato, sans-serif;font-style: normal;letter-spacing: normal;text-align: start;text-indent: 0px;text-transform: none\">Produto: L\u00e2mpada<br \/>\nTipo: Bolinha Incandescente<br \/>\nMarca: Brasfort<br \/>\nMaterial: Vidro e tungst\u00eanio<br \/>\nCor: Amarela<br \/>\nPot\u00eancia: 15w<br \/>\nTens\u00e3o El\u00e9trica: 127v<br \/>\nCaracter\u00edsticas: Soquete E27<br \/>\nItens Inclusos: 1 L\u00e2mpada bolinha<br \/>\nDimens\u00f5es do produto (A X L X ): 7 x 4,5 x 4,5cm<\/span><\/p>\n","protected":false},"featured_media":11038,"template":"","meta":{"_joinchat":[]},"product_brand":[],"product_cat":[80],"product_tag":[],"class_list":{"0":"post-10990","1":"product","2":"type-product","3":"status-publish","4":"has-post-thumbnail","6":"product_cat-lampadas","8":"first","9":"instock","10":"shipping-taxable","11":"purchasable","12":"product-type-simple"},"_links":{"self":[{"href":"https:\/\/www.multicasa.com.br\/cuiaba\/wp-json\/wp\/v2\/product\/10990","targetHints":{"allow":["GET"]}}],"collection":[{"href":"https:\/\/www.multicasa.com.br\/cuiaba\/wp-json\/wp\/v2\/product"}],"about":[{"href":"https:\/\/www.multicasa.com.br\/cuiaba\/wp-json\/wp\/v2\/types\/product"}],"wp:featuredmedia":[{"embeddable":true,"href":"https:\/\/www.multicasa.com.br\/cuiaba\/wp-json\/wp\/v2\/media\/11038"}],"wp:attachment":[{"href":"https:\/\/www.multicasa.com.br\/cuiaba\/wp-json\/wp\/v2\/media?parent=10990"}],"wp:term":[{"taxonomy":"product_brand","embeddable":true,"href":"https:\/\/www.multicasa.com.br\/cuiaba\/wp-json\/wp\/v2\/product_brand?post=10990"},{"taxonomy":"product_cat","embeddable":true,"href":"https:\/\/www.multicasa.com.br\/cuiaba\/wp-json\/wp\/v2\/product_cat?post=10990"},{"taxonomy":"product_tag","embeddable":true,"href":"https:\/\/www.multicasa.com.br\/cuiaba\/wp-json\/wp\/v2\/product_tag?post=10990"}],"curies":[{"name":"wp","href":"https:\/\/api.w.org\/{rel}","templated":true}]}}