{"id":10997,"date":"2025-06-20T18:01:50","date_gmt":"2025-06-20T22:01:50","guid":{"rendered":"http:\/\/www.multicasa.com.br\/cuiaba\/?post_type=product&#038;p=10997"},"modified":"2026-04-04T11:51:21","modified_gmt":"2026-04-04T15:51:21","slug":"tabua-de-passar-em-aco-vaportec-tri-plus-1001-metaltec","status":"publish","type":"product","link":"https:\/\/www.multicasa.com.br\/cuiaba\/produto\/tabua-de-passar-em-aco-vaportec-tri-plus-1001-metaltec\/","title":{"rendered":"T\u00e1bua de Passar em A\u00e7o Vaportec Tri plus 1001 Metaltec<br>SKU: 3770621"},"content":{"rendered":"<p>A T\u00e1bua de Passar Vaportec Tri Plus 1001 Metaltec \u00e9 produzida em a\u00e7o, com ponteiras de PVC antiderrapantes que permitem mais seguran\u00e7a na hora de passar suas roupas. Possui 3 n\u00edveis de altura, sendo que a altura m\u00e1xima chega a 89cm e m\u00ednima de 79cm. Seu suporte inclinado para o ferro de passar e sistema de travamento, s\u00e3o perfeitos para voc\u00ea efetuar a tarefa de forma eficaz.<\/p>\n","protected":false},"excerpt":{"rendered":"<h4 style=\"margin: 0px;padding: 0px 0px 16px;font-family: Lato, sans-serif;font-weight: bold;line-height: 3rem;color: var(--dark-grey3);font-size: 22px;font-style: normal;letter-spacing: normal;text-align: start;text-indent: 0px;text-transform: none\">Informa\u00e7\u00f5es t\u00e9cnicas<\/h4>\n<p><span style=\"margin: 0px;padding: 0px;font-weight: 450;font-size: 14px;line-height: 21px;color: var(--dark-grey2);font-family: Lato, sans-serif;font-style: normal;letter-spacing: normal;text-align: start;text-indent: 0px;text-transform: none\">Produto: T\u00e1bua de passar<br \/>\nMarca: Metaltec<br \/>\nMaterial: PVC<br \/>\nTecido t\u00e9rmico<br \/>\nCor: Branco<br \/>\nCaracter\u00edsticas: 3 n\u00edveis de ajuste de altura<br \/>\nSistema de travamento<br \/>\nSuporte inclinado para ferro de passar<br \/>\nCapa do tampo substitu\u00edvel<br \/>\nItens Inclusos: 1 t\u00e1bua de passar<br \/>\nDimens\u00f5es do produto (L X C x P): Tampo &#8211; 0,33 x 1,39 x 0,06m<br \/>\nAltura m\u00e1xima &#8211; 89cm<br \/>\nAltura m\u00ednima &#8211; 79cm<br \/>\n<\/span><\/p>\n","protected":false},"featured_media":11046,"template":"","meta":{"_joinchat":[]},"product_brand":[],"product_cat":[95],"product_tag":[],"class_list":{"0":"post-10997","1":"product","2":"type-product","3":"status-publish","4":"has-post-thumbnail","6":"product_cat-lavanderia","8":"first","9":"instock","10":"shipping-taxable","11":"purchasable","12":"product-type-simple"},"_links":{"self":[{"href":"https:\/\/www.multicasa.com.br\/cuiaba\/wp-json\/wp\/v2\/product\/10997","targetHints":{"allow":["GET"]}}],"collection":[{"href":"https:\/\/www.multicasa.com.br\/cuiaba\/wp-json\/wp\/v2\/product"}],"about":[{"href":"https:\/\/www.multicasa.com.br\/cuiaba\/wp-json\/wp\/v2\/types\/product"}],"wp:featuredmedia":[{"embeddable":true,"href":"https:\/\/www.multicasa.com.br\/cuiaba\/wp-json\/wp\/v2\/media\/11046"}],"wp:attachment":[{"href":"https:\/\/www.multicasa.com.br\/cuiaba\/wp-json\/wp\/v2\/media?parent=10997"}],"wp:term":[{"taxonomy":"product_brand","embeddable":true,"href":"https:\/\/www.multicasa.com.br\/cuiaba\/wp-json\/wp\/v2\/product_brand?post=10997"},{"taxonomy":"product_cat","embeddable":true,"href":"https:\/\/www.multicasa.com.br\/cuiaba\/wp-json\/wp\/v2\/product_cat?post=10997"},{"taxonomy":"product_tag","embeddable":true,"href":"https:\/\/www.multicasa.com.br\/cuiaba\/wp-json\/wp\/v2\/product_tag?post=10997"}],"curies":[{"name":"wp","href":"https:\/\/api.w.org\/{rel}","templated":true}]}}