{"id":11000,"date":"2025-06-20T18:01:50","date_gmt":"2025-06-20T22:01:50","guid":{"rendered":"http:\/\/www.multicasa.com.br\/cuiaba\/?post_type=product&#038;p=11000"},"modified":"2026-03-02T13:33:57","modified_gmt":"2026-03-02T17:33:57","slug":"tabua-de-passar-em-aco-regis-901-lenox","status":"publish","type":"product","link":"https:\/\/www.multicasa.com.br\/cuiaba\/produto\/tabua-de-passar-em-aco-regis-901-lenox\/","title":{"rendered":"T\u00e1bua de Passar em A\u00e7o Regis 901 Lenox<br>SKU: 3775917"},"content":{"rendered":"<p>A T\u00e1bua de Passar Regis 901 Lenox possui estrutura em a\u00e7o leve e resistente e com pintura em ep\u00f3xi. F\u00e1cil de armar e desarmar, possui 13 gradua\u00e7\u00f5es de altura com trava de regulagem permitindo, inclusive ficar sentada enquanto passa. Suporte retr\u00e1til para ferro e tampo perfurado que permite a passagem de vapor. Leve e dur\u00e1vel!<\/p>\n","protected":false},"excerpt":{"rendered":"<h4 style=\"margin: 0px;padding: 0px 0px 16px;font-family: Lato, sans-serif;font-weight: bold;line-height: 3rem;color: var(--dark-grey3);font-size: 22px;font-style: normal;letter-spacing: normal;text-align: start;text-indent: 0px;text-transform: none\">Informa\u00e7\u00f5es t\u00e9cnicas<\/h4>\n<p><span style=\"margin: 0px;padding: 0px;font-weight: 450;font-size: 14px;line-height: 21px;color: var(--dark-grey2);font-family: Lato, sans-serif;font-style: normal;letter-spacing: normal;text-align: start;text-indent: 0px;text-transform: none\">Produto: T\u00e1bua de passar<br \/>\nMarca: Lenox<br \/>\nMaterial: A\u00e7o<br \/>\nCor: Branco e cinza<br \/>\nCaracter\u00edsticas: 13 gradua\u00e7\u00f5es de altura, abertura e fechamento com um \u00fanico toque, suporte retr\u00e1til para ferro, tampo perfurado, auto travamento<br \/>\nItens Inclusos: 1 t\u00e1bua de passar<br \/>\nDimens\u00f5es do produto (L x P): 126 x 34cm<br \/>\nAltura m\u00e1xima &#8211; 86cm<br \/>\nPeso: 5kg<br \/>\n<\/span><\/p>\n","protected":false},"featured_media":26044,"template":"","meta":{"_joinchat":[]},"product_brand":[],"product_cat":[95],"product_tag":[],"class_list":{"0":"post-11000","1":"product","2":"type-product","3":"status-publish","4":"has-post-thumbnail","6":"product_cat-lavanderia","8":"first","9":"instock","10":"shipping-taxable","11":"purchasable","12":"product-type-simple"},"_links":{"self":[{"href":"https:\/\/www.multicasa.com.br\/cuiaba\/wp-json\/wp\/v2\/product\/11000","targetHints":{"allow":["GET"]}}],"collection":[{"href":"https:\/\/www.multicasa.com.br\/cuiaba\/wp-json\/wp\/v2\/product"}],"about":[{"href":"https:\/\/www.multicasa.com.br\/cuiaba\/wp-json\/wp\/v2\/types\/product"}],"wp:featuredmedia":[{"embeddable":true,"href":"https:\/\/www.multicasa.com.br\/cuiaba\/wp-json\/wp\/v2\/media\/26044"}],"wp:attachment":[{"href":"https:\/\/www.multicasa.com.br\/cuiaba\/wp-json\/wp\/v2\/media?parent=11000"}],"wp:term":[{"taxonomy":"product_brand","embeddable":true,"href":"https:\/\/www.multicasa.com.br\/cuiaba\/wp-json\/wp\/v2\/product_brand?post=11000"},{"taxonomy":"product_cat","embeddable":true,"href":"https:\/\/www.multicasa.com.br\/cuiaba\/wp-json\/wp\/v2\/product_cat?post=11000"},{"taxonomy":"product_tag","embeddable":true,"href":"https:\/\/www.multicasa.com.br\/cuiaba\/wp-json\/wp\/v2\/product_tag?post=11000"}],"curies":[{"name":"wp","href":"https:\/\/api.w.org\/{rel}","templated":true}]}}