{"id":11128,"date":"2025-06-20T18:03:21","date_gmt":"2025-06-20T22:03:21","guid":{"rendered":"http:\/\/www.multicasa.com.br\/cuiaba\/?post_type=product&#038;p=11128"},"modified":"2025-10-17T15:35:58","modified_gmt":"2025-10-17T19:35:58","slug":"organizador-prateleira-empilhavel-cromado-para-armario-future-32cm","status":"publish","type":"product","link":"https:\/\/www.multicasa.com.br\/cuiaba\/produto\/organizador-prateleira-empilhavel-cromado-para-armario-future-32cm\/","title":{"rendered":"Organizador Prateleira Empilh\u00e1vel Cromado para Arm\u00e1rio Future 32cm<br>SKU: 3884228"},"content":{"rendered":"<p>O Organizador \/ Prateleira Empilh\u00e1vel em A\u00e7o Cromado Future, proporciona um melhor aproveitamento do espa\u00e7o em arm\u00e1rios e outros m\u00f3veis, facilitando a organiza\u00e7\u00e3o de lou\u00e7as, mantimentos e muito mais. Possui tecnologia Rust Free: consiste em uma camada extra de protetivo especial aplicado sobre as pe\u00e7as cromadas, resultando em uma resist\u00eancia muito maior contra ferrugem e mantendo o aspecto brilhante por muito tempo. Seu design \u00e9 moderno, compacto e de f\u00e1cil acomoda\u00e7\u00e3o.<br \/>\nOtimize o espa\u00e7o na cozinha e tenha seus potes, pratos e demais itens sempre organizados!<\/p>\n","protected":false},"excerpt":{"rendered":"<h4 style=\"margin: 0px;padding: 0px 0px 16px;font-family: Lato, sans-serif;font-weight: bold;line-height: 3rem;color: var(--dark-grey3);font-size: 22px;font-style: normal;letter-spacing: normal;text-align: start;text-indent: 0px;text-transform: none\">Informa\u00e7\u00f5es t\u00e9cnicas<\/h4>\n<p><span style=\"margin: 0px;padding: 0px;font-weight: 450;font-size: 14px;line-height: 21px;color: var(--dark-grey2);font-family: Lato, sans-serif;font-style: normal;letter-spacing: normal;text-align: start;text-indent: 0px;text-transform: none\">Produto: Organizador de prateleira<br \/>\nMarca: Future<br \/>\nMaterial: A\u00e7o cromado<br \/>\nCor: Prata<br \/>\nCaracter\u00edsticas: Resistente contra ferrugem<br \/>\nItens Inclusos: 1 organizador de prateleira<br \/>\nDimens\u00f5es do produto (A x L x P): 32 x 27 x 15cm<br \/>\n<\/span><\/p>\n","protected":false},"featured_media":11183,"template":"","meta":{"_joinchat":[]},"product_brand":[],"product_cat":[98],"product_tag":[],"class_list":{"0":"post-11128","1":"product","2":"type-product","3":"status-publish","4":"has-post-thumbnail","6":"product_cat-organizadores","8":"first","9":"instock","10":"shipping-taxable","11":"purchasable","12":"product-type-simple"},"_links":{"self":[{"href":"https:\/\/www.multicasa.com.br\/cuiaba\/wp-json\/wp\/v2\/product\/11128","targetHints":{"allow":["GET"]}}],"collection":[{"href":"https:\/\/www.multicasa.com.br\/cuiaba\/wp-json\/wp\/v2\/product"}],"about":[{"href":"https:\/\/www.multicasa.com.br\/cuiaba\/wp-json\/wp\/v2\/types\/product"}],"wp:featuredmedia":[{"embeddable":true,"href":"https:\/\/www.multicasa.com.br\/cuiaba\/wp-json\/wp\/v2\/media\/11183"}],"wp:attachment":[{"href":"https:\/\/www.multicasa.com.br\/cuiaba\/wp-json\/wp\/v2\/media?parent=11128"}],"wp:term":[{"taxonomy":"product_brand","embeddable":true,"href":"https:\/\/www.multicasa.com.br\/cuiaba\/wp-json\/wp\/v2\/product_brand?post=11128"},{"taxonomy":"product_cat","embeddable":true,"href":"https:\/\/www.multicasa.com.br\/cuiaba\/wp-json\/wp\/v2\/product_cat?post=11128"},{"taxonomy":"product_tag","embeddable":true,"href":"https:\/\/www.multicasa.com.br\/cuiaba\/wp-json\/wp\/v2\/product_tag?post=11128"}],"curies":[{"name":"wp","href":"https:\/\/api.w.org\/{rel}","templated":true}]}}