{"id":11131,"date":"2025-06-20T18:03:22","date_gmt":"2025-06-20T22:03:22","guid":{"rendered":"http:\/\/www.multicasa.com.br\/cuiaba\/?post_type=product&#038;p=11131"},"modified":"2025-08-18T00:34:46","modified_gmt":"2025-08-18T04:34:46","slug":"cano-de-plastico-para-chuveiro-branco-lorenzetti-57-x-30cm","status":"publish","type":"product","link":"https:\/\/www.multicasa.com.br\/cuiaba\/produto\/cano-de-plastico-para-chuveiro-branco-lorenzetti-57-x-30cm\/","title":{"rendered":"Cano de Pl\u00e1stico para Chuveiro Branco Lorenzetti 5,7 x 30cm<br>SKU: 3907910"},"content":{"rendered":"<p>O Cano para Chuveiro da Lorenzetti proporciona beleza e funcionalidade ao seu banheiro. Feito em pl\u00e1sticos de engenharia na cor branca e com 30cm, esconde a fia\u00e7\u00e3o do chuveiro at\u00e9 a parede, ganhando seguran\u00e7a e estilo. Compat\u00edvel com chuveiros Lorenzetti, adapta-se tamb\u00e9m aos demais chuveiros do mercado.<\/p>\n","protected":false},"excerpt":{"rendered":"<h4 style=\"margin: 0px;padding: 0px 0px 16px;font-family: Lato, sans-serif;font-weight: bold;line-height: 3rem;color: var(--dark-grey3);font-size: 22px;font-style: normal;letter-spacing: normal;text-align: start;text-indent: 0px;text-transform: none\">Informa\u00e7\u00f5es t\u00e9cnicas<\/h4>\n<p><span style=\"margin: 0px;padding: 0px;font-weight: 450;font-size: 14px;line-height: 21px;color: var(--dark-grey2);font-family: Lato, sans-serif;font-style: normal;letter-spacing: normal;text-align: start;text-indent: 0px;text-transform: none\">Produto: Cano de Pl\u00e1stico para chuveiro<br \/>\nMarca: Lorenzetti<br \/>\nMaterial: Pl\u00e1stico de engenharia<br \/>\nCor: Branco<br \/>\nItens inclusos: 1 Cano para chuveiro<br \/>\nDimens\u00f5es do produto (A x L): 5,7 x 30cm<\/span><\/p>\n","protected":false},"featured_media":11205,"template":"","meta":{"_joinchat":[]},"product_brand":[],"product_cat":[71],"product_tag":[],"class_list":{"0":"post-11131","1":"product","2":"type-product","3":"status-publish","4":"has-post-thumbnail","6":"product_cat-chuveiros","8":"first","9":"instock","10":"shipping-taxable","11":"purchasable","12":"product-type-simple"},"_links":{"self":[{"href":"https:\/\/www.multicasa.com.br\/cuiaba\/wp-json\/wp\/v2\/product\/11131","targetHints":{"allow":["GET"]}}],"collection":[{"href":"https:\/\/www.multicasa.com.br\/cuiaba\/wp-json\/wp\/v2\/product"}],"about":[{"href":"https:\/\/www.multicasa.com.br\/cuiaba\/wp-json\/wp\/v2\/types\/product"}],"wp:featuredmedia":[{"embeddable":true,"href":"https:\/\/www.multicasa.com.br\/cuiaba\/wp-json\/wp\/v2\/media\/11205"}],"wp:attachment":[{"href":"https:\/\/www.multicasa.com.br\/cuiaba\/wp-json\/wp\/v2\/media?parent=11131"}],"wp:term":[{"taxonomy":"product_brand","embeddable":true,"href":"https:\/\/www.multicasa.com.br\/cuiaba\/wp-json\/wp\/v2\/product_brand?post=11131"},{"taxonomy":"product_cat","embeddable":true,"href":"https:\/\/www.multicasa.com.br\/cuiaba\/wp-json\/wp\/v2\/product_cat?post=11131"},{"taxonomy":"product_tag","embeddable":true,"href":"https:\/\/www.multicasa.com.br\/cuiaba\/wp-json\/wp\/v2\/product_tag?post=11131"}],"curies":[{"name":"wp","href":"https:\/\/api.w.org\/{rel}","templated":true}]}}