{"id":11194,"date":"2025-06-20T18:04:09","date_gmt":"2025-06-20T22:04:09","guid":{"rendered":"http:\/\/www.multicasa.com.br\/cuiaba\/?post_type=product&#038;p=11194"},"modified":"2025-12-16T19:33:27","modified_gmt":"2025-12-16T23:33:27","slug":"kit-para-jardinagem-com-cabo-de-madeira-tramontina-3-pecas","status":"publish","type":"product","link":"https:\/\/www.multicasa.com.br\/cuiaba\/produto\/kit-para-jardinagem-com-cabo-de-madeira-tramontina-3-pecas\/","title":{"rendered":"Kit para Jardinagem com Cabo de Madeira Tramontina 3 Pe\u00e7as<br>SKU: 4019261"},"content":{"rendered":"<p>Kit para Jardinagem Tramontina com 3 pe\u00e7as produzidas em a\u00e7o carbono ao boro especial de alta qualidade, com pintura eletrost\u00e1tica a p\u00f3 na cor laranja e cabo de madeira resistente de eucalipto de origem renov\u00e1vel. Ferramentas ideais para deixar o jardim bem cuidado, pensando em cada cantinho e detalhe. O kit \u00e9 composto por uma p\u00e1 larga, uma p\u00e1 estreita e um ancinho com tr\u00eas dentes. Todas tem facilidade de manejo e alta durabilidade!<\/p>\n","protected":false},"excerpt":{"rendered":"<h4 style=\"margin: 0px;padding: 0px 0px 16px;font-family: Lato, sans-serif;font-weight: bold;line-height: 3rem;color: var(--dark-grey3);font-size: 22px;font-style: normal;letter-spacing: normal;text-align: start;text-indent: 0px;text-transform: none\">Informa\u00e7\u00f5es t\u00e9cnicas<\/h4>\n<p><span style=\"margin: 0px;padding: 0px;font-weight: 450;font-size: 14px;line-height: 21px;color: var(--dark-grey2);font-family: Lato, sans-serif;font-style: normal;letter-spacing: normal;text-align: start;text-indent: 0px;text-transform: none\">Produto: Kit Jardinagem<br \/>\nMarca: Tramontina<br \/>\nMaterial: A\u00e7o carbono<br \/>\nBoro especial<br \/>\nCabo de madeira de eucalipto renov\u00e1vel<br \/>\nAcabamento: Pintura eletrost\u00e1tica a p\u00f3<br \/>\nCor: Laranja<br \/>\nQuantidade de pe\u00e7as: 3<br \/>\nItens Inclusos: 1 pazinha larga<br \/>\n1 pazinha estreita<br \/>\n1 ancinho de 3 dentes<br \/>\nDimens\u00f5es do produto (A X L): Pazinha larga &#8211; 26,3 x 8,5cm<br \/>\nPazinha estreita &#8211; 27 x 5,6cm<br \/>\nAncinho &#8211; 20,5 x 7cm<\/span><\/p>\n","protected":false},"featured_media":11247,"template":"","meta":{"_joinchat":[]},"product_brand":[],"product_cat":[76],"product_tag":[],"class_list":{"0":"post-11194","1":"product","2":"type-product","3":"status-publish","4":"has-post-thumbnail","6":"product_cat-jardinagem","8":"first","9":"instock","10":"shipping-taxable","11":"purchasable","12":"product-type-simple"},"_links":{"self":[{"href":"https:\/\/www.multicasa.com.br\/cuiaba\/wp-json\/wp\/v2\/product\/11194","targetHints":{"allow":["GET"]}}],"collection":[{"href":"https:\/\/www.multicasa.com.br\/cuiaba\/wp-json\/wp\/v2\/product"}],"about":[{"href":"https:\/\/www.multicasa.com.br\/cuiaba\/wp-json\/wp\/v2\/types\/product"}],"wp:featuredmedia":[{"embeddable":true,"href":"https:\/\/www.multicasa.com.br\/cuiaba\/wp-json\/wp\/v2\/media\/11247"}],"wp:attachment":[{"href":"https:\/\/www.multicasa.com.br\/cuiaba\/wp-json\/wp\/v2\/media?parent=11194"}],"wp:term":[{"taxonomy":"product_brand","embeddable":true,"href":"https:\/\/www.multicasa.com.br\/cuiaba\/wp-json\/wp\/v2\/product_brand?post=11194"},{"taxonomy":"product_cat","embeddable":true,"href":"https:\/\/www.multicasa.com.br\/cuiaba\/wp-json\/wp\/v2\/product_cat?post=11194"},{"taxonomy":"product_tag","embeddable":true,"href":"https:\/\/www.multicasa.com.br\/cuiaba\/wp-json\/wp\/v2\/product_tag?post=11194"}],"curies":[{"name":"wp","href":"https:\/\/api.w.org\/{rel}","templated":true}]}}