{"id":11196,"date":"2025-06-20T18:04:09","date_gmt":"2025-06-20T22:04:09","guid":{"rendered":"http:\/\/www.multicasa.com.br\/cuiaba\/?post_type=product&#038;p=11196"},"modified":"2026-04-14T14:52:01","modified_gmt":"2026-04-14T18:52:01","slug":"sifao-copo-sanfonado-universal-branco-astra","status":"publish","type":"product","link":"https:\/\/www.multicasa.com.br\/cuiaba\/produto\/sifao-copo-sanfonado-universal-branco-astra\/","title":{"rendered":"Sif\u00e3o Copo Sanfonado Universal Branco Astra<br>SKU: 4026160"},"content":{"rendered":"<p>O Sif\u00e3o Copo Sanfonado Universal Branco Astra tem a fun\u00e7\u00e3o de escoar a \u00e1gua de pias, lavat\u00f3rios e tanques para o esgoto. Produzido em polipropileno \u00e9 a pe\u00e7a ideal para o funcionamento do sistema hidr\u00e1ulico, com sa\u00edda universal podendo ser utilizada em conex\u00f5es de 38 mm com o anel de borracha, fazendo-se o corte na marca\u00e7\u00e3o aos tubos de 40 mm.<\/p>\n","protected":false},"excerpt":{"rendered":"<h4 style=\"margin: 0px;padding: 0px 0px 16px;font-family: Lato, sans-serif;font-weight: bold;line-height: 3rem;color: var(--dark-grey3);font-size: 22px;font-style: normal;letter-spacing: normal;text-align: start;text-indent: 0px;text-transform: none\">Informa\u00e7\u00f5es t\u00e9cnicas<\/h4>\n<p><span style=\"margin: 0px;padding: 0px;font-weight: 450;font-size: 14px;line-height: 21px;color: var(--dark-grey2);font-family: Lato, sans-serif;font-style: normal;letter-spacing: normal;text-align: start;text-indent: 0px;text-transform: none\">Produto: Sif\u00e3o<br \/>\nMarca: Astra<br \/>\nMaterial: Polipropileno<br \/>\nCor: Branco<br \/>\nCaracter\u00edsticas: Entrada para 1&#8243;( pias e lavat\u00f3rios), 11\/4&#8243;( tanques) e 11\/2&#8243; (v\u00e1lvulas americanas)<br \/>\nSa\u00eddas de 40 e 50mm para tubos e conex\u00f5es<br \/>\nTubo de sa\u00edda com 445mm(aberto)<br \/>\nQuantidade de pe\u00e7as: 4<br \/>\nItens Inclusos: 1 Sif\u00e3o<br \/>\n3 arruelas de veda\u00e7\u00e3o<br \/>\nDimens\u00f5es do produto (A X L): 44 x 18cm<br \/>\n<\/span><\/p>\n","protected":false},"featured_media":11250,"template":"","meta":{"_joinchat":[]},"product_brand":[],"product_cat":[74],"product_tag":[],"class_list":{"0":"post-11196","1":"product","2":"type-product","3":"status-publish","4":"has-post-thumbnail","6":"product_cat-reparos-hidraulicos","8":"first","9":"instock","10":"shipping-taxable","11":"purchasable","12":"product-type-simple"},"_links":{"self":[{"href":"https:\/\/www.multicasa.com.br\/cuiaba\/wp-json\/wp\/v2\/product\/11196","targetHints":{"allow":["GET"]}}],"collection":[{"href":"https:\/\/www.multicasa.com.br\/cuiaba\/wp-json\/wp\/v2\/product"}],"about":[{"href":"https:\/\/www.multicasa.com.br\/cuiaba\/wp-json\/wp\/v2\/types\/product"}],"wp:featuredmedia":[{"embeddable":true,"href":"https:\/\/www.multicasa.com.br\/cuiaba\/wp-json\/wp\/v2\/media\/11250"}],"wp:attachment":[{"href":"https:\/\/www.multicasa.com.br\/cuiaba\/wp-json\/wp\/v2\/media?parent=11196"}],"wp:term":[{"taxonomy":"product_brand","embeddable":true,"href":"https:\/\/www.multicasa.com.br\/cuiaba\/wp-json\/wp\/v2\/product_brand?post=11196"},{"taxonomy":"product_cat","embeddable":true,"href":"https:\/\/www.multicasa.com.br\/cuiaba\/wp-json\/wp\/v2\/product_cat?post=11196"},{"taxonomy":"product_tag","embeddable":true,"href":"https:\/\/www.multicasa.com.br\/cuiaba\/wp-json\/wp\/v2\/product_tag?post=11196"}],"curies":[{"name":"wp","href":"https:\/\/api.w.org\/{rel}","templated":true}]}}