{"id":11290,"date":"2025-06-20T18:05:18","date_gmt":"2025-06-20T22:05:18","guid":{"rendered":"http:\/\/www.multicasa.com.br\/cuiaba\/?post_type=product&#038;p=11290"},"modified":"2025-10-17T15:44:08","modified_gmt":"2025-10-17T19:44:08","slug":"porta-shampoo-com-saboneteira-aco-cromado-future","status":"publish","type":"product","link":"https:\/\/www.multicasa.com.br\/cuiaba\/produto\/porta-shampoo-com-saboneteira-aco-cromado-future\/","title":{"rendered":"Porta Shampoo com Saboneteira A\u00e7o Cromado Future<br>SKU: 4204824"},"content":{"rendered":"<p>O Porta Shampoo e sabonete de parede Future \u00e9 um produto diferenciado e pr\u00e1tico. Produzido em a\u00e7o cromado com tratamento de prote\u00e7\u00e3o especial para a conserva\u00e7\u00e3o do produto. Possui 2 andares, o primeiro para colocar shampoo, condicionador e outros produtos maiores, e embaixo uma saboneteira super pr\u00e1tica.<br \/>\nItem essencial para o dia a dia e com design cl\u00e1ssico que combina com qualquer banheiro.<\/p>\n","protected":false},"excerpt":{"rendered":"<h4 style=\"margin: 0px;padding: 0px 0px 16px;font-family: Lato, sans-serif;font-weight: bold;line-height: 3rem;color: var(--dark-grey3);font-size: 22px;font-style: normal;letter-spacing: normal;text-align: start;text-indent: 0px;text-transform: none\">Informa\u00e7\u00f5es t\u00e9cnicas<\/h4>\n<p><span style=\"margin: 0px;padding: 0px;font-weight: 450;font-size: 14px;line-height: 21px;color: var(--dark-grey2);font-family: Lato, sans-serif;font-style: normal;letter-spacing: normal;text-align: start;text-indent: 0px;text-transform: none\">Produto: Porta shampoo e sabonete<br \/>\nMarca: Future<br \/>\nMaterial: A\u00e7o cromado<br \/>\nCor: Prata<br \/>\nItens inclusos: 1 Porta shampoo e sabonete<br \/>\nDimens\u00f5es do produto (A X L x P): 39 x 28,5 x 11cm<\/span><\/p>\n","protected":false},"featured_media":25786,"template":"","meta":{"_joinchat":[]},"product_brand":[],"product_cat":[69],"product_tag":[],"class_list":{"0":"post-11290","1":"product","2":"type-product","3":"status-publish","4":"has-post-thumbnail","6":"product_cat-acessorios-para-banheiro","8":"first","9":"instock","10":"shipping-taxable","11":"purchasable","12":"product-type-simple"},"_links":{"self":[{"href":"https:\/\/www.multicasa.com.br\/cuiaba\/wp-json\/wp\/v2\/product\/11290","targetHints":{"allow":["GET"]}}],"collection":[{"href":"https:\/\/www.multicasa.com.br\/cuiaba\/wp-json\/wp\/v2\/product"}],"about":[{"href":"https:\/\/www.multicasa.com.br\/cuiaba\/wp-json\/wp\/v2\/types\/product"}],"wp:featuredmedia":[{"embeddable":true,"href":"https:\/\/www.multicasa.com.br\/cuiaba\/wp-json\/wp\/v2\/media\/25786"}],"wp:attachment":[{"href":"https:\/\/www.multicasa.com.br\/cuiaba\/wp-json\/wp\/v2\/media?parent=11290"}],"wp:term":[{"taxonomy":"product_brand","embeddable":true,"href":"https:\/\/www.multicasa.com.br\/cuiaba\/wp-json\/wp\/v2\/product_brand?post=11290"},{"taxonomy":"product_cat","embeddable":true,"href":"https:\/\/www.multicasa.com.br\/cuiaba\/wp-json\/wp\/v2\/product_cat?post=11290"},{"taxonomy":"product_tag","embeddable":true,"href":"https:\/\/www.multicasa.com.br\/cuiaba\/wp-json\/wp\/v2\/product_tag?post=11290"}],"curies":[{"name":"wp","href":"https:\/\/api.w.org\/{rel}","templated":true}]}}