{"id":11351,"date":"2025-06-20T18:06:03","date_gmt":"2025-06-20T22:06:03","guid":{"rendered":"http:\/\/www.multicasa.com.br\/cuiaba\/?post_type=product&#038;p=11351"},"modified":"2025-12-16T19:36:36","modified_gmt":"2025-12-16T23:36:36","slug":"suporte-gancho-multiuso-aluminio-bemfixa-8x12cm","status":"publish","type":"product","link":"https:\/\/www.multicasa.com.br\/cuiaba\/produto\/suporte-gancho-multiuso-aluminio-bemfixa-8x12cm\/","title":{"rendered":"Suporte Gancho Multiuso Alum\u00ednio Bemfixa 8x12cm<br>SKU: 4311213"},"content":{"rendered":"<p>O Suporte Gancho Multiuso Bemfixa \u00e9 fabricado em alum\u00ednio e perfeito para organizar sua casa. Com aproximadamente 8 X 12 cm suporta carga de 38 kg, proporcionando resist\u00eancia e praticidade.<\/p>\n","protected":false},"excerpt":{"rendered":"<h4 style=\"margin: 0px;padding: 0px 0px 16px;font-family: Lato, sans-serif;font-weight: bold;line-height: 3rem;color: var(--dark-grey3);font-size: 22px;font-style: normal;letter-spacing: normal;text-align: start;text-indent: 0px;text-transform: none\">Informa\u00e7\u00f5es t\u00e9cnicas<\/h4>\n<p><span style=\"margin: 0px;padding: 0px;font-weight: 450;font-size: 14px;line-height: 21px;color: var(--dark-grey2);font-family: Lato, sans-serif;font-style: normal;letter-spacing: normal;text-align: start;text-indent: 0px;text-transform: none\">Produto: Suporte Gancho Multiuso<br \/>\nMarca: Bemfixa<br \/>\nMaterial: Alum\u00ednio<br \/>\nCor: Prata<br \/>\nCaracter\u00edsticas: Suporta at\u00e9 38Kg<br \/>\nItens inclusos: 1 Suporte Gancho Multiuso<br \/>\nDimens\u00f5es do produto (A X L ): 8 x 12cm<br \/>\n<\/span><\/p>\n","protected":false},"featured_media":26009,"template":"","meta":{"_joinchat":[]},"product_brand":[],"product_cat":[146],"product_tag":[],"class_list":{"0":"post-11351","1":"product","2":"type-product","3":"status-publish","4":"has-post-thumbnail","6":"product_cat-prateleiras-e-cia","8":"first","9":"instock","10":"shipping-taxable","11":"purchasable","12":"product-type-simple"},"_links":{"self":[{"href":"https:\/\/www.multicasa.com.br\/cuiaba\/wp-json\/wp\/v2\/product\/11351","targetHints":{"allow":["GET"]}}],"collection":[{"href":"https:\/\/www.multicasa.com.br\/cuiaba\/wp-json\/wp\/v2\/product"}],"about":[{"href":"https:\/\/www.multicasa.com.br\/cuiaba\/wp-json\/wp\/v2\/types\/product"}],"wp:featuredmedia":[{"embeddable":true,"href":"https:\/\/www.multicasa.com.br\/cuiaba\/wp-json\/wp\/v2\/media\/26009"}],"wp:attachment":[{"href":"https:\/\/www.multicasa.com.br\/cuiaba\/wp-json\/wp\/v2\/media?parent=11351"}],"wp:term":[{"taxonomy":"product_brand","embeddable":true,"href":"https:\/\/www.multicasa.com.br\/cuiaba\/wp-json\/wp\/v2\/product_brand?post=11351"},{"taxonomy":"product_cat","embeddable":true,"href":"https:\/\/www.multicasa.com.br\/cuiaba\/wp-json\/wp\/v2\/product_cat?post=11351"},{"taxonomy":"product_tag","embeddable":true,"href":"https:\/\/www.multicasa.com.br\/cuiaba\/wp-json\/wp\/v2\/product_tag?post=11351"}],"curies":[{"name":"wp","href":"https:\/\/api.w.org\/{rel}","templated":true}]}}