{"id":11634,"date":"2025-06-20T18:09:11","date_gmt":"2025-06-20T22:09:11","guid":{"rendered":"http:\/\/www.multicasa.com.br\/cuiaba\/?post_type=product&#038;p=11634"},"modified":"2026-03-31T10:51:00","modified_gmt":"2026-03-31T14:51:00","slug":"uniao-soldavel-marrom-25mm-tigre","status":"publish","type":"product","link":"https:\/\/www.multicasa.com.br\/cuiaba\/produto\/uniao-soldavel-marrom-25mm-tigre\/","title":{"rendered":"Uni\u00e3o Sold\u00e1vel Marrom 25mm Tigre<br>SKU: 809411"},"content":{"rendered":"<p>Uni\u00e3o Sold\u00e1vel Marrom Tigre, produzida em PVC para condu\u00e7\u00e3o de \u00e1gua fria para projetos residenciais, comerciais e industriais. Com bitola de 1\/2 e 25 cm de comprimento, possui flexibilidade para ajustar as diferen\u00e7as de alinhamento entre vaso e parede, acompanhado de espude que garante a perfeita veda\u00e7\u00e3o entre vaso sanit\u00e1rio e o tubo de liga\u00e7\u00e3o.<\/p>\n","protected":false},"excerpt":{"rendered":"<h4 style=\"margin: 0px;padding: 0px 0px 16px;font-family: Lato, sans-serif;font-weight: bold;line-height: 3rem;color: var(--dark-grey3);font-size: 22px;font-style: normal;letter-spacing: normal;text-align: start;text-indent: 0px;text-transform: none\">Informa\u00e7\u00f5es t\u00e9cnicas<\/h4>\n<p><span style=\"margin: 0px;padding: 0px;font-weight: 450;font-size: 14px;line-height: 21px;color: var(--dark-grey2);font-family: Lato, sans-serif;font-style: normal;letter-spacing: normal;text-align: start;text-indent: 0px;text-transform: none\">Produto: Uni\u00e3o Sold\u00e1vel<br \/>\nMarca: Tigre<br \/>\nMaterial: PVC<br \/>\nCor: Marrom<br \/>\nCaracter\u00edsticas: Flex\u00edvel<br \/>\nCom espude<br \/>\nPara instala\u00e7\u00f5es de uso de \u00e1gua fria<br \/>\nItens inclusos: 1 Uni\u00e3o Sold\u00e1vel<br \/>\nDi\u00e2metro do produto: 1 1\/2 (25mm)<br \/>\nDimens\u00f5es do produto (C): 25cm<br \/>\n<\/span><\/p>\n","protected":false},"featured_media":11683,"template":"","meta":{"_joinchat":[]},"product_brand":[],"product_cat":[73],"product_tag":[],"class_list":{"0":"post-11634","1":"product","2":"type-product","3":"status-publish","4":"has-post-thumbnail","6":"product_cat-tubos-e-conexoes","8":"first","9":"instock","10":"shipping-taxable","11":"purchasable","12":"product-type-simple"},"_links":{"self":[{"href":"https:\/\/www.multicasa.com.br\/cuiaba\/wp-json\/wp\/v2\/product\/11634","targetHints":{"allow":["GET"]}}],"collection":[{"href":"https:\/\/www.multicasa.com.br\/cuiaba\/wp-json\/wp\/v2\/product"}],"about":[{"href":"https:\/\/www.multicasa.com.br\/cuiaba\/wp-json\/wp\/v2\/types\/product"}],"wp:featuredmedia":[{"embeddable":true,"href":"https:\/\/www.multicasa.com.br\/cuiaba\/wp-json\/wp\/v2\/media\/11683"}],"wp:attachment":[{"href":"https:\/\/www.multicasa.com.br\/cuiaba\/wp-json\/wp\/v2\/media?parent=11634"}],"wp:term":[{"taxonomy":"product_brand","embeddable":true,"href":"https:\/\/www.multicasa.com.br\/cuiaba\/wp-json\/wp\/v2\/product_brand?post=11634"},{"taxonomy":"product_cat","embeddable":true,"href":"https:\/\/www.multicasa.com.br\/cuiaba\/wp-json\/wp\/v2\/product_cat?post=11634"},{"taxonomy":"product_tag","embeddable":true,"href":"https:\/\/www.multicasa.com.br\/cuiaba\/wp-json\/wp\/v2\/product_tag?post=11634"}],"curies":[{"name":"wp","href":"https:\/\/api.w.org\/{rel}","templated":true}]}}