{"id":11641,"date":"2025-06-20T18:09:11","date_gmt":"2025-06-20T22:09:11","guid":{"rendered":"http:\/\/www.multicasa.com.br\/cuiaba\/?post_type=product&#038;p=11641"},"modified":"2026-01-10T06:40:10","modified_gmt":"2026-01-10T10:40:10","slug":"cabo-de-aco-plastificado-galvanizado-vonder-24mmx1m","status":"publish","type":"product","link":"https:\/\/www.multicasa.com.br\/cuiaba\/produto\/cabo-de-aco-plastificado-galvanizado-vonder-24mmx1m\/","title":{"rendered":"Cabo de A\u00e7o Plastificado Galvanizado Vonder 2,4mmx1m<br>SKU: 892718"},"content":{"rendered":"<p>Com \u00f3tima resist\u00eancia e abras\u00e3o, o cabo de a\u00e7o plastificado Vonder possui acabamento galvanizado, alma de fibra e resist\u00eancia \u00e0 corros\u00e3o. Ideal para para ser utilizado em diversos servi\u00e7os do dia-a-dia, tem 2,4mm de di\u00e2metro e mede 1 m.<\/p>\n","protected":false},"excerpt":{"rendered":"<h4 style=\"margin: 0px;padding: 0px 0px 16px;font-family: Lato, sans-serif;font-weight: bold;line-height: 3rem;color: var(--dark-grey3);font-size: 22px;font-style: normal;letter-spacing: normal;text-align: start;text-indent: 0px;text-transform: none\">Informa\u00e7\u00f5es t\u00e9cnicas<\/h4>\n<p><span style=\"margin: 0px;padding: 0px;font-weight: 450;font-size: 14px;line-height: 21px;color: var(--dark-grey2);font-family: Lato, sans-serif;font-style: normal;letter-spacing: normal;text-align: start;text-indent: 0px;text-transform: none\">Produto: Cabo de a\u00e7o<br \/>\nMarca: Vonder<br \/>\nMaterial: A\u00e7o plastificado<br \/>\nAcabamento: Galvanizado<br \/>\nCor: Prata<br \/>\nCaracter\u00edsticas: Constru\u00e7\u00e3o 6&#215;7<br \/>\nResist\u00eancia<br \/>\nCertificado pelas portarias n\u00ba 176 de 16 06 2009, n\u00ba 209 de 10 07 2009, n\u00ba 181 de 11 04 2013<br \/>\nAlma fibra<br \/>\nItens inclusos: Cabo de a\u00e7o<br \/>\nDi\u00e2metro: 3\/32? (2,38mm)<br \/>\nDimens\u00f5es do produto (C): 1m<br \/>\n<\/span><\/p>\n","protected":false},"featured_media":11694,"template":"","meta":{"_joinchat":[]},"product_brand":[],"product_cat":[95],"product_tag":[],"class_list":{"0":"post-11641","1":"product","2":"type-product","3":"status-publish","4":"has-post-thumbnail","6":"product_cat-lavanderia","8":"first","9":"instock","10":"shipping-taxable","11":"purchasable","12":"product-type-simple"},"_links":{"self":[{"href":"https:\/\/www.multicasa.com.br\/cuiaba\/wp-json\/wp\/v2\/product\/11641","targetHints":{"allow":["GET"]}}],"collection":[{"href":"https:\/\/www.multicasa.com.br\/cuiaba\/wp-json\/wp\/v2\/product"}],"about":[{"href":"https:\/\/www.multicasa.com.br\/cuiaba\/wp-json\/wp\/v2\/types\/product"}],"wp:featuredmedia":[{"embeddable":true,"href":"https:\/\/www.multicasa.com.br\/cuiaba\/wp-json\/wp\/v2\/media\/11694"}],"wp:attachment":[{"href":"https:\/\/www.multicasa.com.br\/cuiaba\/wp-json\/wp\/v2\/media?parent=11641"}],"wp:term":[{"taxonomy":"product_brand","embeddable":true,"href":"https:\/\/www.multicasa.com.br\/cuiaba\/wp-json\/wp\/v2\/product_brand?post=11641"},{"taxonomy":"product_cat","embeddable":true,"href":"https:\/\/www.multicasa.com.br\/cuiaba\/wp-json\/wp\/v2\/product_cat?post=11641"},{"taxonomy":"product_tag","embeddable":true,"href":"https:\/\/www.multicasa.com.br\/cuiaba\/wp-json\/wp\/v2\/product_tag?post=11641"}],"curies":[{"name":"wp","href":"https:\/\/api.w.org\/{rel}","templated":true}]}}