{"id":11642,"date":"2025-06-20T18:09:12","date_gmt":"2025-06-20T22:09:12","guid":{"rendered":"http:\/\/www.multicasa.com.br\/cuiaba\/?post_type=product&#038;p=11642"},"modified":"2026-03-17T08:50:17","modified_gmt":"2026-03-17T12:50:17","slug":"dobradica-reta-baixa-para-moveis-bemfixa-35mm","status":"publish","type":"product","link":"https:\/\/www.multicasa.com.br\/cuiaba\/produto\/dobradica-reta-baixa-para-moveis-bemfixa-35mm\/","title":{"rendered":"Dobradi\u00e7a Reta\/Baixa para M\u00f3veis Bemfixa 35mm<br>SKU: 923214"},"content":{"rendered":"<p>Com movimenta\u00e7\u00e3o em 95\u00b0, a dobradi\u00e7a reta\/baixa Bemfixa \u00e9 feita de a\u00e7o com acabamento zincado. Sua abertura de encaixe mede 35 mm e a pe\u00e7a inteira tem dimens\u00f5es de 10 x 5,5cm, medidas ideais para que a dobradi\u00e7a seja utilizada para substitui\u00e7\u00e3o em m\u00f3veis.<\/p>\n","protected":false},"excerpt":{"rendered":"<h4 style=\"margin: 0px;padding: 0px 0px 16px;font-family: Lato, sans-serif;font-weight: bold;line-height: 3rem;color: var(--dark-grey3);font-size: 22px;font-style: normal;letter-spacing: normal;text-align: start;text-indent: 0px;text-transform: none\">Informa\u00e7\u00f5es t\u00e9cnicas<\/h4>\n<p><span style=\"margin: 0px;padding: 0px;font-weight: 450;font-size: 14px;line-height: 21px;color: var(--dark-grey2);font-family: Lato, sans-serif;font-style: normal;letter-spacing: normal;text-align: start;text-indent: 0px;text-transform: none\">Produto: Dobradi\u00e7a Reta\/Baixa<br \/>\nMarca: Bemfixa<br \/>\nMaterial: A\u00e7o<br \/>\nAcabamento: Zincado<br \/>\nCor: Prata<br \/>\nCaracter\u00edsticas: Baixa abertura 95<br \/>\nPossui 35mm<br \/>\nQuantidade de pe\u00e7as: 5<br \/>\nitens inclusos: 1 Dobradi\u00e7a Reta\/Baixa<br \/>\n4 parafusos<br \/>\nDimens\u00f5es do produto (L X P): 10 x 5,5cm<br \/>\n<\/span><\/p>\n","protected":false},"featured_media":11695,"template":"","meta":{"_joinchat":[]},"product_brand":[],"product_cat":[141],"product_tag":[],"class_list":{"0":"post-11642","1":"product","2":"type-product","3":"status-publish","4":"has-post-thumbnail","6":"product_cat-marcenaria","8":"first","9":"instock","10":"shipping-taxable","11":"purchasable","12":"product-type-simple"},"_links":{"self":[{"href":"https:\/\/www.multicasa.com.br\/cuiaba\/wp-json\/wp\/v2\/product\/11642","targetHints":{"allow":["GET"]}}],"collection":[{"href":"https:\/\/www.multicasa.com.br\/cuiaba\/wp-json\/wp\/v2\/product"}],"about":[{"href":"https:\/\/www.multicasa.com.br\/cuiaba\/wp-json\/wp\/v2\/types\/product"}],"wp:featuredmedia":[{"embeddable":true,"href":"https:\/\/www.multicasa.com.br\/cuiaba\/wp-json\/wp\/v2\/media\/11695"}],"wp:attachment":[{"href":"https:\/\/www.multicasa.com.br\/cuiaba\/wp-json\/wp\/v2\/media?parent=11642"}],"wp:term":[{"taxonomy":"product_brand","embeddable":true,"href":"https:\/\/www.multicasa.com.br\/cuiaba\/wp-json\/wp\/v2\/product_brand?post=11642"},{"taxonomy":"product_cat","embeddable":true,"href":"https:\/\/www.multicasa.com.br\/cuiaba\/wp-json\/wp\/v2\/product_cat?post=11642"},{"taxonomy":"product_tag","embeddable":true,"href":"https:\/\/www.multicasa.com.br\/cuiaba\/wp-json\/wp\/v2\/product_tag?post=11642"}],"curies":[{"name":"wp","href":"https:\/\/api.w.org\/{rel}","templated":true}]}}