{"id":11666,"date":"2025-06-20T18:09:33","date_gmt":"2025-06-20T22:09:33","guid":{"rendered":"http:\/\/www.multicasa.com.br\/cuiaba\/?post_type=product&#038;p=11666"},"modified":"2026-04-07T11:51:10","modified_gmt":"2026-04-07T15:51:10","slug":"bateria-para-telefone-sem-fio-fx-70u-flex-600mah-2-4v","status":"publish","type":"product","link":"https:\/\/www.multicasa.com.br\/cuiaba\/produto\/bateria-para-telefone-sem-fio-fx-70u-flex-600mah-2-4v\/","title":{"rendered":"Bateria para Telefone sem Fio FX-70U Flex 600mAh &#8211; 2.4V<br>SKU: 1004529"},"content":{"rendered":"<p>A Bateria para Telefone sem Fio FX-70U Flex com plug universal pode ser utilizada em qualquer aparelho que tenha por padr\u00e3o baterias com as mesmas caracter\u00edsticas t\u00e9cnicas como voltagem, amperagem e tamanho da bateria. N\u00e3o \u00e9 necess\u00e1rio se preocupar com o formato do conector. A bateria \u00e9 do tipo 69 e possui 2 c\u00e9lulas AAA com 2.4v e amperagem de 600mAh.<\/p>\n","protected":false},"excerpt":{"rendered":"<h4 style=\"margin: 0px;padding: 0px 0px 16px;font-family: Lato, sans-serif;font-weight: bold;line-height: 3rem;color: var(--dark-grey3);font-size: 22px;font-style: normal;letter-spacing: normal;text-align: start;text-indent: 0px;text-transform: none\">Informa\u00e7\u00f5es t\u00e9cnicas<\/h4>\n<p><span style=\"margin: 0px;padding: 0px;font-weight: 450;font-size: 14px;line-height: 21px;color: var(--dark-grey2);font-family: Lato, sans-serif;font-style: normal;letter-spacing: normal;text-align: start;text-indent: 0px;text-transform: none\">Produto: Bateria<br \/>\nTipo: Recarreg\u00e1vel<br \/>\nMarca: Flex<br \/>\nModelo: FX-70U<br \/>\nTamanho: 2 c\u00e9lulas AA<br \/>\nAmperagem: 600 mah<br \/>\nVoltagem: 2,4v<br \/>\nCaracter\u00edsticas: NI-CD<br \/>\nTipo 69<br \/>\nPlug universal<br \/>\nItens inclusos: 1 bateria<\/span><\/p>\n","protected":false},"featured_media":11716,"template":"","meta":{"_joinchat":[]},"product_brand":[],"product_cat":[151],"product_tag":[],"class_list":{"0":"post-11666","1":"product","2":"type-product","3":"status-publish","4":"has-post-thumbnail","6":"product_cat-pilhas","8":"first","9":"instock","10":"shipping-taxable","11":"purchasable","12":"product-type-simple"},"_links":{"self":[{"href":"https:\/\/www.multicasa.com.br\/cuiaba\/wp-json\/wp\/v2\/product\/11666","targetHints":{"allow":["GET"]}}],"collection":[{"href":"https:\/\/www.multicasa.com.br\/cuiaba\/wp-json\/wp\/v2\/product"}],"about":[{"href":"https:\/\/www.multicasa.com.br\/cuiaba\/wp-json\/wp\/v2\/types\/product"}],"wp:featuredmedia":[{"embeddable":true,"href":"https:\/\/www.multicasa.com.br\/cuiaba\/wp-json\/wp\/v2\/media\/11716"}],"wp:attachment":[{"href":"https:\/\/www.multicasa.com.br\/cuiaba\/wp-json\/wp\/v2\/media?parent=11666"}],"wp:term":[{"taxonomy":"product_brand","embeddable":true,"href":"https:\/\/www.multicasa.com.br\/cuiaba\/wp-json\/wp\/v2\/product_brand?post=11666"},{"taxonomy":"product_cat","embeddable":true,"href":"https:\/\/www.multicasa.com.br\/cuiaba\/wp-json\/wp\/v2\/product_cat?post=11666"},{"taxonomy":"product_tag","embeddable":true,"href":"https:\/\/www.multicasa.com.br\/cuiaba\/wp-json\/wp\/v2\/product_tag?post=11666"}],"curies":[{"name":"wp","href":"https:\/\/api.w.org\/{rel}","templated":true}]}}