{"id":11708,"date":"2025-06-20T18:09:58","date_gmt":"2025-06-20T22:09:58","guid":{"rendered":"http:\/\/www.multicasa.com.br\/cuiaba\/?post_type=product&#038;p=11708"},"modified":"2026-03-25T13:51:21","modified_gmt":"2026-03-25T17:51:21","slug":"sifao-sanfonado-extensivo-para-maquina-de-lavar-cinza-blukit","status":"publish","type":"product","link":"https:\/\/www.multicasa.com.br\/cuiaba\/produto\/sifao-sanfonado-extensivo-para-maquina-de-lavar-cinza-blukit\/","title":{"rendered":"Sif\u00e3o Sanfonado Extensivo para M\u00e1quina de Lavar Cinza Blukit<br>SKU: 1123114"},"content":{"rendered":"<p>O Sif\u00e3o Sanfonado Extensivo Cinza Blukit \u00e9 produzido em pl\u00e1stico de engenharia para escoamento de \u00e1guas em m\u00e1quina de lavar roupas ou m\u00e1quinas de lavar lou\u00e7as. Suporta temperaturas extremas de at\u00e9 90\u00b0. O ambiente, livre de maus odores.<\/p>\n","protected":false},"excerpt":{"rendered":"<h4 style=\"margin: 0px;padding: 0px 0px 16px;font-family: Lato, sans-serif;font-weight: bold;line-height: 3rem;color: var(--dark-grey3);font-size: 22px;font-style: normal;letter-spacing: normal;text-align: start;text-indent: 0px;text-transform: none\">Informa\u00e7\u00f5es t\u00e9cnicas<\/h4>\n<p><span style=\"margin: 0px;padding: 0px;font-weight: 450;font-size: 14px;line-height: 21px;color: var(--dark-grey2);font-family: Lato, sans-serif;font-style: normal;letter-spacing: normal;text-align: start;text-indent: 0px;text-transform: none\">Produto: Sif\u00e3o M\u00e1quina de lavar<br \/>\nMarca: Blukit<br \/>\nMaterial: Pl\u00e1stico de engenharia<br \/>\nCor: Grafite<br \/>\nCaracter\u00edsticas: Sanfonado<br \/>\nTemperatura m\u00e1xima de 90\u00b0C<br \/>\nItens Inclusos: 1 Sif\u00e3o M\u00e1quina de lavar<br \/>\nDimens\u00f5es do produto (A X L X P x C): 54 x 10 x 3,2 x 220cm<\/span><\/p>\n","protected":false},"featured_media":11759,"template":"","meta":{"_joinchat":[]},"product_brand":[],"product_cat":[74],"product_tag":[],"class_list":{"0":"post-11708","1":"product","2":"type-product","3":"status-publish","4":"has-post-thumbnail","6":"product_cat-reparos-hidraulicos","8":"first","9":"instock","10":"shipping-taxable","11":"purchasable","12":"product-type-simple"},"_links":{"self":[{"href":"https:\/\/www.multicasa.com.br\/cuiaba\/wp-json\/wp\/v2\/product\/11708","targetHints":{"allow":["GET"]}}],"collection":[{"href":"https:\/\/www.multicasa.com.br\/cuiaba\/wp-json\/wp\/v2\/product"}],"about":[{"href":"https:\/\/www.multicasa.com.br\/cuiaba\/wp-json\/wp\/v2\/types\/product"}],"wp:featuredmedia":[{"embeddable":true,"href":"https:\/\/www.multicasa.com.br\/cuiaba\/wp-json\/wp\/v2\/media\/11759"}],"wp:attachment":[{"href":"https:\/\/www.multicasa.com.br\/cuiaba\/wp-json\/wp\/v2\/media?parent=11708"}],"wp:term":[{"taxonomy":"product_brand","embeddable":true,"href":"https:\/\/www.multicasa.com.br\/cuiaba\/wp-json\/wp\/v2\/product_brand?post=11708"},{"taxonomy":"product_cat","embeddable":true,"href":"https:\/\/www.multicasa.com.br\/cuiaba\/wp-json\/wp\/v2\/product_cat?post=11708"},{"taxonomy":"product_tag","embeddable":true,"href":"https:\/\/www.multicasa.com.br\/cuiaba\/wp-json\/wp\/v2\/product_tag?post=11708"}],"curies":[{"name":"wp","href":"https:\/\/api.w.org\/{rel}","templated":true}]}}