{"id":11734,"date":"2025-06-20T18:10:19","date_gmt":"2025-06-20T22:10:19","guid":{"rendered":"http:\/\/www.multicasa.com.br\/cuiaba\/?post_type=product&#038;p=11734"},"modified":"2026-03-12T12:11:32","modified_gmt":"2026-03-12T16:11:32","slug":"balde-de-plastico-incolor-sanremo-85l","status":"publish","type":"product","link":"https:\/\/www.multicasa.com.br\/cuiaba\/produto\/balde-de-plastico-incolor-sanremo-85l\/","title":{"rendered":"Balde de Pl\u00e1stico Incolor Sanremo 8,5L<br>SKU: 1634216"},"content":{"rendered":"<p>O Balde de Pl\u00e1stico da Sanremo foi desenvolvido para te auxiliar nas tarefas de limpeza do dia-a-dia. Ergon\u00f4mico, possui al\u00e7a larga e pegadores nas cavidades para facilitar o transporte e manuseio quando cheio. Conta com escala medidora para o controle da quantidade de \u00e1gua e produtos e bico direcionador para evitar molhar o ch\u00e3o na hora de esvazi\u00e1-lo. Incolor, tem capacidade m\u00e1xima de 8,5 litros e \u00e9 confeccionado em material super-resistente para durar por muito mais tempo.<\/p>\n","protected":false},"excerpt":{"rendered":"<h4 style=\"margin: 0px;padding: 0px 0px 16px;font-family: Lato, sans-serif;font-weight: bold;line-height: 3rem;color: var(--dark-grey3);font-size: 22px;font-style: normal;letter-spacing: normal;text-align: start;text-indent: 0px;text-transform: none\">Informa\u00e7\u00f5es t\u00e9cnicas<\/h4>\n<p><span style=\"margin: 0px;padding: 0px;font-weight: 450;font-size: 14px;line-height: 21px;color: var(--dark-grey2);font-family: Lato, sans-serif;font-style: normal;letter-spacing: normal;text-align: start;text-indent: 0px;text-transform: none\">Produto: Balde<br \/>\nMarca: Sanremo<br \/>\nMaterial: Pl\u00e1stico<br \/>\nCor: incolor<br \/>\nCapacidade: 8,5L<br \/>\nItens Inclusos: Balde<br \/>\nDimens\u00f5es do produto (A x L x P): 26,9 x 29,6 x 26,5cm<\/span><\/p>\n","protected":false},"featured_media":11790,"template":"","meta":{"_joinchat":[]},"product_brand":[],"product_cat":[96],"product_tag":[],"class_list":{"0":"post-11734","1":"product","2":"type-product","3":"status-publish","4":"has-post-thumbnail","6":"product_cat-limpeza-e-cia","8":"first","9":"instock","10":"shipping-taxable","11":"purchasable","12":"product-type-simple"},"_links":{"self":[{"href":"https:\/\/www.multicasa.com.br\/cuiaba\/wp-json\/wp\/v2\/product\/11734","targetHints":{"allow":["GET"]}}],"collection":[{"href":"https:\/\/www.multicasa.com.br\/cuiaba\/wp-json\/wp\/v2\/product"}],"about":[{"href":"https:\/\/www.multicasa.com.br\/cuiaba\/wp-json\/wp\/v2\/types\/product"}],"wp:featuredmedia":[{"embeddable":true,"href":"https:\/\/www.multicasa.com.br\/cuiaba\/wp-json\/wp\/v2\/media\/11790"}],"wp:attachment":[{"href":"https:\/\/www.multicasa.com.br\/cuiaba\/wp-json\/wp\/v2\/media?parent=11734"}],"wp:term":[{"taxonomy":"product_brand","embeddable":true,"href":"https:\/\/www.multicasa.com.br\/cuiaba\/wp-json\/wp\/v2\/product_brand?post=11734"},{"taxonomy":"product_cat","embeddable":true,"href":"https:\/\/www.multicasa.com.br\/cuiaba\/wp-json\/wp\/v2\/product_cat?post=11734"},{"taxonomy":"product_tag","embeddable":true,"href":"https:\/\/www.multicasa.com.br\/cuiaba\/wp-json\/wp\/v2\/product_tag?post=11734"}],"curies":[{"name":"wp","href":"https:\/\/api.w.org\/{rel}","templated":true}]}}