{"id":11840,"date":"2025-06-20T18:11:33","date_gmt":"2025-06-20T22:11:33","guid":{"rendered":"http:\/\/www.multicasa.com.br\/cuiaba\/?post_type=product&#038;p=11840"},"modified":"2026-04-20T18:00:38","modified_gmt":"2026-04-20T22:00:38","slug":"conjunto-2pt-1-tomada-liz-branco-tramontina-4x2-20a","status":"publish","type":"product","link":"https:\/\/www.multicasa.com.br\/cuiaba\/produto\/conjunto-2pt-1-tomada-liz-branco-tramontina-4x2-20a\/","title":{"rendered":"Conjunto 2P+T 1 Tomada Liz Branco Tramontina 4&#215;2 &#8211; 20A<br>SKU: 3235297"},"content":{"rendered":"<p>Conjunto 2P+T com 1 Tomada Liz na cor Branco Tramontina 4&#215;2 &#8211; 20A fabricada em termopl\u00e1stico, a tampa possui acabamento brilhante que n\u00e3o ret\u00e9m poeira, unindo qualidade e praticidade. O sistema \u00e9 modular, com gradual ajuste entre placa e suporte, proporcionando perfeito acabamento da placa com a parede. Possui furo oblongo para facilitar a fixa\u00e7\u00e3o e a regulagem da placa \u00e0 parede, al\u00e9m disso, h\u00e1 furos para a fixa\u00e7\u00e3o em parede de madeira. Acompanha suporte e parafusos para a instala\u00e7\u00e3o.<\/p>\n","protected":false},"excerpt":{"rendered":"<h4 style=\"margin: 0px;padding: 0px 0px 16px;font-family: Lato, sans-serif;font-weight: bold;line-height: 3rem;color: var(--dark-grey3);font-size: 22px;font-style: normal;letter-spacing: normal;text-align: start;text-indent: 0px;text-transform: none\">Informa\u00e7\u00f5es t\u00e9cnicas<\/h4>\n<p><span style=\"margin: 0px;padding: 0px;font-weight: 450;font-size: 14px;line-height: 21px;color: var(--dark-grey2);font-family: Lato, sans-serif;font-style: normal;letter-spacing: normal;text-align: start;text-indent: 0px;text-transform: none\">Marca: Tramontina<br \/>\nMaterial: Pl\u00e1stico Abs Termopl\u00e1stico<br \/>\nAcabamento: Brilhoso<br \/>\nCor: Branco<br \/>\nCaracter\u00edsticas: 4&#215;2<br \/>\nTomada 2P+T<br \/>\nCorrente de 20a<br \/>\nTens\u00e3o de 250v<br \/>\nAcompanha parafusos<br \/>\nItens inclusos: 1 Conjunto de Sobrepor<br \/>\nDimens\u00f5es do produto (A X L X P): 12,5 x 8,5 x 4cm<br \/>\nDimens\u00f5es em polegadas: 4 x 2&#8221;<br \/>\n<\/span><\/p>\n","protected":false},"featured_media":11895,"template":"","meta":{"_joinchat":[]},"product_brand":[],"product_cat":[144],"product_tag":[],"class_list":{"0":"post-11840","1":"product","2":"type-product","3":"status-publish","4":"has-post-thumbnail","6":"product_cat-tomadas-e-cia","8":"first","9":"instock","10":"shipping-taxable","11":"purchasable","12":"product-type-simple"},"_links":{"self":[{"href":"https:\/\/www.multicasa.com.br\/cuiaba\/wp-json\/wp\/v2\/product\/11840","targetHints":{"allow":["GET"]}}],"collection":[{"href":"https:\/\/www.multicasa.com.br\/cuiaba\/wp-json\/wp\/v2\/product"}],"about":[{"href":"https:\/\/www.multicasa.com.br\/cuiaba\/wp-json\/wp\/v2\/types\/product"}],"wp:featuredmedia":[{"embeddable":true,"href":"https:\/\/www.multicasa.com.br\/cuiaba\/wp-json\/wp\/v2\/media\/11895"}],"wp:attachment":[{"href":"https:\/\/www.multicasa.com.br\/cuiaba\/wp-json\/wp\/v2\/media?parent=11840"}],"wp:term":[{"taxonomy":"product_brand","embeddable":true,"href":"https:\/\/www.multicasa.com.br\/cuiaba\/wp-json\/wp\/v2\/product_brand?post=11840"},{"taxonomy":"product_cat","embeddable":true,"href":"https:\/\/www.multicasa.com.br\/cuiaba\/wp-json\/wp\/v2\/product_cat?post=11840"},{"taxonomy":"product_tag","embeddable":true,"href":"https:\/\/www.multicasa.com.br\/cuiaba\/wp-json\/wp\/v2\/product_tag?post=11840"}],"curies":[{"name":"wp","href":"https:\/\/api.w.org\/{rel}","templated":true}]}}