{"id":11864,"date":"2025-06-20T18:11:56","date_gmt":"2025-06-20T22:11:56","guid":{"rendered":"http:\/\/www.multicasa.com.br\/cuiaba\/?post_type=product&#038;p=11864"},"modified":"2026-01-19T10:48:18","modified_gmt":"2026-01-19T14:48:18","slug":"te-de-pvc-soldavel-marrom-tigre-50mm","status":"publish","type":"product","link":"https:\/\/www.multicasa.com.br\/cuiaba\/produto\/te-de-pvc-soldavel-marrom-tigre-50mm\/","title":{"rendered":"T\u00ea de PVC Sold\u00e1vel Marrom Tigre 50mm<br>SKU: 751413"},"content":{"rendered":"<p>De pr\u00e1tica instala\u00e7\u00e3o, o T\u00ea de PVC Sold\u00e1vel Tigre tem f\u00e1cil manuseio e possui deriva\u00e7\u00f5es de redes sold\u00e1veis na mesma bitola. Com Bitola de 50mm ? 1 1\/2??, atura temperatura m\u00e1xima de trabalho de 20\u00b0C. Dispon\u00edvel na cor marrom, atende a norma NBR5648.<\/p>\n","protected":false},"excerpt":{"rendered":"<h4 style=\"margin: 0px;padding: 0px 0px 16px;font-family: Lato, sans-serif;font-weight: bold;line-height: 3rem;color: var(--dark-grey3);font-size: 22px;font-style: normal;letter-spacing: normal;text-align: start;text-indent: 0px;text-transform: none\">Informa\u00e7\u00f5es t\u00e9cnicas<\/h4>\n<p><span style=\"margin: 0px;padding: 0px;font-weight: 450;font-size: 14px;line-height: 21px;color: var(--dark-grey2);font-family: Lato, sans-serif;font-style: normal;letter-spacing: normal;text-align: start;text-indent: 0px;text-transform: none\">Produto: T\u00ea Sold\u00e1vel<br \/>\nMarca: Tigre<br \/>\nMaterial: PVC<br \/>\nCor: Marrom<br \/>\nCaracter\u00edsticas: Deriva\u00e7\u00f5es para redes sold\u00e1veis na mesma bitola<br \/>\nTemperatura M\u00e1xima de trabalho de 20\u00b0C<br \/>\nItens inclusos: 1 t\u00ea sold\u00e1vel<br \/>\nDimens\u00e3o do Produto (L x P): 50mm &#8211; 1 1\/2&#8221;<br \/>\n<\/span><\/p>\n","protected":false},"featured_media":26045,"template":"","meta":{"_joinchat":[]},"product_brand":[],"product_cat":[73],"product_tag":[],"class_list":{"0":"post-11864","1":"product","2":"type-product","3":"status-publish","4":"has-post-thumbnail","6":"product_cat-tubos-e-conexoes","8":"first","9":"instock","10":"shipping-taxable","11":"purchasable","12":"product-type-simple"},"_links":{"self":[{"href":"https:\/\/www.multicasa.com.br\/cuiaba\/wp-json\/wp\/v2\/product\/11864","targetHints":{"allow":["GET"]}}],"collection":[{"href":"https:\/\/www.multicasa.com.br\/cuiaba\/wp-json\/wp\/v2\/product"}],"about":[{"href":"https:\/\/www.multicasa.com.br\/cuiaba\/wp-json\/wp\/v2\/types\/product"}],"wp:featuredmedia":[{"embeddable":true,"href":"https:\/\/www.multicasa.com.br\/cuiaba\/wp-json\/wp\/v2\/media\/26045"}],"wp:attachment":[{"href":"https:\/\/www.multicasa.com.br\/cuiaba\/wp-json\/wp\/v2\/media?parent=11864"}],"wp:term":[{"taxonomy":"product_brand","embeddable":true,"href":"https:\/\/www.multicasa.com.br\/cuiaba\/wp-json\/wp\/v2\/product_brand?post=11864"},{"taxonomy":"product_cat","embeddable":true,"href":"https:\/\/www.multicasa.com.br\/cuiaba\/wp-json\/wp\/v2\/product_cat?post=11864"},{"taxonomy":"product_tag","embeddable":true,"href":"https:\/\/www.multicasa.com.br\/cuiaba\/wp-json\/wp\/v2\/product_tag?post=11864"}],"curies":[{"name":"wp","href":"https:\/\/api.w.org\/{rel}","templated":true}]}}