{"id":11866,"date":"2025-06-20T18:11:56","date_gmt":"2025-06-20T22:11:56","guid":{"rendered":"http:\/\/www.multicasa.com.br\/cuiaba\/?post_type=product&#038;p=11866"},"modified":"2026-04-15T09:30:12","modified_gmt":"2026-04-15T13:30:12","slug":"ducha-higienica-com-registro-de-inox-flexivel-blukit-12m","status":"publish","type":"product","link":"https:\/\/www.multicasa.com.br\/cuiaba\/produto\/ducha-higienica-com-registro-de-inox-flexivel-blukit-12m\/","title":{"rendered":"Ducha Higi\u00eanica com Registro de Inox Flex\u00edvel Blukit 1,2m<br>SKU: 2059280"},"content":{"rendered":"<p>Use a Ducha Higi\u00eanica com registro flex\u00edvel Blukit para garantir conforto e higiene no dia-a-dia. Ideal para o banheiro, a ducha acompanha um registro com volante C-25 em pl\u00e1stico abs, suporte tipo gancho com bucha e parafusos vedantes. Op\u00e7\u00e3o ideal para facilitar a higiene das \u00e1reas \u00edntimas, a ducha higi\u00eanica Blukit tem design pr\u00e1tico e funcional, compacto e com controle da vaz\u00e3o da \u00e1gua, servindo tanto para \u00e1gua fria quanto quente com temperatura m\u00e1xima de 60\u00b0C.<\/p>\n","protected":false},"excerpt":{"rendered":"<h4 style=\"margin: 0px;padding: 0px 0px 16px;font-family: Lato, sans-serif;font-weight: bold;line-height: 3rem;color: var(--dark-grey3);font-size: 22px;font-style: normal;letter-spacing: normal;text-align: start;text-indent: 0px;text-transform: none\">Informa\u00e7\u00f5es t\u00e9cnicas<\/h4>\n<p><span style=\"margin: 0px;padding: 0px;font-weight: 450;font-size: 14px;line-height: 21px;color: var(--dark-grey2);font-family: Lato, sans-serif;font-style: normal;letter-spacing: normal;text-align: start;text-indent: 0px;text-transform: none\">Produto: Ducha higi\u00eanica<br \/>\nMarca: Blukit<br \/>\nMaterial: liga de cobre; pl\u00e1sticos de engenharia; elast\u00f4meros e a\u00e7o inoxid\u00e1vel AISI 304<br \/>\nCor: Prata<br \/>\nCaracter\u00edsticas: Flex\u00edvel; Possui registro; Passagem interna: 6mm; Press\u00e3o m\u00e1xima: 40 m.c.a;Temperatura m\u00e1xima: 60\u00b0C; Tubo interno EPDM; Rosca: 1\/2&#8243;&#8221;<br \/>\nItens inclusos: 1 Ducha higi\u00eanica<br \/>\nDimens\u00f5es do produto (L): Mangueira &#8211; 1,2m<\/span><\/p>\n","protected":false},"featured_media":11899,"template":"","meta":{"_joinchat":[]},"product_brand":[],"product_cat":[67],"product_tag":[],"class_list":{"0":"post-11866","1":"product","2":"type-product","3":"status-publish","4":"has-post-thumbnail","6":"product_cat-torneiras-e-cia","8":"first","9":"instock","10":"sale","11":"shipping-taxable","12":"purchasable","13":"product-type-simple"},"_links":{"self":[{"href":"https:\/\/www.multicasa.com.br\/cuiaba\/wp-json\/wp\/v2\/product\/11866","targetHints":{"allow":["GET"]}}],"collection":[{"href":"https:\/\/www.multicasa.com.br\/cuiaba\/wp-json\/wp\/v2\/product"}],"about":[{"href":"https:\/\/www.multicasa.com.br\/cuiaba\/wp-json\/wp\/v2\/types\/product"}],"wp:featuredmedia":[{"embeddable":true,"href":"https:\/\/www.multicasa.com.br\/cuiaba\/wp-json\/wp\/v2\/media\/11899"}],"wp:attachment":[{"href":"https:\/\/www.multicasa.com.br\/cuiaba\/wp-json\/wp\/v2\/media?parent=11866"}],"wp:term":[{"taxonomy":"product_brand","embeddable":true,"href":"https:\/\/www.multicasa.com.br\/cuiaba\/wp-json\/wp\/v2\/product_brand?post=11866"},{"taxonomy":"product_cat","embeddable":true,"href":"https:\/\/www.multicasa.com.br\/cuiaba\/wp-json\/wp\/v2\/product_cat?post=11866"},{"taxonomy":"product_tag","embeddable":true,"href":"https:\/\/www.multicasa.com.br\/cuiaba\/wp-json\/wp\/v2\/product_tag?post=11866"}],"curies":[{"name":"wp","href":"https:\/\/api.w.org\/{rel}","templated":true}]}}