{"id":11880,"date":"2025-06-20T18:11:58","date_gmt":"2025-06-20T22:11:58","guid":{"rendered":"http:\/\/www.multicasa.com.br\/cuiaba\/?post_type=product&#038;p=11880"},"modified":"2026-03-21T09:00:13","modified_gmt":"2026-03-21T13:00:13","slug":"cabo-flexivel-1kv-16mm-1m-azul-corfio","status":"publish","type":"product","link":"https:\/\/www.multicasa.com.br\/cuiaba\/produto\/cabo-flexivel-1kv-16mm-1m-azul-corfio\/","title":{"rendered":"Cabo Flex\u00edvel 1Kv 16Mm 1M Azul Corfio<br>SKU: 1002904"},"content":{"rendered":"<p>\u00c9 recomendado para instala\u00e7\u00f5es em pr\u00e9dios residenciais, comerciais, industriais e subesta\u00e7\u00f5es. Indicado para aplica\u00e7\u00f5es fixas que exigem maior prote\u00e7\u00e3o mec\u00e2nica do material isolante, incluindo boa resist\u00eancia a ambientes \u00famidos. Fabricado em fios de cobre nu, t\u00eampera mole e encordoamento classe 4 ou 5 de acordo com a ABNT NBR NM 280.<\/p>\n","protected":false},"excerpt":{"rendered":"<h4 style=\"margin: 0px;padding: 0px 0px 16px;font-family: Lato, sans-serif;font-weight: bold;line-height: 3rem;color: var(--dark-grey3);font-size: 22px;font-style: normal;letter-spacing: normal;text-align: start;text-indent: 0px;text-transform: none\">Informa\u00e7\u00f5es t\u00e9cnicas<\/h4>\n<p><span style=\"margin: 0px;padding: 0px;font-weight: 450;font-size: 14px;line-height: 21px;color: var(--dark-grey2);font-family: Lato, sans-serif;font-style: normal;letter-spacing: normal;text-align: start;text-indent: 0px;text-transform: none\">Produto: CABO FLEX\u00cdVEL 1KV 16MM 1M<br \/>\nMarca: Corfio<br \/>\nMaterial: fios de cobre nu, t\u00eampera mole e encordoamento classe 4 ou 5 de acordo com a ABNT NBR NM 280.<br \/>\nCor: Azul<br \/>\nCaracter\u00edsticas: utilizado para quadros de entrada de energia el\u00e9trica. Dimens\u00f5es: 16mm<\/span><\/p>\n","protected":false},"featured_media":24797,"template":"","meta":{"_joinchat":[]},"product_brand":[],"product_cat":[121],"product_tag":[],"class_list":{"0":"post-11880","1":"product","2":"type-product","3":"status-publish","4":"has-post-thumbnail","6":"product_cat-fios-e-cabo","8":"first","9":"instock","10":"shipping-taxable","11":"purchasable","12":"product-type-simple"},"_links":{"self":[{"href":"https:\/\/www.multicasa.com.br\/cuiaba\/wp-json\/wp\/v2\/product\/11880","targetHints":{"allow":["GET"]}}],"collection":[{"href":"https:\/\/www.multicasa.com.br\/cuiaba\/wp-json\/wp\/v2\/product"}],"about":[{"href":"https:\/\/www.multicasa.com.br\/cuiaba\/wp-json\/wp\/v2\/types\/product"}],"wp:featuredmedia":[{"embeddable":true,"href":"https:\/\/www.multicasa.com.br\/cuiaba\/wp-json\/wp\/v2\/media\/24797"}],"wp:attachment":[{"href":"https:\/\/www.multicasa.com.br\/cuiaba\/wp-json\/wp\/v2\/media?parent=11880"}],"wp:term":[{"taxonomy":"product_brand","embeddable":true,"href":"https:\/\/www.multicasa.com.br\/cuiaba\/wp-json\/wp\/v2\/product_brand?post=11880"},{"taxonomy":"product_cat","embeddable":true,"href":"https:\/\/www.multicasa.com.br\/cuiaba\/wp-json\/wp\/v2\/product_cat?post=11880"},{"taxonomy":"product_tag","embeddable":true,"href":"https:\/\/www.multicasa.com.br\/cuiaba\/wp-json\/wp\/v2\/product_tag?post=11880"}],"curies":[{"name":"wp","href":"https:\/\/api.w.org\/{rel}","templated":true}]}}