{"id":11902,"date":"2025-06-20T18:12:19","date_gmt":"2025-06-20T22:12:19","guid":{"rendered":"http:\/\/www.multicasa.com.br\/cuiaba\/?post_type=product&#038;p=11902"},"modified":"2026-04-06T15:50:26","modified_gmt":"2026-04-06T19:50:26","slug":"miolo-liz-rj45-cat-6-grafite-tramontina","status":"publish","type":"product","link":"https:\/\/www.multicasa.com.br\/cuiaba\/produto\/miolo-liz-rj45-cat-6-grafite-tramontina\/","title":{"rendered":"MIOLO LIZ RJ45 CAT 6 GRAFITE TRAMONTINA<br>SKU: 2040820"},"content":{"rendered":"<p>O M\u00f3dulo para Tomada para Transmiss\u00e3o de Dados RJ45 cat. 6 Tramontina Grafite \u00e9 uma pe\u00e7a vers\u00e1til que garante toda a qualidade dos produtos Tramontina. Produzido em termopl\u00e1stico com acabamento brilho, ele n\u00e3o ret\u00e9m poeira. Al\u00e9m disso, \u00e9 um m\u00f3dulo largo na cor grafite, que pode ser substitu\u00eddo pelo m\u00f3dulo da cor branca, tamb\u00e9m dispon\u00edvel para uso, garantindo um visual diferente sempre que voc\u00ea quiser. Garantindo versatilidade e um visual diferenciado ao seu gosto, ele pode ser utilizado nas linhas Liz, Lux\u00b2, Giz, Tablet, Lizflex, Plastibox e conduletes Tramontina com tampa sistema modular.<\/p>\n","protected":false},"excerpt":{"rendered":"<h4 style=\"margin: 0px;padding: 0px 0px 16px;font-family: Lato, sans-serif;font-weight: bold;line-height: 3rem;color: var(--dark-grey3);font-size: 22px;font-style: normal;letter-spacing: normal;text-align: start;text-indent: 0px;text-transform: none\">Informa\u00e7\u00f5es t\u00e9cnicas<\/h4>\n<p><span style=\"margin: 0px;padding: 0px;font-weight: 450;font-size: 14px;line-height: 21px;color: var(--dark-grey2);font-family: Lato, sans-serif;font-style: normal;letter-spacing: normal;text-align: start;text-indent: 0px;text-transform: none\">Utilizar nas linhas Liz, Lux\u00b2, Giz, Tablet, Lizflex, Plastibox e conduletes Tramontina com tampa sistema modular.<\/span><\/p>\n","protected":false},"featured_media":25587,"template":"","meta":{"_joinchat":[]},"product_brand":[],"product_cat":[144],"product_tag":[],"class_list":{"0":"post-11902","1":"product","2":"type-product","3":"status-publish","4":"has-post-thumbnail","6":"product_cat-tomadas-e-cia","8":"first","9":"instock","10":"shipping-taxable","11":"purchasable","12":"product-type-simple"},"_links":{"self":[{"href":"https:\/\/www.multicasa.com.br\/cuiaba\/wp-json\/wp\/v2\/product\/11902","targetHints":{"allow":["GET"]}}],"collection":[{"href":"https:\/\/www.multicasa.com.br\/cuiaba\/wp-json\/wp\/v2\/product"}],"about":[{"href":"https:\/\/www.multicasa.com.br\/cuiaba\/wp-json\/wp\/v2\/types\/product"}],"wp:featuredmedia":[{"embeddable":true,"href":"https:\/\/www.multicasa.com.br\/cuiaba\/wp-json\/wp\/v2\/media\/25587"}],"wp:attachment":[{"href":"https:\/\/www.multicasa.com.br\/cuiaba\/wp-json\/wp\/v2\/media?parent=11902"}],"wp:term":[{"taxonomy":"product_brand","embeddable":true,"href":"https:\/\/www.multicasa.com.br\/cuiaba\/wp-json\/wp\/v2\/product_brand?post=11902"},{"taxonomy":"product_cat","embeddable":true,"href":"https:\/\/www.multicasa.com.br\/cuiaba\/wp-json\/wp\/v2\/product_cat?post=11902"},{"taxonomy":"product_tag","embeddable":true,"href":"https:\/\/www.multicasa.com.br\/cuiaba\/wp-json\/wp\/v2\/product_tag?post=11902"}],"curies":[{"name":"wp","href":"https:\/\/api.w.org\/{rel}","templated":true}]}}