{"id":11903,"date":"2025-06-20T18:12:19","date_gmt":"2025-06-20T22:12:19","guid":{"rendered":"http:\/\/www.multicasa.com.br\/cuiaba\/?post_type=product&#038;p=11903"},"modified":"2025-08-18T01:09:24","modified_gmt":"2025-08-18T05:09:24","slug":"tubo-cpvc-super-22mm-3m-amanco","status":"publish","type":"product","link":"https:\/\/www.multicasa.com.br\/cuiaba\/produto\/tubo-cpvc-super-22mm-3m-amanco\/","title":{"rendered":"Tubo Cpvc Super 22Mm 3M Amanco<br>SKU: 2044682"},"content":{"rendered":"<p>O Amanco Super CPVC \u00e9 um sistema de tubos e conex\u00f5es para a condu\u00e7\u00e3o de \u00e1gua quente e fria cuja uni\u00e3o \u00e9 feita por solda fria, os tubos e conex\u00f5es s\u00e3o produzidos a partir do composto FlowGuard\u00ae, resultando em um produto final com resist\u00eancia superior ao CPVC convencional. A linha Super CPVC \u00e9 utilizada em instala\u00e7\u00f5es prediais residenciais e comerciais de \u00e1gua pot\u00e1vel pressurizada quente e fria.<\/p>\n","protected":false},"excerpt":{"rendered":"<h4 style=\"margin: 0px;padding: 0px 0px 16px;font-family: Lato, sans-serif;font-weight: bold;line-height: 3rem;color: var(--dark-grey3);font-size: 22px;font-style: normal;letter-spacing: normal;text-align: start;text-indent: 0px;text-transform: none\">Informa\u00e7\u00f5es t\u00e9cnicas<\/h4>\n<p><span style=\"margin: 0px;padding: 0px;font-weight: 450;font-size: 14px;line-height: 21px;color: var(--dark-grey2);font-family: Lato, sans-serif;font-style: normal;letter-spacing: normal;text-align: start;text-indent: 0px;text-transform: none\">Produto: TUBO CPVC SUPER 22MM 3M<br \/>\nMarca: AMANCO<br \/>\nMaterial: CPVC (Policloreto de Vinila Clorado).<br \/>\nCor: Bege com faixa vermelha.<br \/>\nCaracter\u00edsticas:<br \/>\n-Fabricado em CPVC (Policloreto de Vinila Clorado) FlowGuard\u00ae;<br \/>\n-Di\u00e2metros nominais: 15, 22, 28, 35, 42, 54, 73, 89 e 114 mm;<br \/>\n-Fornecidos em barras de 3 metros (ponta-ponta);<br \/>\n-Temperatura m\u00e1xima de projeto: 82\u00b0C;<br \/>\n-Temperatura m\u00e1xima de opera\u00e7\u00e3o: 90\u00b0C.<br \/>\nVantagens:<br \/>\n-Desempenho Elevado: Melhor comportamento contra golpes de ar\u00edete (sobre press\u00e3o) e impactos;<br \/>\n-Material at\u00f3xico: Proporciona maior seguran\u00e7a para os usu\u00e1rios;<br \/>\n-Livre de corros\u00e3o: Tem alta resist\u00eancia qu\u00edmica, proporcionando durabilidade. Elimina o risco de trocas e vazamentos devido a oxida\u00e7\u00e3o;<br \/>\n-Sem incrusta\u00e7\u00f5es: Por ter paredes internas extremamente lisas e n\u00e3o conduzir energia el\u00e9trica, proporciona que ao longo do tempo a instala\u00e7\u00e3o fique sem incrusta\u00e7\u00f5es e sem redu\u00e7\u00e3o do di\u00e2metro da tubula\u00e7\u00e3o;<br \/>\n-Mais Resist\u00eancia: Suporta press\u00e3o de servi\u00e7o de 8,6 Bar (86 mca) conduzindo \u00e1gua a 82\u00b0C e de 28 Bar (280 mca) conduzindo \u00e1gua a 20\u00b0C;<br \/>\n-Junta Simples: A uni\u00e3o de tubos e conex\u00f5es \u00e9 feito por junta sold\u00e1vel a frio com Adesivo Pl\u00e1stico CPVC.<br \/>\nDimens\u00f5es:<br \/>\nDi\u00e2metros nominais: 22.<\/span><\/p>\n","protected":false},"featured_media":26170,"template":"","meta":{"_joinchat":[]},"product_brand":[],"product_cat":[73],"product_tag":[],"class_list":{"0":"post-11903","1":"product","2":"type-product","3":"status-publish","4":"has-post-thumbnail","6":"product_cat-tubos-e-conexoes","8":"first","9":"instock","10":"shipping-taxable","11":"purchasable","12":"product-type-simple"},"_links":{"self":[{"href":"https:\/\/www.multicasa.com.br\/cuiaba\/wp-json\/wp\/v2\/product\/11903","targetHints":{"allow":["GET"]}}],"collection":[{"href":"https:\/\/www.multicasa.com.br\/cuiaba\/wp-json\/wp\/v2\/product"}],"about":[{"href":"https:\/\/www.multicasa.com.br\/cuiaba\/wp-json\/wp\/v2\/types\/product"}],"wp:featuredmedia":[{"embeddable":true,"href":"https:\/\/www.multicasa.com.br\/cuiaba\/wp-json\/wp\/v2\/media\/26170"}],"wp:attachment":[{"href":"https:\/\/www.multicasa.com.br\/cuiaba\/wp-json\/wp\/v2\/media?parent=11903"}],"wp:term":[{"taxonomy":"product_brand","embeddable":true,"href":"https:\/\/www.multicasa.com.br\/cuiaba\/wp-json\/wp\/v2\/product_brand?post=11903"},{"taxonomy":"product_cat","embeddable":true,"href":"https:\/\/www.multicasa.com.br\/cuiaba\/wp-json\/wp\/v2\/product_cat?post=11903"},{"taxonomy":"product_tag","embeddable":true,"href":"https:\/\/www.multicasa.com.br\/cuiaba\/wp-json\/wp\/v2\/product_tag?post=11903"}],"curies":[{"name":"wp","href":"https:\/\/api.w.org\/{rel}","templated":true}]}}