{"id":11915,"date":"2025-06-20T18:12:20","date_gmt":"2025-06-20T22:12:20","guid":{"rendered":"http:\/\/www.multicasa.com.br\/cuiaba\/?post_type=product&#038;p=11915"},"modified":"2026-03-31T10:51:07","modified_gmt":"2026-03-31T14:51:07","slug":"cabo-rigi-1kv-10mm-1m-az-corfio","status":"publish","type":"product","link":"https:\/\/www.multicasa.com.br\/cuiaba\/produto\/cabo-rigi-1kv-10mm-1m-az-corfio\/","title":{"rendered":"Cabo Rigi.1Kv 10Mm 1M Az Corfio<br>SKU: 2054019"},"content":{"rendered":"<p>O cabo flex\u00edvel 1KV 10mm \u00e9 condutor recomendado para instala\u00e7\u00f5es em pr\u00e9dios residenciais, comerciais, industriais e subesta\u00e7\u00f5es. Indicado para aplica\u00e7\u00f5es fixas que exigem maior prote\u00e7\u00e3o mec\u00e2nica do material isolante, incluindo boa resist\u00eancia a ambientes \u00famidos.<\/p>\n","protected":false},"excerpt":{"rendered":"<h4 style=\"margin: 0px;padding: 0px 0px 16px;font-family: Lato, sans-serif;font-weight: bold;line-height: 3rem;color: var(--dark-grey3);font-size: 22px;font-style: normal;letter-spacing: normal;text-align: start;text-indent: 0px;text-transform: none\">Informa\u00e7\u00f5es t\u00e9cnicas<\/h4>\n<p><span style=\"margin: 0px;padding: 0px;font-weight: 450;font-size: 14px;line-height: 21px;color: var(--dark-grey2);font-family: Lato, sans-serif;font-style: normal;letter-spacing: normal;text-align: start;text-indent: 0px;text-transform: none\">Produto: CABO RIGI.1KV 10MM 1M<br \/>\nMarca: Corfio<br \/>\nMaterial: borracha etilenopropileno<br \/>\nCor: Azul<br \/>\nCaracter\u00edsticas:<br \/>\n90\u00b0C em regime permanente;<br \/>\n130\u00b0C em regime de sobrecarga;<br \/>\n250\u00b0C em regime de curto-circuito.<br \/>\nDimens\u00f5es: 10mm<\/span><\/p>\n","protected":false},"featured_media":24824,"template":"","meta":{"_joinchat":[]},"product_brand":[],"product_cat":[121],"product_tag":[],"class_list":{"0":"post-11915","1":"product","2":"type-product","3":"status-publish","4":"has-post-thumbnail","6":"product_cat-fios-e-cabo","8":"first","9":"instock","10":"shipping-taxable","11":"purchasable","12":"product-type-simple"},"_links":{"self":[{"href":"https:\/\/www.multicasa.com.br\/cuiaba\/wp-json\/wp\/v2\/product\/11915","targetHints":{"allow":["GET"]}}],"collection":[{"href":"https:\/\/www.multicasa.com.br\/cuiaba\/wp-json\/wp\/v2\/product"}],"about":[{"href":"https:\/\/www.multicasa.com.br\/cuiaba\/wp-json\/wp\/v2\/types\/product"}],"wp:featuredmedia":[{"embeddable":true,"href":"https:\/\/www.multicasa.com.br\/cuiaba\/wp-json\/wp\/v2\/media\/24824"}],"wp:attachment":[{"href":"https:\/\/www.multicasa.com.br\/cuiaba\/wp-json\/wp\/v2\/media?parent=11915"}],"wp:term":[{"taxonomy":"product_brand","embeddable":true,"href":"https:\/\/www.multicasa.com.br\/cuiaba\/wp-json\/wp\/v2\/product_brand?post=11915"},{"taxonomy":"product_cat","embeddable":true,"href":"https:\/\/www.multicasa.com.br\/cuiaba\/wp-json\/wp\/v2\/product_cat?post=11915"},{"taxonomy":"product_tag","embeddable":true,"href":"https:\/\/www.multicasa.com.br\/cuiaba\/wp-json\/wp\/v2\/product_tag?post=11915"}],"curies":[{"name":"wp","href":"https:\/\/api.w.org\/{rel}","templated":true}]}}