{"id":11940,"date":"2025-06-20T18:12:42","date_gmt":"2025-06-20T22:12:42","guid":{"rendered":"http:\/\/www.multicasa.com.br\/cuiaba\/?post_type=product&#038;p=11940"},"modified":"2025-11-06T15:44:02","modified_gmt":"2025-11-06T19:44:02","slug":"torneira-cozinha-parede-flexivel-lorenzetti","status":"publish","type":"product","link":"https:\/\/www.multicasa.com.br\/cuiaba\/produto\/torneira-cozinha-parede-flexivel-lorenzetti\/","title":{"rendered":"Torneira Cozinha\/Parede Flexivel Lorenzetti<br>SKU: 2078519"},"content":{"rendered":"<p>Precisa de uma torneira que alie praticidade e custo benef\u00edcio? Ent\u00e3o, esse \u00e9 o modelo perfeito para voc\u00ea! A Torneira para Parede de Cozinha Bica Alta Cromada e Preto  combina sofistica\u00e7\u00e3o, durabilidade e, claro, qualidade. De f\u00e1cil instala\u00e7\u00e3o e manuten\u00e7\u00e3o, \u00e9 ideal para locais onde se t\u00eam muitos objetos para combinar, como \u00e9 o caso da cozinha.<\/p>\n","protected":false},"excerpt":{"rendered":"<h4 style=\"margin: 0px;padding: 0px 0px 16px;font-family: Lato, sans-serif;font-weight: bold;line-height: 3rem;color: var(--dark-grey3);font-size: 22px;font-style: normal;letter-spacing: normal;text-align: start;text-indent: 0px;text-transform: none\">Informa\u00e7\u00f5es t\u00e9cnicas<\/h4>\n<p><span style=\"margin: 0px;padding: 0px;font-weight: 450;font-size: 14px;line-height: 21px;color: var(--dark-grey2);font-family: Lato, sans-serif;font-style: normal;letter-spacing: normal;text-align: start;text-indent: 0px;text-transform: none\">Produto: ARGAMASSA PORC.IN\/EX.20KG CZ<br \/>\nMarca: Lorenzetti<br \/>\nMaterial: metal e pl\u00e1stico.<br \/>\nCor: Preto e Cromada<br \/>\nCaracter\u00edsticas:<br \/>\n-1\/4 de volta: Rapidez no acionamento e fechamento que proporciona economia de \u00e1gua.<br \/>\nDimens\u00f5es<br \/>\nAltura:\t36 cm<br \/>\nLargura: 20 cm<br \/>\nProfundidade: 10 cm<\/span><\/p>\n","protected":false},"featured_media":26124,"template":"","meta":{"_joinchat":[]},"product_brand":[],"product_cat":[67],"product_tag":[],"class_list":{"0":"post-11940","1":"product","2":"type-product","3":"status-publish","4":"has-post-thumbnail","6":"product_cat-torneiras-e-cia","8":"first","9":"instock","10":"shipping-taxable","11":"purchasable","12":"product-type-simple"},"_links":{"self":[{"href":"https:\/\/www.multicasa.com.br\/cuiaba\/wp-json\/wp\/v2\/product\/11940","targetHints":{"allow":["GET"]}}],"collection":[{"href":"https:\/\/www.multicasa.com.br\/cuiaba\/wp-json\/wp\/v2\/product"}],"about":[{"href":"https:\/\/www.multicasa.com.br\/cuiaba\/wp-json\/wp\/v2\/types\/product"}],"wp:featuredmedia":[{"embeddable":true,"href":"https:\/\/www.multicasa.com.br\/cuiaba\/wp-json\/wp\/v2\/media\/26124"}],"wp:attachment":[{"href":"https:\/\/www.multicasa.com.br\/cuiaba\/wp-json\/wp\/v2\/media?parent=11940"}],"wp:term":[{"taxonomy":"product_brand","embeddable":true,"href":"https:\/\/www.multicasa.com.br\/cuiaba\/wp-json\/wp\/v2\/product_brand?post=11940"},{"taxonomy":"product_cat","embeddable":true,"href":"https:\/\/www.multicasa.com.br\/cuiaba\/wp-json\/wp\/v2\/product_cat?post=11940"},{"taxonomy":"product_tag","embeddable":true,"href":"https:\/\/www.multicasa.com.br\/cuiaba\/wp-json\/wp\/v2\/product_tag?post=11940"}],"curies":[{"name":"wp","href":"https:\/\/api.w.org\/{rel}","templated":true}]}}