{"id":11942,"date":"2025-06-20T18:12:42","date_gmt":"2025-06-20T22:12:42","guid":{"rendered":"http:\/\/www.multicasa.com.br\/cuiaba\/?post_type=product&#038;p=11942"},"modified":"2025-08-17T23:35:39","modified_gmt":"2025-08-18T03:35:39","slug":"lampada-led-bulbo-15w-bivolt-6-5k-led","status":"publish","type":"product","link":"https:\/\/www.multicasa.com.br\/cuiaba\/produto\/lampada-led-bulbo-15w-bivolt-6-5k-led\/","title":{"rendered":"Lampada Led Bulbo 15W Bivolt 6.5K Led<br>SKU: 2078927"},"content":{"rendered":"<p>L\u00e2mpada BULBO LED, desenvolvida e indicada para retrofit e substitui\u00e7\u00e3o de l\u00e2mpadas com tecnologia de baixa efici\u00eancia luminosa. Indicada para aplica\u00e7\u00e3o em ambientes diversos para ilumina\u00e7\u00e3o geral.<\/p>\n","protected":false},"excerpt":{"rendered":"<h4 style=\"margin: 0px;padding: 0px 0px 16px;font-family: Lato, sans-serif;font-weight: bold;line-height: 3rem;color: var(--dark-grey3);font-size: 22px;font-style: normal;letter-spacing: normal;text-align: start;text-indent: 0px;text-transform: none\">Informa\u00e7\u00f5es t\u00e9cnicas<\/h4>\n<p><span style=\"margin: 0px;padding: 0px;font-weight: 450;font-size: 14px;line-height: 21px;color: var(--dark-grey2);font-family: Lato, sans-serif;font-style: normal;letter-spacing: normal;text-align: start;text-indent: 0px;text-transform: none\">Produto: LAMPADA LED BULBO 15W BIV.6.5K<br \/>\nMarca: led<br \/>\nMaterial: Pl\u00e1stico<br \/>\nCor: Branco<br \/>\nCaracter\u00edsticas:<br \/>\n-Garantia contra defeitos de fabrica\u00e7\u00e3o 3 ano, vida \u00fatil<br \/>\n25.000 Horas, IRC \u00edndice de reprod. de cor &gt;80, Tens\u00e3o 127-220Vca Bivolt.<br \/>\n-Pot\u00eancia fluxo Luminoso: 1311ml<br \/>\n-Temperatura de cor: 6500k.<br \/>\nDimens\u00f5es<br \/>\n\u00d865 x 135<\/span><\/p>\n","protected":false},"featured_media":25447,"template":"","meta":{"_joinchat":[]},"product_brand":[],"product_cat":[80],"product_tag":[],"class_list":{"0":"post-11942","1":"product","2":"type-product","3":"status-publish","4":"has-post-thumbnail","6":"product_cat-lampadas","8":"first","9":"instock","10":"shipping-taxable","11":"purchasable","12":"product-type-simple"},"_links":{"self":[{"href":"https:\/\/www.multicasa.com.br\/cuiaba\/wp-json\/wp\/v2\/product\/11942","targetHints":{"allow":["GET"]}}],"collection":[{"href":"https:\/\/www.multicasa.com.br\/cuiaba\/wp-json\/wp\/v2\/product"}],"about":[{"href":"https:\/\/www.multicasa.com.br\/cuiaba\/wp-json\/wp\/v2\/types\/product"}],"wp:featuredmedia":[{"embeddable":true,"href":"https:\/\/www.multicasa.com.br\/cuiaba\/wp-json\/wp\/v2\/media\/25447"}],"wp:attachment":[{"href":"https:\/\/www.multicasa.com.br\/cuiaba\/wp-json\/wp\/v2\/media?parent=11942"}],"wp:term":[{"taxonomy":"product_brand","embeddable":true,"href":"https:\/\/www.multicasa.com.br\/cuiaba\/wp-json\/wp\/v2\/product_brand?post=11942"},{"taxonomy":"product_cat","embeddable":true,"href":"https:\/\/www.multicasa.com.br\/cuiaba\/wp-json\/wp\/v2\/product_cat?post=11942"},{"taxonomy":"product_tag","embeddable":true,"href":"https:\/\/www.multicasa.com.br\/cuiaba\/wp-json\/wp\/v2\/product_tag?post=11942"}],"curies":[{"name":"wp","href":"https:\/\/api.w.org\/{rel}","templated":true}]}}