{"id":11968,"date":"2025-06-20T18:12:55","date_gmt":"2025-06-20T22:12:55","guid":{"rendered":"http:\/\/www.multicasa.com.br\/cuiaba\/?post_type=product&#038;p=11968"},"modified":"2026-03-02T11:00:47","modified_gmt":"2026-03-02T15:00:47","slug":"trilho-de-aco-2m-dicarlo","status":"publish","type":"product","link":"https:\/\/www.multicasa.com.br\/cuiaba\/produto\/trilho-de-aco-2m-dicarlo\/","title":{"rendered":"Trilho De A\u00e7o 2M Dicarlo<br>SKU: 2086097"},"content":{"rendered":"<p>O trilho de a\u00e7o da Dicarlo \u00e9 uma excelente alternativa para quem procura versatilidade. Afinal, por serem modulares, permitem que a altura da prateleira seja alterada de acordo com a necessidade.<\/p>\n","protected":false},"excerpt":{"rendered":"<h4 style=\"margin: 0px;padding: 0px 0px 16px;font-family: Lato, sans-serif;font-weight: bold;line-height: 3rem;color: var(--dark-grey3);font-size: 22px;font-style: normal;letter-spacing: normal;text-align: start;text-indent: 0px;text-transform: none\">Informa\u00e7\u00f5es t\u00e9cnicas<\/h4>\n<p><span style=\"margin: 0px;padding: 0px;font-weight: 450;font-size: 14px;line-height: 21px;color: var(--dark-grey2);font-family: Lato, sans-serif;font-style: normal;letter-spacing: normal;text-align: start;text-indent: 0px;text-transform: none\">Produto:<br \/>\nMarca: Dicarlo<br \/>\nMaterial: A\u00e7o carbono<br \/>\nCor: Branco<br \/>\nCaracter\u00edsticas:<br \/>\n-Suporta at\u00e9 150 kg<br \/>\n-90 dias de garantia<br \/>\n-Peso: 0,785 kg<br \/>\nDimens\u00f5es<br \/>\n2 x 1,2 x 200 cm <\/span><\/p>\n","protected":false},"featured_media":26164,"template":"","meta":{"_joinchat":[]},"product_brand":[],"product_cat":[146],"product_tag":[],"class_list":{"0":"post-11968","1":"product","2":"type-product","3":"status-publish","4":"has-post-thumbnail","6":"product_cat-prateleiras-e-cia","8":"first","9":"instock","10":"shipping-taxable","11":"purchasable","12":"product-type-simple"},"_links":{"self":[{"href":"https:\/\/www.multicasa.com.br\/cuiaba\/wp-json\/wp\/v2\/product\/11968","targetHints":{"allow":["GET"]}}],"collection":[{"href":"https:\/\/www.multicasa.com.br\/cuiaba\/wp-json\/wp\/v2\/product"}],"about":[{"href":"https:\/\/www.multicasa.com.br\/cuiaba\/wp-json\/wp\/v2\/types\/product"}],"wp:featuredmedia":[{"embeddable":true,"href":"https:\/\/www.multicasa.com.br\/cuiaba\/wp-json\/wp\/v2\/media\/26164"}],"wp:attachment":[{"href":"https:\/\/www.multicasa.com.br\/cuiaba\/wp-json\/wp\/v2\/media?parent=11968"}],"wp:term":[{"taxonomy":"product_brand","embeddable":true,"href":"https:\/\/www.multicasa.com.br\/cuiaba\/wp-json\/wp\/v2\/product_brand?post=11968"},{"taxonomy":"product_cat","embeddable":true,"href":"https:\/\/www.multicasa.com.br\/cuiaba\/wp-json\/wp\/v2\/product_cat?post=11968"},{"taxonomy":"product_tag","embeddable":true,"href":"https:\/\/www.multicasa.com.br\/cuiaba\/wp-json\/wp\/v2\/product_tag?post=11968"}],"curies":[{"name":"wp","href":"https:\/\/api.w.org\/{rel}","templated":true}]}}